{"id":1089,"date":"2018-09-18T20:00:33","date_gmt":"2018-09-18T18:00:33","guid":{"rendered":"http:\/\/www.doktorjanuszek.pl\/?page_id=1089"},"modified":"2018-10-19T08:35:58","modified_gmt":"2018-10-19T06:35:58","slug":"nos","status":"publish","type":"page","link":"https:\/\/www.doktorjanuszek.pl\/en\/nos\/","title":{"rendered":"Nos"},"content":{"rendered":"<div data-elementor-type=\"wp-post\" data-elementor-id=\"1089\" class=\"elementor elementor-1089 elementor-bc-flex-widget\" data-elementor-settings=\"[]\">\n\t\t\t<div class=\"elementor-inner\">\n\t\t\t\t<div class=\"elementor-section-wrap\">\n\t\t\t\t\t\t\t<section class=\"elementor-element elementor-element-07987c0 elementor-section-boxed elementor-section-height-default elementor-section-height-default elementor-section elementor-top-section\" data-id=\"07987c0\" data-element_type=\"section\">\n\t\t\t\t\t\t<div class=\"elementor-container elementor-column-gap-default\">\n\t\t\t\t<div class=\"elementor-row\">\n\t\t\t\t<div class=\"elementor-element elementor-element-30c6b31 elementor-column elementor-col-100 elementor-top-column\" data-id=\"30c6b31\" data-element_type=\"column\">\n\t\t\t<div class=\"elementor-column-wrap  elementor-element-populated\">\n\t\t\t\t\t<div class=\"elementor-widget-wrap\">\n\t\t\t\t<div class=\"elementor-element elementor-element-af7148b elementor-widget elementor-widget-heading\" data-id=\"af7148b\" data-element_type=\"widget\" data-widget_type=\"heading.default\">\n\t\t\t\t<div class=\"elementor-widget-container\">\n\t\t\t<h2 class=\"elementor-heading-title elementor-size-default\">Nos<\/h2>\t\t<\/div>\n\t\t\t\t<\/div>\n\t\t\t\t<div class=\"elementor-element elementor-element-387f048 elementor-widget elementor-widget-divider\" data-id=\"387f048\" data-element_type=\"widget\" data-widget_type=\"divider.default\">\n\t\t\t\t<div class=\"elementor-widget-container\">\n\t\t\t\t\t<div class=\"elementor-divider\">\n\t\t\t<span class=\"elementor-divider-separator\">\n\t\t\t\t\t\t<\/span>\n\t\t<\/div>\n\t\t\t\t<\/div>\n\t\t\t\t<\/div>\n\t\t\t\t\t\t<\/div>\n\t\t\t<\/div>\n\t\t<\/div>\n\t\t\t\t\t\t<\/div>\n\t\t\t<\/div>\n\t\t<\/section>\n\t\t\t\t<section class=\"elementor-element elementor-element-8db9691 elementor-section-boxed elementor-section-height-default elementor-section-height-default elementor-section elementor-top-section\" data-id=\"8db9691\" data-element_type=\"section\">\n\t\t\t\t\t\t<div class=\"elementor-container elementor-column-gap-default\">\n\t\t\t\t<div class=\"elementor-row\">\n\t\t\t\t<div class=\"elementor-element elementor-element-03b3603 elementor-column elementor-col-100 elementor-top-column\" data-id=\"03b3603\" data-element_type=\"column\">\n\t\t\t<div class=\"elementor-column-wrap  elementor-element-populated\">\n\t\t\t\t\t<div class=\"elementor-widget-wrap\">\n\t\t\t\t<div class=\"elementor-element elementor-element-34bf568 elementor-widget elementor-widget-text-editor\" data-id=\"34bf568\" data-element_type=\"widget\" data-widget_type=\"text-editor.default\">\n\t\t\t\t<div class=\"elementor-widget-container\">\n\t\t\t\t\t<div class=\"elementor-text-editor elementor-clearfix\"><p>Czas trwania: ok. 3 godziny, w znieczuleniu og\u00f3lnym \u2013 dotchawiczym.<\/p><p>Operacja polega na zmianie kszta\u0142tu nosa i jest jedn\u0105 z trudniejszych w chirurgii plastycznej, poniewa\u017c wymaga zmiany szkieletu nosa, kt\u00f3ry sk\u0142ada si\u0119 z cz\u0119\u015bci kostnej i chrz\u0119stnej. Aby to wykona\u0107 nale\u017cy wcze\u015bniej ods\u0142oni\u0107 szkielet nosa, kt\u00f3ry pokryty jest delikatnymi tkankami, takimi jak: sk\u00f3ra oraz b\u0142ona \u015bluzowa. O ko\u0144cowym efekcie estetycznym decyduje wiele czynnik\u00f3w, jak na przyk\u0142ad spos\u00f3b gojenia si\u0119 tkanek czy formowanie blizn pooperacyjnych.<\/p><p>Wi\u0119kszo\u015b\u0107 naci\u0119\u0107 wykonuje si\u0119 wewn\u0105trz nosa, jednak najcz\u0119\u015bciej stosuje si\u0119 r\u00f3wnie\u017c naci\u0119cie na tzw. s\u0142upku nosa. Po ods\u0142oni\u0119ciu szkieletu wycina si\u0119 cz\u0119\u015b\u0107 chrz\u0105stek, usuwa garb i przecina si\u0119 ko\u015bci. Nast\u0119pnie zeszywa si\u0119 rany, wprowadza do nosa setony i zak\u0142ada gips.<\/p><\/div>\n\t\t\t\t<\/div>\n\t\t\t\t<\/div>\n\t\t\t\t\t\t<\/div>\n\t\t\t<\/div>\n\t\t<\/div>\n\t\t\t\t\t\t<\/div>\n\t\t\t<\/div>\n\t\t<\/section>\n\t\t\t\t<section class=\"elementor-element elementor-element-61384d0 elementor-section-boxed elementor-section-height-default elementor-section-height-default elementor-section elementor-top-section\" data-id=\"61384d0\" data-element_type=\"section\">\n\t\t\t\t\t\t<div class=\"elementor-container elementor-column-gap-default\">\n\t\t\t\t<div class=\"elementor-row\">\n\t\t\t\t<div class=\"elementor-element elementor-element-87f87da elementor-column elementor-col-100 elementor-top-column\" data-id=\"87f87da\" data-element_type=\"column\">\n\t\t\t<div class=\"elementor-column-wrap  elementor-element-populated\">\n\t\t\t\t\t<div class=\"elementor-widget-wrap\">\n\t\t\t\t<div class=\"elementor-element elementor-element-a89f5b8 elementor-widget elementor-widget-divider\" data-id=\"a89f5b8\" data-element_type=\"widget\" data-widget_type=\"divider.default\">\n\t\t\t\t<div class=\"elementor-widget-container\">\n\t\t\t\t\t<div class=\"elementor-divider\">\n\t\t\t<span class=\"elementor-divider-separator\">\n\t\t\t\t\t\t<\/span>\n\t\t<\/div>\n\t\t\t\t<\/div>\n\t\t\t\t<\/div>\n\t\t\t\t<div class=\"elementor-element elementor-element-d24dab8 elementor-widget elementor-widget-heading\" data-id=\"d24dab8\" data-element_type=\"widget\" data-widget_type=\"heading.default\">\n\t\t\t\t<div class=\"elementor-widget-container\">\n\t\t\t<h3 class=\"elementor-heading-title elementor-size-default\">Rekonwalescencja:<\/h3>\t\t<\/div>\n\t\t\t\t<\/div>\n\t\t\t\t<div class=\"elementor-element elementor-element-8264ace elementor-widget elementor-widget-text-editor\" data-id=\"8264ace\" data-element_type=\"widget\" data-widget_type=\"text-editor.default\">\n\t\t\t\t<div class=\"elementor-widget-container\">\n\t\t\t\t\t<div class=\"elementor-text-editor elementor-clearfix\"><p>Zazwyczaj po korekcji nosa nie ma du\u017cych dolegliwo\u015bci b\u00f3lowych. Dyskomfort powoduj\u0105 setony, kt\u00f3re uniemo\u017cliwiaj\u0105 oddychanie przez nos (usuwane s\u0105 po 2 dniach). Gips jest zdejmowany po 7 &#8211; 10 dniach aczkolwiek cz\u0119sto zaleca si\u0119 jeszcze zak\u0142adanie gipsu na noc przez okres 2 tygodni po wykonanym zabiegu. Korekcja nosa wywo\u0142uje r\u00f3wnie\u017c zasinienia powiek\/policzk\u00f3w, kt\u00f3re mog\u0105 utrzymywa\u0107 si\u0119 przez 3 tygodnie. Czas ust\u0119powania obrz\u0119ku z powiek to 7 do 14 dni, natomiast na samym nosie czasami mo\u017ce utrzymywa\u0107 si\u0119 przez 6 do 12 miesi\u0119cy.<br \/>Po tym czasie mo\u017cliwa jest ocena efekt\u00f3w operacji.<br \/>Przez 2 tygodnie po zabiegu nale\u017cy unika\u0107 schylania si\u0119 i d\u017awigania a do uprawiania sportu mo\u017cna powr\u00f3ci\u0107 po up\u0142ywie 2 do 3 miesi\u0119cy.<\/p><\/div>\n\t\t\t\t<\/div>\n\t\t\t\t<\/div>\n\t\t\t\t<div class=\"elementor-element elementor-element-edcf780 elementor-widget elementor-widget-divider\" data-id=\"edcf780\" data-element_type=\"widget\" data-widget_type=\"divider.default\">\n\t\t\t\t<div class=\"elementor-widget-container\">\n\t\t\t\t\t<div class=\"elementor-divider\">\n\t\t\t<span class=\"elementor-divider-separator\">\n\t\t\t\t\t\t<\/span>\n\t\t<\/div>\n\t\t\t\t<\/div>\n\t\t\t\t<\/div>\n\t\t\t\t<div class=\"elementor-element elementor-element-dff0856 elementor-widget elementor-widget-heading\" data-id=\"dff0856\" data-element_type=\"widget\" data-widget_type=\"heading.default\">\n\t\t\t\t<div class=\"elementor-widget-container\">\n\t\t\t<h3 class=\"elementor-heading-title elementor-size-default\">Mo\u017cliwe powik\u0142ania<\/h3>\t\t<\/div>\n\t\t\t\t<\/div>\n\t\t\t\t<div class=\"elementor-element elementor-element-2a10346 elementor-icon-list--layout-traditional elementor-widget elementor-widget-icon-list\" data-id=\"2a10346\" data-element_type=\"widget\" data-widget_type=\"icon-list.default\">\n\t\t\t\t<div class=\"elementor-widget-container\">\n\t\t\t\t\t<ul class=\"elementor-icon-list-items\">\n\t\t\t\t\t\t\t<li class=\"elementor-icon-list-item\" >\n\t\t\t\t\t\t\t\t\t\t\t<span class=\"elementor-icon-list-icon\">\n\t\t\t\t\t\t\t\t\t\t\t\t\t\t\t\t<i class=\"fa fa-circle-o\" aria-hidden=\"true\"><\/i>\n\t\t\t\t\t\t\t\t\t\t\t\t\t<\/span>\n\t\t\t\t\t\t\t\t\t\t<span class=\"elementor-icon-list-text\">Krwawienie z nosa<\/span>\n\t\t\t\t\t\t\t\t\t<\/li>\n\t\t\t\t\t\t\t\t<li class=\"elementor-icon-list-item\" >\n\t\t\t\t\t\t\t\t\t\t\t<span class=\"elementor-icon-list-icon\">\n\t\t\t\t\t\t\t\t\t\t\t\t\t\t\t\t<i class=\"fa fa-circle-o\" aria-hidden=\"true\"><\/i>\n\t\t\t\t\t\t\t\t\t\t\t\t\t<\/span>\n\t\t\t\t\t\t\t\t\t\t<span class=\"elementor-icon-list-text\">Zaka\u017cenie ran<\/span>\n\t\t\t\t\t\t\t\t\t<\/li>\n\t\t\t\t\t\t\t\t<li class=\"elementor-icon-list-item\" >\n\t\t\t\t\t\t\t\t\t\t\t<span class=\"elementor-icon-list-icon\">\n\t\t\t\t\t\t\t\t\t\t\t\t\t\t\t\t<i class=\"fa fa-circle-o\" aria-hidden=\"true\"><\/i>\n\t\t\t\t\t\t\t\t\t\t\t\t\t<\/span>\n\t\t\t\t\t\t\t\t\t\t<span class=\"elementor-icon-list-text\">Niesymetryczny zrost ko\u015bci<\/span>\n\t\t\t\t\t\t\t\t\t<\/li>\n\t\t\t\t\t\t\t\t<li class=\"elementor-icon-list-item\" >\n\t\t\t\t\t\t\t\t\t\t\t<span class=\"elementor-icon-list-icon\">\n\t\t\t\t\t\t\t\t\t\t\t\t\t\t\t\t<i class=\"fa fa-circle-o\" aria-hidden=\"true\"><\/i>\n\t\t\t\t\t\t\t\t\t\t\t\t\t<\/span>\n\t\t\t\t\t\t\t\t\t\t<span class=\"elementor-icon-list-text\">Nawarstwienie kostniny w miejscach przeci\u0119cia ko\u015bci<\/span>\n\t\t\t\t\t\t\t\t\t<\/li>\n\t\t\t\t\t\t\t\t<li class=\"elementor-icon-list-item\" >\n\t\t\t\t\t\t\t\t\t\t\t<span class=\"elementor-icon-list-icon\">\n\t\t\t\t\t\t\t\t\t\t\t\t\t\t\t\t<i class=\"fa fa-circle-o\" aria-hidden=\"true\"><\/i>\n\t\t\t\t\t\t\t\t\t\t\t\t\t<\/span>\n\t\t\t\t\t\t\t\t\t\t<span class=\"elementor-icon-list-text\">Nieakceptowanie nowego wygl\u0105du twarzy przez pacjenta<\/span>\n\t\t\t\t\t\t\t\t\t<\/li>\n\t\t\t\t\t\t<\/ul>\n\t\t\t\t<\/div>\n\t\t\t\t<\/div>\n\t\t\t\t<div class=\"elementor-element elementor-element-7564b75 elementor-widget elementor-widget-divider\" data-id=\"7564b75\" data-element_type=\"widget\" data-widget_type=\"divider.default\">\n\t\t\t\t<div class=\"elementor-widget-container\">\n\t\t\t\t\t<div class=\"elementor-divider\">\n\t\t\t<span class=\"elementor-divider-separator\">\n\t\t\t\t\t\t<\/span>\n\t\t<\/div>\n\t\t\t\t<\/div>\n\t\t\t\t<\/div>\n\t\t\t\t<div class=\"elementor-element elementor-element-99b74e0 elementor-widget elementor-widget-heading\" data-id=\"99b74e0\" data-element_type=\"widget\" data-widget_type=\"heading.default\">\n\t\t\t\t<div class=\"elementor-widget-container\">\n\t\t\t<h3 class=\"elementor-heading-title elementor-size-default\">Galeria Przed\/Po<\/h3>\t\t<\/div>\n\t\t\t\t<\/div>\n\t\t\t\t<div class=\"elementor-element elementor-element-3dac056 elementor-widget elementor-widget-jet-image-comparison\" data-id=\"3dac056\" data-element_type=\"widget\" data-widget_type=\"jet-image-comparison.default\">\n\t\t\t\t<div class=\"elementor-widget-container\">\n\t\t\t<div class=\"elementor-jet-image-comparison jet-elements\"><div class=\"jet-image-comparison\">\n\t<div class=\"jet-image-comparison__prev-arrow-3dac056 jet-arrow prev-arrow\"><\/div><div class=\"jet-image-comparison__next-arrow-3dac056 jet-arrow next-arrow\"><\/div><div class=\"jet-image-comparison__instance elementor-slick-slider\" data-settings='{\"slidesToShow\":{\"desktop\":1,\"tablet\":0,\"mobile\":0},\"autoplaySpeed\":5000,\"autoplay\":true,\"infinite\":true,\"pauseOnHover\":false,\"speed\":500,\"arrows\":true,\"dots\":false,\"slidesToScroll\":1,\"prevArrow\":\".jet-image-comparison__prev-arrow-3dac056\",\"nextArrow\":\".jet-image-comparison__next-arrow-3dac056\",\"rtl\":false}' dir=\"ltr\">\n<div class=\"jet-image-comparison__item\">\n\t<div class=\"jet-image-comparison__container jet-juxtapose\" data-prev-icon=\"fa fa-angle-left\" data-next-icon=\"fa fa-angle-right\" data-makeresponsive=\"true\" data-startingposition=\"50%\">\n\t\t<img class=\"jet-image-comparison__before-image a3-notlazy\" src=\"https:\/\/www.doktorjanuszek.pl\/wp-content\/uploads\/2018\/10\/nos2_1przed.jpg\"  alt=\"\" data-no-lazy=\"1\">\n\t\t<img class=\"jet-image-comparison__after-image a3-notlazy\" src=\"https:\/\/www.doktorjanuszek.pl\/wp-content\/uploads\/2018\/10\/nos2_1po.jpg\"  alt=\"\" data-no-lazy=\"1\">\n\t<\/div>\n<\/div>\n\n<div class=\"jet-image-comparison__item\">\n\t<div class=\"jet-image-comparison__container jet-juxtapose\" data-prev-icon=\"fa fa-angle-left\" data-next-icon=\"fa fa-angle-right\" data-makeresponsive=\"true\" data-startingposition=\"50%\">\n\t\t<img class=\"jet-image-comparison__before-image a3-notlazy\" src=\"https:\/\/www.doktorjanuszek.pl\/wp-content\/uploads\/2018\/10\/nos2_2przed.jpg\"  alt=\"\" data-no-lazy=\"1\">\n\t\t<img class=\"jet-image-comparison__after-image a3-notlazy\" src=\"https:\/\/www.doktorjanuszek.pl\/wp-content\/uploads\/2018\/10\/nos2_2po.jpg\"  alt=\"\" data-no-lazy=\"1\">\n\t<\/div>\n<\/div>\n\n<div class=\"jet-image-comparison__item\">\n\t<div class=\"jet-image-comparison__container jet-juxtapose\" data-prev-icon=\"fa fa-angle-left\" data-next-icon=\"fa fa-angle-right\" data-makeresponsive=\"true\" data-startingposition=\"50%\">\n\t\t<img class=\"jet-image-comparison__before-image a3-notlazy\" src=\"https:\/\/www.doktorjanuszek.pl\/wp-content\/uploads\/2018\/10\/nos2_3przed.jpg\"  alt=\"\" data-no-lazy=\"1\">\n\t\t<img class=\"jet-image-comparison__after-image a3-notlazy\" src=\"https:\/\/www.doktorjanuszek.pl\/wp-content\/uploads\/2018\/10\/nos2_3po.jpg\"  alt=\"\" data-no-lazy=\"1\">\n\t<\/div>\n<\/div>\n\n<div class=\"jet-image-comparison__item\">\n\t<div class=\"jet-image-comparison__container jet-juxtapose\" data-prev-icon=\"fa fa-angle-left\" data-next-icon=\"fa fa-angle-right\" data-makeresponsive=\"true\" data-startingposition=\"50%\">\n\t\t<img class=\"jet-image-comparison__before-image a3-notlazy\" src=\"https:\/\/www.doktorjanuszek.pl\/wp-content\/uploads\/2018\/10\/nos2_4przed.jpg\"  alt=\"\" data-no-lazy=\"1\">\n\t\t<img class=\"jet-image-comparison__after-image a3-notlazy\" src=\"https:\/\/www.doktorjanuszek.pl\/wp-content\/uploads\/2018\/10\/nos2_4po.jpg\"  alt=\"\" data-no-lazy=\"1\">\n\t<\/div>\n<\/div>\n\n<div class=\"jet-image-comparison__item\">\n\t<div class=\"jet-image-comparison__container jet-juxtapose\" data-prev-icon=\"fa fa-angle-left\" data-next-icon=\"fa fa-angle-right\" data-makeresponsive=\"true\" data-startingposition=\"50%\">\n\t\t<img class=\"jet-image-comparison__before-image a3-notlazy\" src=\"https:\/\/www.doktorjanuszek.pl\/wp-content\/uploads\/2018\/10\/nos2_5przed.jpg\"  alt=\"\" data-no-lazy=\"1\">\n\t\t<img class=\"jet-image-comparison__after-image a3-notlazy\" src=\"https:\/\/www.doktorjanuszek.pl\/wp-content\/uploads\/2018\/10\/nos2_5po.jpg\"  alt=\"\" data-no-lazy=\"1\">\n\t<\/div>\n<\/div>\n\n<div class=\"jet-image-comparison__item\">\n\t<div class=\"jet-image-comparison__container jet-juxtapose\" data-prev-icon=\"fa fa-angle-left\" data-next-icon=\"fa fa-angle-right\" data-makeresponsive=\"true\" data-startingposition=\"50%\">\n\t\t<img class=\"jet-image-comparison__before-image a3-notlazy\" src=\"https:\/\/www.doktorjanuszek.pl\/wp-content\/uploads\/2018\/10\/nos2_7przed.jpg\"  alt=\"\" data-no-lazy=\"1\">\n\t\t<img class=\"jet-image-comparison__after-image a3-notlazy\" src=\"https:\/\/www.doktorjanuszek.pl\/wp-content\/uploads\/2018\/10\/nos2_7po.jpg\"  alt=\"\" data-no-lazy=\"1\">\n\t<\/div>\n<\/div>\n\n<\/div>\n<\/div>\n<\/div>\t\t<\/div>\n\t\t\t\t<\/div>\n\t\t\t\t<div class=\"elementor-element elementor-element-ed302cd elementor-widget elementor-widget-jet-image-comparison\" data-id=\"ed302cd\" data-element_type=\"widget\" data-widget_type=\"jet-image-comparison.default\">\n\t\t\t\t<div class=\"elementor-widget-container\">\n\t\t\t<div class=\"elementor-jet-image-comparison jet-elements\"><div class=\"jet-image-comparison\">\n\t<div class=\"jet-image-comparison__prev-arrow-ed302cd jet-arrow prev-arrow\"><\/div><div class=\"jet-image-comparison__next-arrow-ed302cd jet-arrow next-arrow\"><\/div><div class=\"jet-image-comparison__instance elementor-slick-slider\" data-settings='{\"slidesToShow\":{\"desktop\":1,\"tablet\":0,\"mobile\":0},\"autoplaySpeed\":5000,\"autoplay\":true,\"infinite\":true,\"pauseOnHover\":false,\"speed\":500,\"arrows\":true,\"dots\":false,\"slidesToScroll\":1,\"prevArrow\":\".jet-image-comparison__prev-arrow-ed302cd\",\"nextArrow\":\".jet-image-comparison__next-arrow-ed302cd\",\"rtl\":false}' dir=\"ltr\">\n<div class=\"jet-image-comparison__item\">\n\t<div class=\"jet-image-comparison__container jet-juxtapose\" data-prev-icon=\"fa fa-angle-left\" data-next-icon=\"fa fa-angle-right\" data-makeresponsive=\"true\" data-startingposition=\"50%\">\n\t\t<img class=\"jet-image-comparison__before-image a3-notlazy\" src=\"https:\/\/www.doktorjanuszek.pl\/wp-content\/uploads\/2018\/10\/nos1_1przed.jpg\"  alt=\"\" data-no-lazy=\"1\">\n\t\t<img class=\"jet-image-comparison__after-image a3-notlazy\" src=\"https:\/\/www.doktorjanuszek.pl\/wp-content\/uploads\/2018\/10\/nos1_1po.jpg\"  alt=\"\" data-no-lazy=\"1\">\n\t<\/div>\n<\/div>\n\n<div class=\"jet-image-comparison__item\">\n\t<div class=\"jet-image-comparison__container jet-juxtapose\" data-prev-icon=\"fa fa-angle-left\" data-next-icon=\"fa fa-angle-right\" data-makeresponsive=\"true\" data-startingposition=\"50%\">\n\t\t<img class=\"jet-image-comparison__before-image a3-notlazy\" src=\"https:\/\/www.doktorjanuszek.pl\/wp-content\/uploads\/2018\/10\/nos1_3przed.jpg\"  alt=\"\" data-no-lazy=\"1\">\n\t\t<img class=\"jet-image-comparison__after-image a3-notlazy\" src=\"https:\/\/www.doktorjanuszek.pl\/wp-content\/uploads\/2018\/10\/nos1_3po.jpg\"  alt=\"\" data-no-lazy=\"1\">\n\t<\/div>\n<\/div>\n\n<div class=\"jet-image-comparison__item\">\n\t<div class=\"jet-image-comparison__container jet-juxtapose\" data-prev-icon=\"fa fa-angle-left\" data-next-icon=\"fa fa-angle-right\" data-makeresponsive=\"true\" data-startingposition=\"50%\">\n\t\t<img class=\"jet-image-comparison__before-image a3-notlazy\" src=\"https:\/\/www.doktorjanuszek.pl\/wp-content\/uploads\/2018\/10\/nos1_4przed.jpg\"  alt=\"\" data-no-lazy=\"1\">\n\t\t<img class=\"jet-image-comparison__after-image a3-notlazy\" src=\"https:\/\/www.doktorjanuszek.pl\/wp-content\/uploads\/2018\/10\/nos1_4po.jpg\"  alt=\"\" data-no-lazy=\"1\">\n\t<\/div>\n<\/div>\n\n<\/div>\n<\/div>\n<\/div>\t\t<\/div>\n\t\t\t\t<\/div>\n\t\t\t\t\t\t<\/div>\n\t\t\t<\/div>\n\t\t<\/div>\n\t\t\t\t\t\t<\/div>\n\t\t\t<\/div>\n\t\t<\/section>\n\t\t\t\t\t\t<\/div>\n\t\t\t<\/div>\n\t\t<\/div>","protected":false},"excerpt":{"rendered":"<p>Nos Czas trwania: ok. 3 godziny, w znieczuleniu og\u00f3lnym \u2013 dotchawiczym. Operacja polega na zmianie kszta\u0142tu nosa i jest jedn\u0105 z trudniejszych w chirurgii plastycznej, poniewa\u017c wymaga zmiany szkieletu nosa, kt\u00f3ry sk\u0142ada si\u0119 z cz\u0119\u015bci kostnej i chrz\u0119stnej. Aby to wykona\u0107 nale\u017cy wcze\u015bniej ods\u0142oni\u0107 szkielet nosa, kt\u00f3ry pokryty jest delikatnymi tkankami, takimi jak: sk\u00f3ra oraz &hellip;<\/p>","protected":false},"author":1,"featured_media":0,"parent":0,"menu_order":0,"comment_status":"closed","ping_status":"closed","template":"","meta":[],"_links":{"self":[{"href":"https:\/\/www.doktorjanuszek.pl\/en\/wp-json\/wp\/v2\/pages\/1089"}],"collection":[{"href":"https:\/\/www.doktorjanuszek.pl\/en\/wp-json\/wp\/v2\/pages"}],"about":[{"href":"https:\/\/www.doktorjanuszek.pl\/en\/wp-json\/wp\/v2\/types\/page"}],"author":[{"embeddable":true,"href":"https:\/\/www.doktorjanuszek.pl\/en\/wp-json\/wp\/v2\/users\/1"}],"replies":[{"embeddable":true,"href":"https:\/\/www.doktorjanuszek.pl\/en\/wp-json\/wp\/v2\/comments?post=1089"}],"version-history":[{"count":21,"href":"https:\/\/www.doktorjanuszek.pl\/en\/wp-json\/wp\/v2\/pages\/1089\/revisions"}],"predecessor-version":[{"id":2337,"href":"https:\/\/www.doktorjanuszek.pl\/en\/wp-json\/wp\/v2\/pages\/1089\/revisions\/2337"}],"wp:attachment":[{"href":"https:\/\/www.doktorjanuszek.pl\/en\/wp-json\/wp\/v2\/media?parent=1089"}],"curies":[{"name":"wp","href":"https:\/\/api.w.org\/{rel}","templated":true}]}}