{"id":1104,"date":"2018-09-18T20:22:31","date_gmt":"2018-09-18T18:22:31","guid":{"rendered":"http:\/\/www.doktorjanuszek.pl\/?page_id=1104"},"modified":"2018-10-12T21:54:59","modified_gmt":"2018-10-12T19:54:59","slug":"powieki-gorne-i-dolne","status":"publish","type":"page","link":"https:\/\/www.doktorjanuszek.pl\/en\/powieki-gorne-i-dolne\/","title":{"rendered":"Powieki g\u00f3rne i dolne"},"content":{"rendered":"<div data-elementor-type=\"wp-post\" data-elementor-id=\"1104\" class=\"elementor elementor-1104 elementor-bc-flex-widget\" data-elementor-settings=\"[]\">\n\t\t\t<div class=\"elementor-inner\">\n\t\t\t\t<div class=\"elementor-section-wrap\">\n\t\t\t\t\t\t\t<section class=\"elementor-element elementor-element-4fed56e5 elementor-section-boxed elementor-section-height-default elementor-section-height-default elementor-section elementor-top-section\" data-id=\"4fed56e5\" data-element_type=\"section\">\n\t\t\t\t\t\t<div class=\"elementor-container elementor-column-gap-default\">\n\t\t\t\t<div class=\"elementor-row\">\n\t\t\t\t<div class=\"elementor-element elementor-element-4af00110 elementor-column elementor-col-100 elementor-top-column\" data-id=\"4af00110\" data-element_type=\"column\">\n\t\t\t<div class=\"elementor-column-wrap  elementor-element-populated\">\n\t\t\t\t\t<div class=\"elementor-widget-wrap\">\n\t\t\t\t<div class=\"elementor-element elementor-element-4a6ca3e8 elementor-widget elementor-widget-heading\" data-id=\"4a6ca3e8\" data-element_type=\"widget\" data-widget_type=\"heading.default\">\n\t\t\t\t<div class=\"elementor-widget-container\">\n\t\t\t<h2 class=\"elementor-heading-title elementor-size-default\">Powieki g\u00f3rne i dolne<\/h2>\t\t<\/div>\n\t\t\t\t<\/div>\n\t\t\t\t<div class=\"elementor-element elementor-element-4cb1d48c elementor-widget elementor-widget-divider\" data-id=\"4cb1d48c\" data-element_type=\"widget\" data-widget_type=\"divider.default\">\n\t\t\t\t<div class=\"elementor-widget-container\">\n\t\t\t\t\t<div class=\"elementor-divider\">\n\t\t\t<span class=\"elementor-divider-separator\">\n\t\t\t\t\t\t<\/span>\n\t\t<\/div>\n\t\t\t\t<\/div>\n\t\t\t\t<\/div>\n\t\t\t\t\t\t<\/div>\n\t\t\t<\/div>\n\t\t<\/div>\n\t\t\t\t\t\t<\/div>\n\t\t\t<\/div>\n\t\t<\/section>\n\t\t\t\t<section class=\"elementor-element elementor-element-1959d3d3 elementor-section-boxed elementor-section-height-default elementor-section-height-default elementor-section elementor-top-section\" data-id=\"1959d3d3\" data-element_type=\"section\">\n\t\t\t\t\t\t<div class=\"elementor-container elementor-column-gap-default\">\n\t\t\t\t<div class=\"elementor-row\">\n\t\t\t\t<div class=\"elementor-element elementor-element-44474076 elementor-column elementor-col-100 elementor-top-column\" data-id=\"44474076\" data-element_type=\"column\">\n\t\t\t<div class=\"elementor-column-wrap  elementor-element-populated\">\n\t\t\t\t\t<div class=\"elementor-widget-wrap\">\n\t\t\t\t<div class=\"elementor-element elementor-element-c4a491c elementor-widget elementor-widget-text-editor\" data-id=\"c4a491c\" data-element_type=\"widget\" data-widget_type=\"text-editor.default\">\n\t\t\t\t<div class=\"elementor-widget-container\">\n\t\t\t\t\t<div class=\"elementor-text-editor elementor-clearfix\"><p>Czas trwania: ok. 2 godziny, wykonywany w znieczuleniu miejscowym, cz\u0119sto po\u0142\u0105czonym z sedacj\u0105 do\u017cyln\u0105 (rodzaj znieczulenia og\u00f3lnego nie wymagaj\u0105cego intubacji dotchawiczej).<\/p><p>Zabieg polega na usuni\u0119ciu nadmiaru zwiotcza\u0142ej sk\u00f3ry powiek g\u00f3rnych i\/lub dolnych, a tak\u017ce<br \/>cz\u0119sto oko\u0142oga\u0142kowej tkanki t\u0142uszczowej.<\/p><p>Operacj\u0119 korekcji powiek wykonuje si\u0119 na powiekach g\u00f3rnych a ci\u0119cie prowadzone jest w naturalnym za\u0142amaniu powieki z niewielkim przed\u0142u\u017ceniem do boku. Na powiekach dolnych naci\u0119cie przebiega wzd\u0142u\u017c brzegu rz\u0119sowego oraz do boku od zewn\u0119trznego k\u0105ta oka.<\/p><\/div>\n\t\t\t\t<\/div>\n\t\t\t\t<\/div>\n\t\t\t\t\t\t<\/div>\n\t\t\t<\/div>\n\t\t<\/div>\n\t\t\t\t\t\t<\/div>\n\t\t\t<\/div>\n\t\t<\/section>\n\t\t\t\t<section class=\"elementor-element elementor-element-24d84560 elementor-section-boxed elementor-section-height-default elementor-section-height-default elementor-section elementor-top-section\" data-id=\"24d84560\" data-element_type=\"section\">\n\t\t\t\t\t\t<div class=\"elementor-container elementor-column-gap-default\">\n\t\t\t\t<div class=\"elementor-row\">\n\t\t\t\t<div class=\"elementor-element elementor-element-5f3000da elementor-column elementor-col-100 elementor-top-column\" data-id=\"5f3000da\" data-element_type=\"column\">\n\t\t\t<div class=\"elementor-column-wrap  elementor-element-populated\">\n\t\t\t\t\t<div class=\"elementor-widget-wrap\">\n\t\t\t\t<div class=\"elementor-element elementor-element-373c96a0 elementor-widget elementor-widget-divider\" data-id=\"373c96a0\" data-element_type=\"widget\" data-widget_type=\"divider.default\">\n\t\t\t\t<div class=\"elementor-widget-container\">\n\t\t\t\t\t<div class=\"elementor-divider\">\n\t\t\t<span class=\"elementor-divider-separator\">\n\t\t\t\t\t\t<\/span>\n\t\t<\/div>\n\t\t\t\t<\/div>\n\t\t\t\t<\/div>\n\t\t\t\t<div class=\"elementor-element elementor-element-463e2397 elementor-widget elementor-widget-heading\" data-id=\"463e2397\" data-element_type=\"widget\" data-widget_type=\"heading.default\">\n\t\t\t\t<div class=\"elementor-widget-container\">\n\t\t\t<h3 class=\"elementor-heading-title elementor-size-default\">Rekonwalescencja:<\/h3>\t\t<\/div>\n\t\t\t\t<\/div>\n\t\t\t\t<div class=\"elementor-element elementor-element-66dadef0 elementor-widget elementor-widget-text-editor\" data-id=\"66dadef0\" data-element_type=\"widget\" data-widget_type=\"text-editor.default\">\n\t\t\t\t<div class=\"elementor-widget-container\">\n\t\t\t\t\t<div class=\"elementor-text-editor elementor-clearfix\">Po operacji nale\u017cy wysoko u\u0142o\u017cy\u0107 g\u0142ow\u0119 i stosowa\u0107 ch\u0142odne ok\u0142ady na powieki, kt\u00f3re maj\u0105 na celu z\u0142agodzenie zasinienia i obrz\u0119ku. \nZasinienia utrzymuj\u0105 si\u0119 do 3 tygodni, a obrz\u0119k od kilku do czasami nawet kilkunastu tygodni. \nPrzez 2 tygodnie po zabiegu  nie mo\u017cna nosi\u0107 szkie\u0142 kontaktowych. Bezpo\u015brednio po operacji mo\u017ce wyst\u0105pi\u0107 \u0142zawienie i nadwra\u017cliwo\u015b\u0107 na \u015bwiat\u0142o oraz czasowe zaburzenie ostro\u015bci wzroku, czy podw\u00f3jne widzenie ust\u0119puj\u0105ce po kilku dniach.\nObrz\u0119k pooperacyjny mo\u017ce spowodowa\u0107 przej\u015bciow\u0105 niedomykalno\u015b\u0107 szpary powiekowej. W takiej sytuacji, do czasu uzyskania pe\u0142nego zwarcia powiek, nale\u017cy na noc wprowadza\u0107 \u017cel ochronny na ga\u0142k\u0119 oczn\u0105.\nBlizny mog\u0105 pozostawa\u0107 widoczne (kolor r\u00f3\u017cowy) przez oko\u0142o 6 miesi\u0119cy.\nRezultat operacji u niekt\u00f3rych pacjent\u00f3w jest trwa\u0142y, u innych efekt utrzymuje si\u0119 przez kilka lat.<\/div>\n\t\t\t\t<\/div>\n\t\t\t\t<\/div>\n\t\t\t\t<div class=\"elementor-element elementor-element-4ae6c3f1 elementor-widget elementor-widget-divider\" data-id=\"4ae6c3f1\" data-element_type=\"widget\" data-widget_type=\"divider.default\">\n\t\t\t\t<div class=\"elementor-widget-container\">\n\t\t\t\t\t<div class=\"elementor-divider\">\n\t\t\t<span class=\"elementor-divider-separator\">\n\t\t\t\t\t\t<\/span>\n\t\t<\/div>\n\t\t\t\t<\/div>\n\t\t\t\t<\/div>\n\t\t\t\t<div class=\"elementor-element elementor-element-5225b20b elementor-widget elementor-widget-heading\" data-id=\"5225b20b\" data-element_type=\"widget\" data-widget_type=\"heading.default\">\n\t\t\t\t<div class=\"elementor-widget-container\">\n\t\t\t<h3 class=\"elementor-heading-title elementor-size-default\">Mo\u017cliwe powik\u0142ania<\/h3>\t\t<\/div>\n\t\t\t\t<\/div>\n\t\t\t\t<div class=\"elementor-element elementor-element-17c7bade elementor-icon-list--layout-traditional elementor-widget elementor-widget-icon-list\" data-id=\"17c7bade\" data-element_type=\"widget\" data-widget_type=\"icon-list.default\">\n\t\t\t\t<div class=\"elementor-widget-container\">\n\t\t\t\t\t<ul class=\"elementor-icon-list-items\">\n\t\t\t\t\t\t\t<li class=\"elementor-icon-list-item\" >\n\t\t\t\t\t\t\t\t\t\t\t<span class=\"elementor-icon-list-icon\">\n\t\t\t\t\t\t\t\t\t\t\t\t\t\t\t\t<i class=\"fa fa-circle-o\" aria-hidden=\"true\"><\/i>\n\t\t\t\t\t\t\t\t\t\t\t\t\t<\/span>\n\t\t\t\t\t\t\t\t\t\t<span class=\"elementor-icon-list-text\">Krwiak<\/span>\n\t\t\t\t\t\t\t\t\t<\/li>\n\t\t\t\t\t\t\t\t<li class=\"elementor-icon-list-item\" >\n\t\t\t\t\t\t\t\t\t\t\t<span class=\"elementor-icon-list-icon\">\n\t\t\t\t\t\t\t\t\t\t\t\t\t\t\t\t<i class=\"fa fa-circle-o\" aria-hidden=\"true\"><\/i>\n\t\t\t\t\t\t\t\t\t\t\t\t\t<\/span>\n\t\t\t\t\t\t\t\t\t\t<span class=\"elementor-icon-list-text\">Zaka\u017cenie rany<\/span>\n\t\t\t\t\t\t\t\t\t<\/li>\n\t\t\t\t\t\t\t\t<li class=\"elementor-icon-list-item\" >\n\t\t\t\t\t\t\t\t\t\t\t<span class=\"elementor-icon-list-icon\">\n\t\t\t\t\t\t\t\t\t\t\t\t\t\t\t\t<i class=\"fa fa-circle-o\" aria-hidden=\"true\"><\/i>\n\t\t\t\t\t\t\t\t\t\t\t\t\t<\/span>\n\t\t\t\t\t\t\t\t\t\t<span class=\"elementor-icon-list-text\">Asymetria blizn<\/span>\n\t\t\t\t\t\t\t\t\t<\/li>\n\t\t\t\t\t\t\t\t<li class=\"elementor-icon-list-item\" >\n\t\t\t\t\t\t\t\t\t\t\t<span class=\"elementor-icon-list-icon\">\n\t\t\t\t\t\t\t\t\t\t\t\t\t\t\t\t<i class=\"fa fa-circle-o\" aria-hidden=\"true\"><\/i>\n\t\t\t\t\t\t\t\t\t\t\t\t\t<\/span>\n\t\t\t\t\t\t\t\t\t\t<span class=\"elementor-icon-list-text\">Niedomykalno\u015b\u0107 szpary powiekowej<\/span>\n\t\t\t\t\t\t\t\t\t<\/li>\n\t\t\t\t\t\t\t\t<li class=\"elementor-icon-list-item\" >\n\t\t\t\t\t\t\t\t\t\t\t<span class=\"elementor-icon-list-icon\">\n\t\t\t\t\t\t\t\t\t\t\t\t\t\t\t\t<i class=\"fa fa-circle-o\" aria-hidden=\"true\"><\/i>\n\t\t\t\t\t\t\t\t\t\t\t\t\t<\/span>\n\t\t\t\t\t\t\t\t\t\t<span class=\"elementor-icon-list-text\">Uczucie sucho\u015bci ga\u0142ki ocznej<\/span>\n\t\t\t\t\t\t\t\t\t<\/li>\n\t\t\t\t\t\t\t\t<li class=\"elementor-icon-list-item\" >\n\t\t\t\t\t\t\t\t\t\t\t<span class=\"elementor-icon-list-icon\">\n\t\t\t\t\t\t\t\t\t\t\t\t\t\t\t\t<i class=\"fa fa-circle-o\" aria-hidden=\"true\"><\/i>\n\t\t\t\t\t\t\t\t\t\t\t\t\t<\/span>\n\t\t\t\t\t\t\t\t\t\t<span class=\"elementor-icon-list-text\">\u0141zawienie<\/span>\n\t\t\t\t\t\t\t\t\t<\/li>\n\t\t\t\t\t\t\t\t<li class=\"elementor-icon-list-item\" >\n\t\t\t\t\t\t\t\t\t\t\t<span class=\"elementor-icon-list-icon\">\n\t\t\t\t\t\t\t\t\t\t\t\t\t\t\t\t<i class=\"fa fa-circle-o\" aria-hidden=\"true\"><\/i>\n\t\t\t\t\t\t\t\t\t\t\t\t\t<\/span>\n\t\t\t\t\t\t\t\t\t\t<span class=\"elementor-icon-list-text\">Wywiniecie powiek<\/span>\n\t\t\t\t\t\t\t\t\t<\/li>\n\t\t\t\t\t\t<\/ul>\n\t\t\t\t<\/div>\n\t\t\t\t<\/div>\n\t\t\t\t\t\t<\/div>\n\t\t\t<\/div>\n\t\t<\/div>\n\t\t\t\t\t\t<\/div>\n\t\t\t<\/div>\n\t\t<\/section>\n\t\t\t\t\t\t<\/div>\n\t\t\t<\/div>\n\t\t<\/div>","protected":false},"excerpt":{"rendered":"<p>Powieki g\u00f3rne i dolne Czas trwania: ok. 2 godziny, wykonywany w znieczuleniu miejscowym, cz\u0119sto po\u0142\u0105czonym z sedacj\u0105 do\u017cyln\u0105 (rodzaj znieczulenia og\u00f3lnego nie wymagaj\u0105cego intubacji dotchawiczej). Zabieg polega na usuni\u0119ciu nadmiaru zwiotcza\u0142ej sk\u00f3ry powiek g\u00f3rnych i\/lub dolnych, a tak\u017cecz\u0119sto oko\u0142oga\u0142kowej tkanki t\u0142uszczowej. Operacj\u0119 korekcji powiek wykonuje si\u0119 na powiekach g\u00f3rnych a ci\u0119cie prowadzone jest w naturalnym &hellip;<\/p>","protected":false},"author":1,"featured_media":0,"parent":0,"menu_order":0,"comment_status":"closed","ping_status":"closed","template":"","meta":[],"_links":{"self":[{"href":"https:\/\/www.doktorjanuszek.pl\/en\/wp-json\/wp\/v2\/pages\/1104"}],"collection":[{"href":"https:\/\/www.doktorjanuszek.pl\/en\/wp-json\/wp\/v2\/pages"}],"about":[{"href":"https:\/\/www.doktorjanuszek.pl\/en\/wp-json\/wp\/v2\/types\/page"}],"author":[{"embeddable":true,"href":"https:\/\/www.doktorjanuszek.pl\/en\/wp-json\/wp\/v2\/users\/1"}],"replies":[{"embeddable":true,"href":"https:\/\/www.doktorjanuszek.pl\/en\/wp-json\/wp\/v2\/comments?post=1104"}],"version-history":[{"count":4,"href":"https:\/\/www.doktorjanuszek.pl\/en\/wp-json\/wp\/v2\/pages\/1104\/revisions"}],"predecessor-version":[{"id":1997,"href":"https:\/\/www.doktorjanuszek.pl\/en\/wp-json\/wp\/v2\/pages\/1104\/revisions\/1997"}],"wp:attachment":[{"href":"https:\/\/www.doktorjanuszek.pl\/en\/wp-json\/wp\/v2\/media?parent=1104"}],"curies":[{"name":"wp","href":"https:\/\/api.w.org\/{rel}","templated":true}]}}