{"id":1109,"date":"2018-09-18T20:25:11","date_gmt":"2018-09-18T18:25:11","guid":{"rendered":"http:\/\/www.doktorjanuszek.pl\/?page_id=1109"},"modified":"2018-10-16T14:37:01","modified_gmt":"2018-10-16T12:37:01","slug":"liposukcja-podbrodka-z-laserowym-termo-liftingiem-slim-lipo","status":"publish","type":"page","link":"https:\/\/www.doktorjanuszek.pl\/en\/liposukcja-podbrodka-z-laserowym-termo-liftingiem-slim-lipo\/","title":{"rendered":"Liposukcja podbr\u00f3dka z laserowym termo-liftingiem (SLIM-LIPO)"},"content":{"rendered":"<div data-elementor-type=\"wp-post\" data-elementor-id=\"1109\" class=\"elementor elementor-1109 elementor-bc-flex-widget\" data-elementor-settings=\"[]\">\n\t\t\t<div class=\"elementor-inner\">\n\t\t\t\t<div class=\"elementor-section-wrap\">\n\t\t\t\t\t\t\t<section class=\"elementor-element elementor-element-389741f4 elementor-section-boxed elementor-section-height-default elementor-section-height-default elementor-section elementor-top-section\" data-id=\"389741f4\" data-element_type=\"section\">\n\t\t\t\t\t\t<div class=\"elementor-container elementor-column-gap-default\">\n\t\t\t\t<div class=\"elementor-row\">\n\t\t\t\t<div class=\"elementor-element elementor-element-527901c4 elementor-column elementor-col-100 elementor-top-column\" data-id=\"527901c4\" data-element_type=\"column\">\n\t\t\t<div class=\"elementor-column-wrap  elementor-element-populated\">\n\t\t\t\t\t<div class=\"elementor-widget-wrap\">\n\t\t\t\t<div class=\"elementor-element elementor-element-4578042 elementor-widget elementor-widget-heading\" data-id=\"4578042\" data-element_type=\"widget\" data-widget_type=\"heading.default\">\n\t\t\t\t<div class=\"elementor-widget-container\">\n\t\t\t<h2 class=\"elementor-heading-title elementor-size-default\">Liposukcja podbr\u00f3dka z laserowym termo-liftingiem (SLIM-LIPO)<\/h2>\t\t<\/div>\n\t\t\t\t<\/div>\n\t\t\t\t<div class=\"elementor-element elementor-element-37680033 elementor-widget elementor-widget-divider\" data-id=\"37680033\" data-element_type=\"widget\" data-widget_type=\"divider.default\">\n\t\t\t\t<div class=\"elementor-widget-container\">\n\t\t\t\t\t<div class=\"elementor-divider\">\n\t\t\t<span class=\"elementor-divider-separator\">\n\t\t\t\t\t\t<\/span>\n\t\t<\/div>\n\t\t\t\t<\/div>\n\t\t\t\t<\/div>\n\t\t\t\t\t\t<\/div>\n\t\t\t<\/div>\n\t\t<\/div>\n\t\t\t\t\t\t<\/div>\n\t\t\t<\/div>\n\t\t<\/section>\n\t\t\t\t<section class=\"elementor-element elementor-element-d4c27d elementor-section-boxed elementor-section-height-default elementor-section-height-default elementor-section elementor-top-section\" data-id=\"d4c27d\" data-element_type=\"section\">\n\t\t\t\t\t\t<div class=\"elementor-container elementor-column-gap-default\">\n\t\t\t\t<div class=\"elementor-row\">\n\t\t\t\t<div class=\"elementor-element elementor-element-549d8874 elementor-column elementor-col-100 elementor-top-column\" data-id=\"549d8874\" data-element_type=\"column\">\n\t\t\t<div class=\"elementor-column-wrap  elementor-element-populated\">\n\t\t\t\t\t<div class=\"elementor-widget-wrap\">\n\t\t\t\t<div class=\"elementor-element elementor-element-de1996b elementor-widget elementor-widget-text-editor\" data-id=\"de1996b\" data-element_type=\"widget\" data-widget_type=\"text-editor.default\">\n\t\t\t\t<div class=\"elementor-widget-container\">\n\t\t\t\t\t<div class=\"elementor-text-editor elementor-clearfix\"><p>Czas trwania: ok 1 godziny, najcz\u0119\u015bciej w znieczuleniu miejscowym.<\/p><p>Zabieg polega na wykonaniu 3 ma\u0142ych 2-3 mm d\u0142ugo\u015bci naci\u0119\u0107 i przeprowadzeniu laserowej liposukcji (pozbycie si\u0119 nadmiaru tkanki t\u0142uszczowej) z okolic szyi (podbr\u00f3dka). Metoda wykorzystuje energi\u0119 lasera dzi\u0119ki czemu uzyskujemy 2 zasadnicze korzy\u015bci w stosunku do klasycznej liposukcji:<\/p><p>1. Zabieg jest bardziej bezpieczny:<br \/><img class=\"emoji\" draggable=\"false\" src=\"https:\/\/s.w.org\/images\/core\/emoji\/11\/svg\/25aa.svg\" alt=\"\u25aa\" \/> energia lasera zmienia konsystencj\u0119 tkanki t\u0142uszczowej ze sta\u0142ej w p\u0142ynn\u0105,<br \/><img class=\"emoji\" draggable=\"false\" src=\"https:\/\/s.w.org\/images\/core\/emoji\/11\/svg\/25aa.svg\" alt=\"\u25aa\" \/> odsysanie t\u0142uszczu jest delikatniejsze (nie wymaga mechanicznego rozbijania),<br \/><img class=\"emoji\" draggable=\"false\" src=\"https:\/\/s.w.org\/images\/core\/emoji\/11\/svg\/25aa.svg\" alt=\"\u25aa\" \/> obserwowana jest mniejsza ilo\u015b\u0107 zasinie\u0144\/krwiak\u00f3w podsk\u00f3rnych;<\/p><p>2. Zabieg daje lepszy efekt estetyczny:<br \/><img class=\"emoji\" draggable=\"false\" src=\"https:\/\/s.w.org\/images\/core\/emoji\/11\/svg\/25aa.svg\" alt=\"\u25aa\" \/> energia lasera rozgrzewa tkanki, kt\u00f3re otrzymuj\u0105 impuls do przebudowy &#8211; obkurczania si\u0119.<\/p><p>Po zabiegu stosuje si\u0119 przez 7 dni antybiotyk<\/p><\/div>\n\t\t\t\t<\/div>\n\t\t\t\t<\/div>\n\t\t\t\t\t\t<\/div>\n\t\t\t<\/div>\n\t\t<\/div>\n\t\t\t\t\t\t<\/div>\n\t\t\t<\/div>\n\t\t<\/section>\n\t\t\t\t<section class=\"elementor-element elementor-element-31e105b2 elementor-section-boxed elementor-section-height-default elementor-section-height-default elementor-section elementor-top-section\" data-id=\"31e105b2\" data-element_type=\"section\">\n\t\t\t\t\t\t<div class=\"elementor-container elementor-column-gap-default\">\n\t\t\t\t<div class=\"elementor-row\">\n\t\t\t\t<div class=\"elementor-element elementor-element-31a96adb elementor-column elementor-col-100 elementor-top-column\" data-id=\"31a96adb\" data-element_type=\"column\">\n\t\t\t<div class=\"elementor-column-wrap  elementor-element-populated\">\n\t\t\t\t\t<div class=\"elementor-widget-wrap\">\n\t\t\t\t<div class=\"elementor-element elementor-element-e389c54 elementor-widget elementor-widget-divider\" data-id=\"e389c54\" data-element_type=\"widget\" data-widget_type=\"divider.default\">\n\t\t\t\t<div class=\"elementor-widget-container\">\n\t\t\t\t\t<div class=\"elementor-divider\">\n\t\t\t<span class=\"elementor-divider-separator\">\n\t\t\t\t\t\t<\/span>\n\t\t<\/div>\n\t\t\t\t<\/div>\n\t\t\t\t<\/div>\n\t\t\t\t<div class=\"elementor-element elementor-element-7a1f3276 elementor-widget elementor-widget-heading\" data-id=\"7a1f3276\" data-element_type=\"widget\" data-widget_type=\"heading.default\">\n\t\t\t\t<div class=\"elementor-widget-container\">\n\t\t\t<h3 class=\"elementor-heading-title elementor-size-default\">Rekonwalescencja:<\/h3>\t\t<\/div>\n\t\t\t\t<\/div>\n\t\t\t\t<div class=\"elementor-element elementor-element-604fd37a elementor-widget elementor-widget-text-editor\" data-id=\"604fd37a\" data-element_type=\"widget\" data-widget_type=\"text-editor.default\">\n\t\t\t\t<div class=\"elementor-widget-container\">\n\t\t\t\t\t<div class=\"elementor-text-editor elementor-clearfix\"><p>Po zabiegu zak\u0142adany jest opatrunek sk\u0142adaj\u0105cy si\u0119 z mi\u0119kkiej gazy, do kt\u00f3rej przes\u0105cza si\u0119 resztkowa tre\u015b\u0107 surowicza przez okres do 3 dni. W tym czasie opatrunek nale\u017cy zmienia\u0107 nawet kilka razy dziennie. Dodatkowo przez 10 dni obowi\u0105zuje zak\u0142adanie specjalnej opaski uciskowej, kt\u00f3ra jest bardzo wa\u017cnym elementem leczenia, gdy\u017c zapobiega gromadzeniu si\u0119 p\u0142ynu w miejscu operowanym oraz wspomaga proces obkurczania sk\u00f3ry. Opaska zapinana jest na szczycie g\u0142owy i utrudnia w tym okresie powr\u00f3t do pe\u0142nej aktywno\u015bci zawodowo-towarzyskiej. Rany goj\u0105 si\u0119 w ci\u0105gu tygodnia. Blizny pocz\u0105tkowo r\u00f3\u017cowe zmieniaj\u0105 si\u0119 i ju\u017c po kilku miesi\u0105cach staj\u0105 si\u0119 ma\u0142o widoczne. Pe\u0142ny efekt estetyczny (obkurczanie sk\u00f3ry) pojawia si\u0119 po up\u0142ywie ok 3 &#8211; 6 miesi\u0119cy.<\/p><\/div>\n\t\t\t\t<\/div>\n\t\t\t\t<\/div>\n\t\t\t\t<div class=\"elementor-element elementor-element-5a0a06a6 elementor-widget elementor-widget-divider\" data-id=\"5a0a06a6\" data-element_type=\"widget\" data-widget_type=\"divider.default\">\n\t\t\t\t<div class=\"elementor-widget-container\">\n\t\t\t\t\t<div class=\"elementor-divider\">\n\t\t\t<span class=\"elementor-divider-separator\">\n\t\t\t\t\t\t<\/span>\n\t\t<\/div>\n\t\t\t\t<\/div>\n\t\t\t\t<\/div>\n\t\t\t\t<div class=\"elementor-element elementor-element-8a06de5 elementor-widget elementor-widget-heading\" data-id=\"8a06de5\" data-element_type=\"widget\" data-widget_type=\"heading.default\">\n\t\t\t\t<div class=\"elementor-widget-container\">\n\t\t\t<h3 class=\"elementor-heading-title elementor-size-default\">Mo\u017cliwe powik\u0142ania<\/h3>\t\t<\/div>\n\t\t\t\t<\/div>\n\t\t\t\t<div class=\"elementor-element elementor-element-aa2c3b5 elementor-icon-list--layout-traditional elementor-widget elementor-widget-icon-list\" data-id=\"aa2c3b5\" data-element_type=\"widget\" data-widget_type=\"icon-list.default\">\n\t\t\t\t<div class=\"elementor-widget-container\">\n\t\t\t\t\t<ul class=\"elementor-icon-list-items\">\n\t\t\t\t\t\t\t<li class=\"elementor-icon-list-item\" >\n\t\t\t\t\t\t\t\t\t\t\t<span class=\"elementor-icon-list-icon\">\n\t\t\t\t\t\t\t\t\t\t\t\t\t\t\t\t<i class=\"fa fa-circle-o\" aria-hidden=\"true\"><\/i>\n\t\t\t\t\t\t\t\t\t\t\t\t\t<\/span>\n\t\t\t\t\t\t\t\t\t\t<span class=\"elementor-icon-list-text\">Krwiak<\/span>\n\t\t\t\t\t\t\t\t\t<\/li>\n\t\t\t\t\t\t\t\t<li class=\"elementor-icon-list-item\" >\n\t\t\t\t\t\t\t\t\t\t\t<span class=\"elementor-icon-list-icon\">\n\t\t\t\t\t\t\t\t\t\t\t\t\t\t\t\t<i class=\"fa fa-circle-o\" aria-hidden=\"true\"><\/i>\n\t\t\t\t\t\t\t\t\t\t\t\t\t<\/span>\n\t\t\t\t\t\t\t\t\t\t<span class=\"elementor-icon-list-text\">Zaka\u017cenie rany<\/span>\n\t\t\t\t\t\t\t\t\t<\/li>\n\t\t\t\t\t\t\t\t<li class=\"elementor-icon-list-item\" >\n\t\t\t\t\t\t\t\t\t\t\t<span class=\"elementor-icon-list-icon\">\n\t\t\t\t\t\t\t\t\t\t\t\t\t\t\t\t<i class=\"fa fa-circle-o\" aria-hidden=\"true\"><\/i>\n\t\t\t\t\t\t\t\t\t\t\t\t\t<\/span>\n\t\t\t\t\t\t\t\t\t\t<span class=\"elementor-icon-list-text\">Seromat (gromadzenie si\u0119 p\u0142ynu surowiczego w tkance podsk\u00f3rnej)<\/span>\n\t\t\t\t\t\t\t\t\t<\/li>\n\t\t\t\t\t\t\t\t<li class=\"elementor-icon-list-item\" >\n\t\t\t\t\t\t\t\t\t\t\t<span class=\"elementor-icon-list-icon\">\n\t\t\t\t\t\t\t\t\t\t\t\t\t\t\t\t<i class=\"fa fa-circle-o\" aria-hidden=\"true\"><\/i>\n\t\t\t\t\t\t\t\t\t\t\t\t\t<\/span>\n\t\t\t\t\t\t\t\t\t\t<span class=\"elementor-icon-list-text\">Nier\u00f3wno\u015bci w sk\u00f3rze<\/span>\n\t\t\t\t\t\t\t\t\t<\/li>\n\t\t\t\t\t\t\t\t<li class=\"elementor-icon-list-item\" >\n\t\t\t\t\t\t\t\t\t\t\t<span class=\"elementor-icon-list-icon\">\n\t\t\t\t\t\t\t\t\t\t\t\t\t\t\t\t<i class=\"fa fa-circle-o\" aria-hidden=\"true\"><\/i>\n\t\t\t\t\t\t\t\t\t\t\t\t\t<\/span>\n\t\t\t\t\t\t\t\t\t\t<span class=\"elementor-icon-list-text\">Opa\u017cenie sk\u00f3ry <\/span>\n\t\t\t\t\t\t\t\t\t<\/li>\n\t\t\t\t\t\t\t\t<li class=\"elementor-icon-list-item\" >\n\t\t\t\t\t\t\t\t\t\t\t<span class=\"elementor-icon-list-icon\">\n\t\t\t\t\t\t\t\t\t\t\t\t\t\t\t\t<i class=\"fa fa-circle-o\" aria-hidden=\"true\"><\/i>\n\t\t\t\t\t\t\t\t\t\t\t\t\t<\/span>\n\t\t\t\t\t\t\t\t\t\t<span class=\"elementor-icon-list-text\">Martwica sk\u00f3ry<\/span>\n\t\t\t\t\t\t\t\t\t<\/li>\n\t\t\t\t\t\t<\/ul>\n\t\t\t\t<\/div>\n\t\t\t\t<\/div>\n\t\t\t\t\t\t<\/div>\n\t\t\t<\/div>\n\t\t<\/div>\n\t\t\t\t\t\t<\/div>\n\t\t\t<\/div>\n\t\t<\/section>\n\t\t\t\t\t\t<\/div>\n\t\t\t<\/div>\n\t\t<\/div>","protected":false},"excerpt":{"rendered":"<p>Liposukcja podbr\u00f3dka z laserowym termo-liftingiem (SLIM-LIPO) Czas trwania: ok 1 godziny, najcz\u0119\u015bciej w znieczuleniu miejscowym. Zabieg polega na wykonaniu 3 ma\u0142ych 2-3 mm d\u0142ugo\u015bci naci\u0119\u0107 i przeprowadzeniu laserowej liposukcji (pozbycie si\u0119 nadmiaru tkanki t\u0142uszczowej) z okolic szyi (podbr\u00f3dka). Metoda wykorzystuje energi\u0119 lasera dzi\u0119ki czemu uzyskujemy 2 zasadnicze korzy\u015bci w stosunku do klasycznej liposukcji: 1. Zabieg &hellip;<\/p>","protected":false},"author":1,"featured_media":0,"parent":0,"menu_order":0,"comment_status":"closed","ping_status":"closed","template":"","meta":[],"_links":{"self":[{"href":"https:\/\/www.doktorjanuszek.pl\/en\/wp-json\/wp\/v2\/pages\/1109"}],"collection":[{"href":"https:\/\/www.doktorjanuszek.pl\/en\/wp-json\/wp\/v2\/pages"}],"about":[{"href":"https:\/\/www.doktorjanuszek.pl\/en\/wp-json\/wp\/v2\/types\/page"}],"author":[{"embeddable":true,"href":"https:\/\/www.doktorjanuszek.pl\/en\/wp-json\/wp\/v2\/users\/1"}],"replies":[{"embeddable":true,"href":"https:\/\/www.doktorjanuszek.pl\/en\/wp-json\/wp\/v2\/comments?post=1109"}],"version-history":[{"count":6,"href":"https:\/\/www.doktorjanuszek.pl\/en\/wp-json\/wp\/v2\/pages\/1109\/revisions"}],"predecessor-version":[{"id":2246,"href":"https:\/\/www.doktorjanuszek.pl\/en\/wp-json\/wp\/v2\/pages\/1109\/revisions\/2246"}],"wp:attachment":[{"href":"https:\/\/www.doktorjanuszek.pl\/en\/wp-json\/wp\/v2\/media?parent=1109"}],"curies":[{"name":"wp","href":"https:\/\/api.w.org\/{rel}","templated":true}]}}