{"id":1111,"date":"2018-09-18T20:25:24","date_gmt":"2018-09-18T18:25:24","guid":{"rendered":"http:\/\/www.doktorjanuszek.pl\/?page_id=1111"},"modified":"2018-10-12T21:58:07","modified_gmt":"2018-10-12T19:58:07","slug":"lift-policzkow-nicmi-wchlanialnymi","status":"publish","type":"page","link":"https:\/\/www.doktorjanuszek.pl\/en\/lift-policzkow-nicmi-wchlanialnymi\/","title":{"rendered":"Lift policzk\u00f3w ni\u0107mi wch\u0142anialnymi"},"content":{"rendered":"<div data-elementor-type=\"wp-post\" data-elementor-id=\"1111\" class=\"elementor elementor-1111 elementor-bc-flex-widget\" data-elementor-settings=\"[]\">\n\t\t\t<div class=\"elementor-inner\">\n\t\t\t\t<div class=\"elementor-section-wrap\">\n\t\t\t\t\t\t\t<section class=\"elementor-element elementor-element-3394dac2 elementor-section-boxed elementor-section-height-default elementor-section-height-default elementor-section elementor-top-section\" data-id=\"3394dac2\" data-element_type=\"section\">\n\t\t\t\t\t\t<div class=\"elementor-container elementor-column-gap-default\">\n\t\t\t\t<div class=\"elementor-row\">\n\t\t\t\t<div class=\"elementor-element elementor-element-f669a9c elementor-column elementor-col-100 elementor-top-column\" data-id=\"f669a9c\" data-element_type=\"column\">\n\t\t\t<div class=\"elementor-column-wrap  elementor-element-populated\">\n\t\t\t\t\t<div class=\"elementor-widget-wrap\">\n\t\t\t\t<div class=\"elementor-element elementor-element-393c8bad elementor-widget elementor-widget-heading\" data-id=\"393c8bad\" data-element_type=\"widget\" data-widget_type=\"heading.default\">\n\t\t\t\t<div class=\"elementor-widget-container\">\n\t\t\t<h2 class=\"elementor-heading-title elementor-size-default\">Lift policzk\u00f3w ni\u0107mi wch\u0142anialnymi<\/h2>\t\t<\/div>\n\t\t\t\t<\/div>\n\t\t\t\t<div class=\"elementor-element elementor-element-1c72c6ef elementor-widget elementor-widget-divider\" data-id=\"1c72c6ef\" data-element_type=\"widget\" data-widget_type=\"divider.default\">\n\t\t\t\t<div class=\"elementor-widget-container\">\n\t\t\t\t\t<div class=\"elementor-divider\">\n\t\t\t<span class=\"elementor-divider-separator\">\n\t\t\t\t\t\t<\/span>\n\t\t<\/div>\n\t\t\t\t<\/div>\n\t\t\t\t<\/div>\n\t\t\t\t\t\t<\/div>\n\t\t\t<\/div>\n\t\t<\/div>\n\t\t\t\t\t\t<\/div>\n\t\t\t<\/div>\n\t\t<\/section>\n\t\t\t\t<section class=\"elementor-element elementor-element-27b6dc22 elementor-section-boxed elementor-section-height-default elementor-section-height-default elementor-section elementor-top-section\" data-id=\"27b6dc22\" data-element_type=\"section\">\n\t\t\t\t\t\t<div class=\"elementor-container elementor-column-gap-default\">\n\t\t\t\t<div class=\"elementor-row\">\n\t\t\t\t<div class=\"elementor-element elementor-element-598c1bf4 elementor-column elementor-col-100 elementor-top-column\" data-id=\"598c1bf4\" data-element_type=\"column\">\n\t\t\t<div class=\"elementor-column-wrap  elementor-element-populated\">\n\t\t\t\t\t<div class=\"elementor-widget-wrap\">\n\t\t\t\t<div class=\"elementor-element elementor-element-183db292 elementor-widget elementor-widget-text-editor\" data-id=\"183db292\" data-element_type=\"widget\" data-widget_type=\"text-editor.default\">\n\t\t\t\t<div class=\"elementor-widget-container\">\n\t\t\t\t\t<div class=\"elementor-text-editor elementor-clearfix\"><p>Czas trwania: ok 40 minut, wykonywany w znieczuleniu miejscowym.<\/p><p>Zabieg jest polecany osobom z umiarkowanym objawem opadania policzk\u00f3w i jednocze\u015bnie odrzucaj\u0105cym mo\u017cliwo\u015b\u0107 poddania si\u0119 operacji liftingu twarzy. Polecane jest \u0142\u0105czenie zabiegu z liposukcj\u0105 podbr\u00f3dka z laserowym termo-liftingiem (SLIM-LIPO).<br \/>Zabieg polega na zamontowaniu nici posiadaj\u0105cych specjalne haczyki w tkance podsk\u00f3rnej dzi\u0119ki czemu mo\u017cliwe jest umiarkowane podniesienie zwiotcza\u0142ych tkanek mi\u0119kkich policzk\u00f3w.<br \/>Zastosowane nici s\u0105 zbudowane z kwasu polimlekowego i kwasu glikolowego, co czyni je w pe\u0142ni wch\u0142anialnymi. Po zabiegu przez 7 dni stosuje si\u0119 antybiotyk.<\/p><\/div>\n\t\t\t\t<\/div>\n\t\t\t\t<\/div>\n\t\t\t\t\t\t<\/div>\n\t\t\t<\/div>\n\t\t<\/div>\n\t\t\t\t\t\t<\/div>\n\t\t\t<\/div>\n\t\t<\/section>\n\t\t\t\t<section class=\"elementor-element elementor-element-1e7cd29a elementor-section-boxed elementor-section-height-default elementor-section-height-default elementor-section elementor-top-section\" data-id=\"1e7cd29a\" data-element_type=\"section\">\n\t\t\t\t\t\t<div class=\"elementor-container elementor-column-gap-default\">\n\t\t\t\t<div class=\"elementor-row\">\n\t\t\t\t<div class=\"elementor-element elementor-element-223db3d9 elementor-column elementor-col-100 elementor-top-column\" data-id=\"223db3d9\" data-element_type=\"column\">\n\t\t\t<div class=\"elementor-column-wrap  elementor-element-populated\">\n\t\t\t\t\t<div class=\"elementor-widget-wrap\">\n\t\t\t\t<div class=\"elementor-element elementor-element-48edd04d elementor-widget elementor-widget-divider\" data-id=\"48edd04d\" data-element_type=\"widget\" data-widget_type=\"divider.default\">\n\t\t\t\t<div class=\"elementor-widget-container\">\n\t\t\t\t\t<div class=\"elementor-divider\">\n\t\t\t<span class=\"elementor-divider-separator\">\n\t\t\t\t\t\t<\/span>\n\t\t<\/div>\n\t\t\t\t<\/div>\n\t\t\t\t<\/div>\n\t\t\t\t<div class=\"elementor-element elementor-element-10df020a elementor-widget elementor-widget-heading\" data-id=\"10df020a\" data-element_type=\"widget\" data-widget_type=\"heading.default\">\n\t\t\t\t<div class=\"elementor-widget-container\">\n\t\t\t<h3 class=\"elementor-heading-title elementor-size-default\">Rekonwalescencja:<\/h3>\t\t<\/div>\n\t\t\t\t<\/div>\n\t\t\t\t<div class=\"elementor-element elementor-element-6b824c33 elementor-widget elementor-widget-text-editor\" data-id=\"6b824c33\" data-element_type=\"widget\" data-widget_type=\"text-editor.default\">\n\t\t\t\t<div class=\"elementor-widget-container\">\n\t\t\t\t\t<div class=\"elementor-text-editor elementor-clearfix\"><p>Mo\u017cliwe s\u0105 zasinienia w sk\u00f3rze, kt\u00f3re ust\u0119puj\u0105 w przeci\u0105gu 3 tygodni.<br \/>Miejsce wk\u0142ucia przez kilka dni po zabiegu mo\u017ce by\u0107 widoczne, rzadko mo\u017ce pozosta\u0107 niewielka blizna. Przez jaki\u015b czas (indywidualnie) mo\u017ce wyst\u0105pi\u0107 ograniczenie mimiki twarzy i odczuwanie ci\u0105gni\u0119cia tkanek w miejscu wprowadzenia nici. Obszar poddany zabiegowi mo\u017ce by\u0107 ja\u015bniejszy lub ciemniejszy od otaczaj\u0105cej sk\u00f3ry. Jest to reakcja normalna, po pewnym czasie ust\u0119puje. Zalecane jest u\u017cywanie filtr\u00f3w UV.<br \/>Efekt podniesienia utrzymuje si\u0119 od 12-18 miesi\u0119cy.<\/p><\/div>\n\t\t\t\t<\/div>\n\t\t\t\t<\/div>\n\t\t\t\t<div class=\"elementor-element elementor-element-15609282 elementor-widget elementor-widget-divider\" data-id=\"15609282\" data-element_type=\"widget\" data-widget_type=\"divider.default\">\n\t\t\t\t<div class=\"elementor-widget-container\">\n\t\t\t\t\t<div class=\"elementor-divider\">\n\t\t\t<span class=\"elementor-divider-separator\">\n\t\t\t\t\t\t<\/span>\n\t\t<\/div>\n\t\t\t\t<\/div>\n\t\t\t\t<\/div>\n\t\t\t\t<div class=\"elementor-element elementor-element-17795b8e elementor-widget elementor-widget-heading\" data-id=\"17795b8e\" data-element_type=\"widget\" data-widget_type=\"heading.default\">\n\t\t\t\t<div class=\"elementor-widget-container\">\n\t\t\t<h3 class=\"elementor-heading-title elementor-size-default\">Mo\u017cliwe powik\u0142ania<\/h3>\t\t<\/div>\n\t\t\t\t<\/div>\n\t\t\t\t<div class=\"elementor-element elementor-element-43c1bf75 elementor-icon-list--layout-traditional elementor-widget elementor-widget-icon-list\" data-id=\"43c1bf75\" data-element_type=\"widget\" data-widget_type=\"icon-list.default\">\n\t\t\t\t<div class=\"elementor-widget-container\">\n\t\t\t\t\t<ul class=\"elementor-icon-list-items\">\n\t\t\t\t\t\t\t<li class=\"elementor-icon-list-item\" >\n\t\t\t\t\t\t\t\t\t\t\t<span class=\"elementor-icon-list-icon\">\n\t\t\t\t\t\t\t\t\t\t\t\t\t\t\t\t<i class=\"fa fa-circle-o\" aria-hidden=\"true\"><\/i>\n\t\t\t\t\t\t\t\t\t\t\t\t\t<\/span>\n\t\t\t\t\t\t\t\t\t\t<span class=\"elementor-icon-list-text\">Krwiak<\/span>\n\t\t\t\t\t\t\t\t\t<\/li>\n\t\t\t\t\t\t\t\t<li class=\"elementor-icon-list-item\" >\n\t\t\t\t\t\t\t\t\t\t\t<span class=\"elementor-icon-list-icon\">\n\t\t\t\t\t\t\t\t\t\t\t\t\t\t\t\t<i class=\"fa fa-circle-o\" aria-hidden=\"true\"><\/i>\n\t\t\t\t\t\t\t\t\t\t\t\t\t<\/span>\n\t\t\t\t\t\t\t\t\t\t<span class=\"elementor-icon-list-text\">Zaka\u017cenie rany<\/span>\n\t\t\t\t\t\t\t\t\t<\/li>\n\t\t\t\t\t\t\t\t<li class=\"elementor-icon-list-item\" >\n\t\t\t\t\t\t\t\t\t\t\t<span class=\"elementor-icon-list-icon\">\n\t\t\t\t\t\t\t\t\t\t\t\t\t\t\t\t<i class=\"fa fa-circle-o\" aria-hidden=\"true\"><\/i>\n\t\t\t\t\t\t\t\t\t\t\t\t\t<\/span>\n\t\t\t\t\t\t\t\t\t\t<span class=\"elementor-icon-list-text\">Nieznaczna asymetria<\/span>\n\t\t\t\t\t\t\t\t\t<\/li>\n\t\t\t\t\t\t\t\t<li class=\"elementor-icon-list-item\" >\n\t\t\t\t\t\t\t\t\t\t\t<span class=\"elementor-icon-list-icon\">\n\t\t\t\t\t\t\t\t\t\t\t\t\t\t\t\t<i class=\"fa fa-circle-o\" aria-hidden=\"true\"><\/i>\n\t\t\t\t\t\t\t\t\t\t\t\t\t<\/span>\n\t\t\t\t\t\t\t\t\t\t<span class=\"elementor-icon-list-text\">Nier\u00f3wno\u015bci w sk\u00f3rze<\/span>\n\t\t\t\t\t\t\t\t\t<\/li>\n\t\t\t\t\t\t<\/ul>\n\t\t\t\t<\/div>\n\t\t\t\t<\/div>\n\t\t\t\t\t\t<\/div>\n\t\t\t<\/div>\n\t\t<\/div>\n\t\t\t\t\t\t<\/div>\n\t\t\t<\/div>\n\t\t<\/section>\n\t\t\t\t\t\t<\/div>\n\t\t\t<\/div>\n\t\t<\/div>","protected":false},"excerpt":{"rendered":"<p>Lift policzk\u00f3w ni\u0107mi wch\u0142anialnymi Czas trwania: ok 40 minut, wykonywany w znieczuleniu miejscowym. Zabieg jest polecany osobom z umiarkowanym objawem opadania policzk\u00f3w i jednocze\u015bnie odrzucaj\u0105cym mo\u017cliwo\u015b\u0107 poddania si\u0119 operacji liftingu twarzy. Polecane jest \u0142\u0105czenie zabiegu z liposukcj\u0105 podbr\u00f3dka z laserowym termo-liftingiem (SLIM-LIPO).Zabieg polega na zamontowaniu nici posiadaj\u0105cych specjalne haczyki w tkance podsk\u00f3rnej dzi\u0119ki czemu mo\u017cliwe &hellip;<\/p>","protected":false},"author":1,"featured_media":0,"parent":0,"menu_order":0,"comment_status":"closed","ping_status":"closed","template":"","meta":[],"_links":{"self":[{"href":"https:\/\/www.doktorjanuszek.pl\/en\/wp-json\/wp\/v2\/pages\/1111"}],"collection":[{"href":"https:\/\/www.doktorjanuszek.pl\/en\/wp-json\/wp\/v2\/pages"}],"about":[{"href":"https:\/\/www.doktorjanuszek.pl\/en\/wp-json\/wp\/v2\/types\/page"}],"author":[{"embeddable":true,"href":"https:\/\/www.doktorjanuszek.pl\/en\/wp-json\/wp\/v2\/users\/1"}],"replies":[{"embeddable":true,"href":"https:\/\/www.doktorjanuszek.pl\/en\/wp-json\/wp\/v2\/comments?post=1111"}],"version-history":[{"count":5,"href":"https:\/\/www.doktorjanuszek.pl\/en\/wp-json\/wp\/v2\/pages\/1111\/revisions"}],"predecessor-version":[{"id":1999,"href":"https:\/\/www.doktorjanuszek.pl\/en\/wp-json\/wp\/v2\/pages\/1111\/revisions\/1999"}],"wp:attachment":[{"href":"https:\/\/www.doktorjanuszek.pl\/en\/wp-json\/wp\/v2\/media?parent=1111"}],"curies":[{"name":"wp","href":"https:\/\/api.w.org\/{rel}","templated":true}]}}