{"id":1115,"date":"2018-09-18T20:25:45","date_gmt":"2018-09-18T18:25:45","guid":{"rendered":"http:\/\/www.doktorjanuszek.pl\/?page_id=1115"},"modified":"2018-10-12T22:01:32","modified_gmt":"2018-10-12T20:01:32","slug":"korekcja-odstajacych-malzowin-usznych","status":"publish","type":"page","link":"https:\/\/www.doktorjanuszek.pl\/en\/korekcja-odstajacych-malzowin-usznych\/","title":{"rendered":"Korekcja odstaj\u0105cych ma\u0142\u017cowin usznych"},"content":{"rendered":"<div data-elementor-type=\"wp-post\" data-elementor-id=\"1115\" class=\"elementor elementor-1115 elementor-bc-flex-widget\" data-elementor-settings=\"[]\">\n\t\t\t<div class=\"elementor-inner\">\n\t\t\t\t<div class=\"elementor-section-wrap\">\n\t\t\t\t\t\t\t<section class=\"elementor-element elementor-element-2f01cce8 elementor-section-boxed elementor-section-height-default elementor-section-height-default elementor-section elementor-top-section\" data-id=\"2f01cce8\" data-element_type=\"section\">\n\t\t\t\t\t\t<div class=\"elementor-container elementor-column-gap-default\">\n\t\t\t\t<div class=\"elementor-row\">\n\t\t\t\t<div class=\"elementor-element elementor-element-5f74eaf7 elementor-column elementor-col-100 elementor-top-column\" data-id=\"5f74eaf7\" data-element_type=\"column\">\n\t\t\t<div class=\"elementor-column-wrap  elementor-element-populated\">\n\t\t\t\t\t<div class=\"elementor-widget-wrap\">\n\t\t\t\t<div class=\"elementor-element elementor-element-522f47cd elementor-widget elementor-widget-heading\" data-id=\"522f47cd\" data-element_type=\"widget\" data-widget_type=\"heading.default\">\n\t\t\t\t<div class=\"elementor-widget-container\">\n\t\t\t<h2 class=\"elementor-heading-title elementor-size-default\">Korekcja odstaj\u0105cych ma\u0142\u017cowin usznych<\/h2>\t\t<\/div>\n\t\t\t\t<\/div>\n\t\t\t\t<div class=\"elementor-element elementor-element-76470a8 elementor-widget elementor-widget-divider\" data-id=\"76470a8\" data-element_type=\"widget\" data-widget_type=\"divider.default\">\n\t\t\t\t<div class=\"elementor-widget-container\">\n\t\t\t\t\t<div class=\"elementor-divider\">\n\t\t\t<span class=\"elementor-divider-separator\">\n\t\t\t\t\t\t<\/span>\n\t\t<\/div>\n\t\t\t\t<\/div>\n\t\t\t\t<\/div>\n\t\t\t\t\t\t<\/div>\n\t\t\t<\/div>\n\t\t<\/div>\n\t\t\t\t\t\t<\/div>\n\t\t\t<\/div>\n\t\t<\/section>\n\t\t\t\t<section class=\"elementor-element elementor-element-36c56d7a elementor-section-boxed elementor-section-height-default elementor-section-height-default elementor-section elementor-top-section\" data-id=\"36c56d7a\" data-element_type=\"section\">\n\t\t\t\t\t\t<div class=\"elementor-container elementor-column-gap-default\">\n\t\t\t\t<div class=\"elementor-row\">\n\t\t\t\t<div class=\"elementor-element elementor-element-77f64636 elementor-column elementor-col-100 elementor-top-column\" data-id=\"77f64636\" data-element_type=\"column\">\n\t\t\t<div class=\"elementor-column-wrap  elementor-element-populated\">\n\t\t\t\t\t<div class=\"elementor-widget-wrap\">\n\t\t\t\t<div class=\"elementor-element elementor-element-492fa362 elementor-widget elementor-widget-text-editor\" data-id=\"492fa362\" data-element_type=\"widget\" data-widget_type=\"text-editor.default\">\n\t\t\t\t<div class=\"elementor-widget-container\">\n\t\t\t\t\t<div class=\"elementor-text-editor elementor-clearfix\"><p>Czas trwania: do 2 godzin, wykonywany w znieczuleniu og\u00f3lnym lub miejscowym.<\/p><p>Odstawanie ma\u0142\u017cowin usznych jest wad\u0105 wrodzon\u0105. Jest ona zwi\u0105zana z brakiem zagi\u0119cia lub niedostatecznym zagi\u0119ciem chrz\u0105stek ma\u0142\u017cowin cz\u0119sto wsp\u00f3\u0142istniej\u0105c\u0105 z du\u017c\u0105 muszl\u0105 ma\u0142\u017cowiny, co w konsekwencji prowadzi w\u0142a\u015bnie do nadmiernego odstawania od g\u0142owy ma\u0142\u017cowin usznych.<br \/>Zniekszta\u0142cenie mo\u017ce dotyczy\u0107 jednej lub obu ma\u0142\u017cowin. Wad\u0119 mo\u017cna korygowa\u0107 ju\u017c u dzieci miedzy 7 a 8 rokiem \u017cycia w znieczuleniu og\u00f3lnym, natomiast u os\u00f3b starszych (powy\u017cej 14 roku \u017cycia) w znieczuleniu miejscowym.<br \/>Operacja polega na wyci\u0119ciu pasa sk\u00f3ry na tylnej powierzchni ma\u0142\u017cowiny, a nast\u0119pnie \u015bcie\u0144czeniu lub naci\u0119ciu chrz\u0105stki, w niekt\u00f3rych przypadkach stosuje si\u0119 usuni\u0119cie fragmentu powi\u0119kszonej muszli ma\u0142\u017cowiny.<br \/>Chrz\u0105stk\u0119 modeluj\u0119 si\u0119 zak\u0142adaj\u0105c szwy niewch\u0142anialne (pozostaj\u0105 na zawsze) i zszywa ran\u0119 na sk\u00f3rze.<\/p><\/div>\n\t\t\t\t<\/div>\n\t\t\t\t<\/div>\n\t\t\t\t\t\t<\/div>\n\t\t\t<\/div>\n\t\t<\/div>\n\t\t\t\t\t\t<\/div>\n\t\t\t<\/div>\n\t\t<\/section>\n\t\t\t\t<section class=\"elementor-element elementor-element-432d3c7e elementor-section-boxed elementor-section-height-default elementor-section-height-default elementor-section elementor-top-section\" data-id=\"432d3c7e\" data-element_type=\"section\">\n\t\t\t\t\t\t<div class=\"elementor-container elementor-column-gap-default\">\n\t\t\t\t<div class=\"elementor-row\">\n\t\t\t\t<div class=\"elementor-element elementor-element-37bc4ae4 elementor-column elementor-col-100 elementor-top-column\" data-id=\"37bc4ae4\" data-element_type=\"column\">\n\t\t\t<div class=\"elementor-column-wrap  elementor-element-populated\">\n\t\t\t\t\t<div class=\"elementor-widget-wrap\">\n\t\t\t\t<div class=\"elementor-element elementor-element-4e4494 elementor-widget elementor-widget-divider\" data-id=\"4e4494\" data-element_type=\"widget\" data-widget_type=\"divider.default\">\n\t\t\t\t<div class=\"elementor-widget-container\">\n\t\t\t\t\t<div class=\"elementor-divider\">\n\t\t\t<span class=\"elementor-divider-separator\">\n\t\t\t\t\t\t<\/span>\n\t\t<\/div>\n\t\t\t\t<\/div>\n\t\t\t\t<\/div>\n\t\t\t\t<div class=\"elementor-element elementor-element-2a979309 elementor-widget elementor-widget-heading\" data-id=\"2a979309\" data-element_type=\"widget\" data-widget_type=\"heading.default\">\n\t\t\t\t<div class=\"elementor-widget-container\">\n\t\t\t<h3 class=\"elementor-heading-title elementor-size-default\">Rekonwalescencja:<\/h3>\t\t<\/div>\n\t\t\t\t<\/div>\n\t\t\t\t<div class=\"elementor-element elementor-element-430a91ff elementor-widget elementor-widget-text-editor\" data-id=\"430a91ff\" data-element_type=\"widget\" data-widget_type=\"text-editor.default\">\n\t\t\t\t<div class=\"elementor-widget-container\">\n\t\t\t\t\t<div class=\"elementor-text-editor elementor-clearfix\"><p>Po zako\u0144czeniu operacji zak\u0142adany jest opatrunek i banda\u017c. Przez 2 -3 dni trzeba przyjmowa\u0107 \u015brodki przeciwb\u00f3lowe a uszy s\u0105 spuchni\u0119te i \u017cywo r\u00f3\u017cowe.<br \/>Pierwszy opatrunek wskazany jest w nast\u0119pnym dniu po zabiegu. Kolejny zmienia si\u0119 po 7-10 dniach, kiedy to zdejmuje si\u0119 szwy sk\u00f3rne, a banda\u017c zast\u0119powany jest opask\u0105 elastyczn\u0105.<br \/>Opask\u0119 elastyczn\u0105 na uszach nale\u017cy nosi\u0107 ca\u0142\u0105 dob\u0119 przez 2 tygodnie, a przez kolejne 8 tygodni (2 miesi\u0105ce) nale\u017cy zak\u0142ada\u0107 j\u0105 do snu i zaj\u0119\u0107 sportowych. Zadaniem opaski jest zabezpieczanie uszu przed przypadkowym zahaczeniem, a nie dociskanie uszu. Obrz\u0119k z uszu ust\u0119puje ca\u0142kowicie po oko\u0142o 3 miesi\u0105cach.<\/p><\/div>\n\t\t\t\t<\/div>\n\t\t\t\t<\/div>\n\t\t\t\t<div class=\"elementor-element elementor-element-30f02fce elementor-widget elementor-widget-divider\" data-id=\"30f02fce\" data-element_type=\"widget\" data-widget_type=\"divider.default\">\n\t\t\t\t<div class=\"elementor-widget-container\">\n\t\t\t\t\t<div class=\"elementor-divider\">\n\t\t\t<span class=\"elementor-divider-separator\">\n\t\t\t\t\t\t<\/span>\n\t\t<\/div>\n\t\t\t\t<\/div>\n\t\t\t\t<\/div>\n\t\t\t\t<div class=\"elementor-element elementor-element-55681a15 elementor-widget elementor-widget-heading\" data-id=\"55681a15\" data-element_type=\"widget\" data-widget_type=\"heading.default\">\n\t\t\t\t<div class=\"elementor-widget-container\">\n\t\t\t<h3 class=\"elementor-heading-title elementor-size-default\">Mo\u017cliwe powik\u0142ania<\/h3>\t\t<\/div>\n\t\t\t\t<\/div>\n\t\t\t\t<div class=\"elementor-element elementor-element-69760a07 elementor-icon-list--layout-traditional elementor-widget elementor-widget-icon-list\" data-id=\"69760a07\" data-element_type=\"widget\" data-widget_type=\"icon-list.default\">\n\t\t\t\t<div class=\"elementor-widget-container\">\n\t\t\t\t\t<ul class=\"elementor-icon-list-items\">\n\t\t\t\t\t\t\t<li class=\"elementor-icon-list-item\" >\n\t\t\t\t\t\t\t\t\t\t\t<span class=\"elementor-icon-list-icon\">\n\t\t\t\t\t\t\t\t\t\t\t\t\t\t\t\t<i class=\"fa fa-circle-o\" aria-hidden=\"true\"><\/i>\n\t\t\t\t\t\t\t\t\t\t\t\t\t<\/span>\n\t\t\t\t\t\t\t\t\t\t<span class=\"elementor-icon-list-text\">Krwiak<\/span>\n\t\t\t\t\t\t\t\t\t<\/li>\n\t\t\t\t\t\t\t\t<li class=\"elementor-icon-list-item\" >\n\t\t\t\t\t\t\t\t\t\t\t<span class=\"elementor-icon-list-icon\">\n\t\t\t\t\t\t\t\t\t\t\t\t\t\t\t\t<i class=\"fa fa-circle-o\" aria-hidden=\"true\"><\/i>\n\t\t\t\t\t\t\t\t\t\t\t\t\t<\/span>\n\t\t\t\t\t\t\t\t\t\t<span class=\"elementor-icon-list-text\">Zaka\u017cenie rany<\/span>\n\t\t\t\t\t\t\t\t\t<\/li>\n\t\t\t\t\t\t\t\t<li class=\"elementor-icon-list-item\" >\n\t\t\t\t\t\t\t\t\t\t\t<span class=\"elementor-icon-list-icon\">\n\t\t\t\t\t\t\t\t\t\t\t\t\t\t\t\t<i class=\"fa fa-circle-o\" aria-hidden=\"true\"><\/i>\n\t\t\t\t\t\t\t\t\t\t\t\t\t<\/span>\n\t\t\t\t\t\t\t\t\t\t<span class=\"elementor-icon-list-text\">Nawr\u00f3t odstawania<\/span>\n\t\t\t\t\t\t\t\t\t<\/li>\n\t\t\t\t\t\t\t\t<li class=\"elementor-icon-list-item\" >\n\t\t\t\t\t\t\t\t\t\t\t<span class=\"elementor-icon-list-icon\">\n\t\t\t\t\t\t\t\t\t\t\t\t\t\t\t\t<i class=\"fa fa-circle-o\" aria-hidden=\"true\"><\/i>\n\t\t\t\t\t\t\t\t\t\t\t\t\t<\/span>\n\t\t\t\t\t\t\t\t\t\t<span class=\"elementor-icon-list-text\">Asymetria<\/span>\n\t\t\t\t\t\t\t\t\t<\/li>\n\t\t\t\t\t\t<\/ul>\n\t\t\t\t<\/div>\n\t\t\t\t<\/div>\n\t\t\t\t\t\t<\/div>\n\t\t\t<\/div>\n\t\t<\/div>\n\t\t\t\t\t\t<\/div>\n\t\t\t<\/div>\n\t\t<\/section>\n\t\t\t\t\t\t<\/div>\n\t\t\t<\/div>\n\t\t<\/div>","protected":false},"excerpt":{"rendered":"<p>Korekcja odstaj\u0105cych ma\u0142\u017cowin usznych Czas trwania: do 2 godzin, wykonywany w znieczuleniu og\u00f3lnym lub miejscowym. Odstawanie ma\u0142\u017cowin usznych jest wad\u0105 wrodzon\u0105. Jest ona zwi\u0105zana z brakiem zagi\u0119cia lub niedostatecznym zagi\u0119ciem chrz\u0105stek ma\u0142\u017cowin cz\u0119sto wsp\u00f3\u0142istniej\u0105c\u0105 z du\u017c\u0105 muszl\u0105 ma\u0142\u017cowiny, co w konsekwencji prowadzi w\u0142a\u015bnie do nadmiernego odstawania od g\u0142owy ma\u0142\u017cowin usznych.Zniekszta\u0142cenie mo\u017ce dotyczy\u0107 jednej lub obu &hellip;<\/p>","protected":false},"author":1,"featured_media":0,"parent":0,"menu_order":0,"comment_status":"closed","ping_status":"closed","template":"","meta":[],"_links":{"self":[{"href":"https:\/\/www.doktorjanuszek.pl\/en\/wp-json\/wp\/v2\/pages\/1115"}],"collection":[{"href":"https:\/\/www.doktorjanuszek.pl\/en\/wp-json\/wp\/v2\/pages"}],"about":[{"href":"https:\/\/www.doktorjanuszek.pl\/en\/wp-json\/wp\/v2\/types\/page"}],"author":[{"embeddable":true,"href":"https:\/\/www.doktorjanuszek.pl\/en\/wp-json\/wp\/v2\/users\/1"}],"replies":[{"embeddable":true,"href":"https:\/\/www.doktorjanuszek.pl\/en\/wp-json\/wp\/v2\/comments?post=1115"}],"version-history":[{"count":4,"href":"https:\/\/www.doktorjanuszek.pl\/en\/wp-json\/wp\/v2\/pages\/1115\/revisions"}],"predecessor-version":[{"id":2001,"href":"https:\/\/www.doktorjanuszek.pl\/en\/wp-json\/wp\/v2\/pages\/1115\/revisions\/2001"}],"wp:attachment":[{"href":"https:\/\/www.doktorjanuszek.pl\/en\/wp-json\/wp\/v2\/media?parent=1115"}],"curies":[{"name":"wp","href":"https:\/\/api.w.org\/{rel}","templated":true}]}}