{"id":1117,"date":"2018-09-18T20:26:05","date_gmt":"2018-09-18T18:26:05","guid":{"rendered":"http:\/\/www.doktorjanuszek.pl\/?page_id=1117"},"modified":"2018-10-19T08:39:44","modified_gmt":"2018-10-19T06:39:44","slug":"powiekszenie-piersi-implantami","status":"publish","type":"page","link":"https:\/\/www.doktorjanuszek.pl\/en\/powiekszenie-piersi-implantami\/","title":{"rendered":"Powi\u0119kszenie piersi implantami"},"content":{"rendered":"<div data-elementor-type=\"wp-post\" data-elementor-id=\"1117\" class=\"elementor elementor-1117 elementor-bc-flex-widget\" data-elementor-settings=\"[]\">\n\t\t\t<div class=\"elementor-inner\">\n\t\t\t\t<div class=\"elementor-section-wrap\">\n\t\t\t\t\t\t\t<section class=\"elementor-element elementor-element-32c55378 elementor-section-boxed elementor-section-height-default elementor-section-height-default elementor-section elementor-top-section\" data-id=\"32c55378\" data-element_type=\"section\">\n\t\t\t\t\t\t<div class=\"elementor-container elementor-column-gap-default\">\n\t\t\t\t<div class=\"elementor-row\">\n\t\t\t\t<div class=\"elementor-element elementor-element-16e04311 elementor-column elementor-col-100 elementor-top-column\" data-id=\"16e04311\" data-element_type=\"column\">\n\t\t\t<div class=\"elementor-column-wrap  elementor-element-populated\">\n\t\t\t\t\t<div class=\"elementor-widget-wrap\">\n\t\t\t\t<div class=\"elementor-element elementor-element-3594313f elementor-widget elementor-widget-heading\" data-id=\"3594313f\" data-element_type=\"widget\" data-widget_type=\"heading.default\">\n\t\t\t\t<div class=\"elementor-widget-container\">\n\t\t\t<h2 class=\"elementor-heading-title elementor-size-default\">Powi\u0119kszenie piersi implantami<\/h2>\t\t<\/div>\n\t\t\t\t<\/div>\n\t\t\t\t<div class=\"elementor-element elementor-element-64f7fd94 elementor-widget elementor-widget-divider\" data-id=\"64f7fd94\" data-element_type=\"widget\" data-widget_type=\"divider.default\">\n\t\t\t\t<div class=\"elementor-widget-container\">\n\t\t\t\t\t<div class=\"elementor-divider\">\n\t\t\t<span class=\"elementor-divider-separator\">\n\t\t\t\t\t\t<\/span>\n\t\t<\/div>\n\t\t\t\t<\/div>\n\t\t\t\t<\/div>\n\t\t\t\t\t\t<\/div>\n\t\t\t<\/div>\n\t\t<\/div>\n\t\t\t\t\t\t<\/div>\n\t\t\t<\/div>\n\t\t<\/section>\n\t\t\t\t<section class=\"elementor-element elementor-element-21b1af0e elementor-section-boxed elementor-section-height-default elementor-section-height-default elementor-section elementor-top-section\" data-id=\"21b1af0e\" data-element_type=\"section\">\n\t\t\t\t\t\t<div class=\"elementor-container elementor-column-gap-default\">\n\t\t\t\t<div class=\"elementor-row\">\n\t\t\t\t<div class=\"elementor-element elementor-element-2518e863 elementor-column elementor-col-100 elementor-top-column\" data-id=\"2518e863\" data-element_type=\"column\">\n\t\t\t<div class=\"elementor-column-wrap  elementor-element-populated\">\n\t\t\t\t\t<div class=\"elementor-widget-wrap\">\n\t\t\t\t<div class=\"elementor-element elementor-element-1bbd4b1a elementor-widget elementor-widget-text-editor\" data-id=\"1bbd4b1a\" data-element_type=\"widget\" data-widget_type=\"text-editor.default\">\n\t\t\t\t<div class=\"elementor-widget-container\">\n\t\t\t\t\t<div class=\"elementor-text-editor elementor-clearfix\"><p>Czas trwania: do 2 godzin, wykonywany w znieczuleniu og\u00f3lnym.<\/p><p>Implanty piersi wype\u0142nione s\u0105 \u017celem silikonowym. Mog\u0105 mie\u0107 kszta\u0142t okr\u0105g\u0142y lub anatomiczny a w ramach obu kszta\u0142t\u00f3w r\u00f3\u017cne wielko\u015bci i projekcje (stopie\u0144 ekspozycji do przodu).\u00a0Dobranie odpowiedniej wielko\u015bci i kszta\u0142tu\u00a0implantu odbywa si\u0119 indywidualnie podczas konsultacji lekarskiej, uwzgl\u0119dniaj\u0105c oczekiwania pacjentki i mo\u017cliwo\u015bci anatomiczne. Silikon zawarty w implantach jest bezpieczny dla zdrowia, ale w przypadku uszkodzenia pow\u0142oki implantu i wydostawania si\u0119 \u017celu na zewn\u0105trz, konieczne jest usuni\u0119cie implantu i wymienienie go na nowy. Rozpoznanie uszkodzenia implantu, mo\u017cliwe jest jedynie przy pomocy badania USG piersi, a w przypadku w\u0105tpliwo\u015bci, rezonansu magnetycznego, poniewa\u017c pier\u015b nie zmienia swojej wielko\u015bci. Producenci daj\u0105 do\u017cywotni\u0105 gwarancj\u0119 na trwa\u0142o\u015b\u0107 pow\u0142oki implantu.<\/p><p>Implanty mo\u017cna wprowadza\u0107 przez naci\u0119cia w fa\u0142dach podpiersiowych, na granicy otoczek sutkowych lub w fa\u0142dach pachowych. Umieszcza si\u0119 je pod mi\u0119\u015bniem piersiowym wi\u0119kszym, pod gruczo\u0142em piersiowym lub cz\u0119\u015bciowo pod mi\u0119\u015bniem, a cz\u0119\u015bciowo pod gruczo\u0142em (dual plane).<\/p><p>Zabieg powi\u0119kszenia biustu musi zosta\u0107 poprzedzony badaniem USG piersi i\/lub mammografi\u0105 w celu potwierdzenia braku wyst\u0119powania nieprawid\u0142owych guzk\u00f3w litych.<br \/>Decyzj\u0119 o lokalizacji naci\u0119cia lekarz podejmuje wsp\u00f3lnie z pacjentk\u0105 podczas konsultacji. Stosowane przeze mnie naci\u0119cia s\u0105 zlokalizowane w fa\u0142dach podpiersiowych lub na granicy otoczki sutkowej. Po wytworzeniu przestrzeni dla implantu pod mi\u0119\u015bniem piersiowym wi\u0119kszym i gruczo\u0142em piersiowym (dual plane) oraz kontroli krwawienia, wprowadza si\u0119 implanty i zaszywa rany. W rzadkich przypadkach zachodzi konieczno\u015b\u0107 pozostawienia dren\u00f3w. Bezpo\u015brednio po operacji pacjentka ubierana jest w specjalny biustonosz, kt\u00f3ry nale\u017cy nosi\u0107 przez ca\u0142\u0105 dob\u0119 przez czas 4-6 tygodni.<\/p><\/div>\n\t\t\t\t<\/div>\n\t\t\t\t<\/div>\n\t\t\t\t\t\t<\/div>\n\t\t\t<\/div>\n\t\t<\/div>\n\t\t\t\t\t\t<\/div>\n\t\t\t<\/div>\n\t\t<\/section>\n\t\t\t\t<section class=\"elementor-element elementor-element-39089ec elementor-section-boxed elementor-section-height-default elementor-section-height-default elementor-section elementor-top-section\" data-id=\"39089ec\" data-element_type=\"section\">\n\t\t\t\t\t\t<div class=\"elementor-container elementor-column-gap-default\">\n\t\t\t\t<div class=\"elementor-row\">\n\t\t\t\t<div class=\"elementor-element elementor-element-7390ed17 elementor-column elementor-col-100 elementor-top-column\" data-id=\"7390ed17\" data-element_type=\"column\">\n\t\t\t<div class=\"elementor-column-wrap  elementor-element-populated\">\n\t\t\t\t\t<div class=\"elementor-widget-wrap\">\n\t\t\t\t<div class=\"elementor-element elementor-element-370de0aa elementor-widget elementor-widget-divider\" data-id=\"370de0aa\" data-element_type=\"widget\" data-widget_type=\"divider.default\">\n\t\t\t\t<div class=\"elementor-widget-container\">\n\t\t\t\t\t<div class=\"elementor-divider\">\n\t\t\t<span class=\"elementor-divider-separator\">\n\t\t\t\t\t\t<\/span>\n\t\t<\/div>\n\t\t\t\t<\/div>\n\t\t\t\t<\/div>\n\t\t\t\t<div class=\"elementor-element elementor-element-3e2ad4a6 elementor-widget elementor-widget-heading\" data-id=\"3e2ad4a6\" data-element_type=\"widget\" data-widget_type=\"heading.default\">\n\t\t\t\t<div class=\"elementor-widget-container\">\n\t\t\t<h3 class=\"elementor-heading-title elementor-size-default\">Rekonwalescencja:<\/h3>\t\t<\/div>\n\t\t\t\t<\/div>\n\t\t\t\t<div class=\"elementor-element elementor-element-e1817b6 elementor-widget elementor-widget-text-editor\" data-id=\"e1817b6\" data-element_type=\"widget\" data-widget_type=\"text-editor.default\">\n\t\t\t\t<div class=\"elementor-widget-container\">\n\t\t\t\t\t<div class=\"elementor-text-editor elementor-clearfix\"><p>Bezpo\u015brednio po zabiegu operacyjnym trzeba przygotowa\u0107 si\u0119 na dolegliwo\u015bci b\u00f3lowe, kt\u00f3re b\u0119d\u0105 si\u0119 nasila\u0107 przy zmianie pozycji cia\u0142a. \u015arodki przeciwb\u00f3lowe nie wyeliminuj\u0105 b\u00f3lu ca\u0142kowicie.<br \/>Operacyjne powi\u0119kszenie biustu wywo\u0142uje obrz\u0119k, ust\u0119puj\u0105cy powoli przez 3 do 6 miesi\u0119cy. Szwy s\u0105 usuwane z rany operacyjnej po 7 do14 dniach. Przekszta\u0142cenie si\u0119 blizn z sino-r\u00f3\u017cowych i twardych na mi\u0119kkie i blade zajmuje oko\u0142o 12 miesi\u0119cy ale nigdy ca\u0142kowicie (blizny) nie znikn\u0105. W okresie ust\u0119powania obrz\u0119ku z piersi i zmieniania si\u0119 blizn nie wolno ich opala\u0107. Przez kilka miesi\u0119cy mog\u0105 si\u0119 r\u00f3wnie\u017c utrzymywa\u0107 zaburzenia czucia na brodawkach sutkowych (nadmierna lub niedostateczna wra\u017cliwo\u015b\u0107).<br \/>W ci\u0105gu 2 kolejnych miesi\u0119cy po przeprowadzonym zabiegu nale\u017cy unika\u0107 d\u017awigania. Do aktywno\u015bci sportowej mo\u017cna powr\u00f3ci\u0107 po 3 miesi\u0105cach.<br \/>Wskazane jest wykonywanie kontrolnego badania USG piersi raz w roku.<\/p><\/div>\n\t\t\t\t<\/div>\n\t\t\t\t<\/div>\n\t\t\t\t<div class=\"elementor-element elementor-element-4214492 elementor-widget elementor-widget-divider\" data-id=\"4214492\" data-element_type=\"widget\" data-widget_type=\"divider.default\">\n\t\t\t\t<div class=\"elementor-widget-container\">\n\t\t\t\t\t<div class=\"elementor-divider\">\n\t\t\t<span class=\"elementor-divider-separator\">\n\t\t\t\t\t\t<\/span>\n\t\t<\/div>\n\t\t\t\t<\/div>\n\t\t\t\t<\/div>\n\t\t\t\t<div class=\"elementor-element elementor-element-67a3a030 elementor-widget elementor-widget-heading\" data-id=\"67a3a030\" data-element_type=\"widget\" data-widget_type=\"heading.default\">\n\t\t\t\t<div class=\"elementor-widget-container\">\n\t\t\t<h3 class=\"elementor-heading-title elementor-size-default\">Mo\u017cliwe powik\u0142ania<\/h3>\t\t<\/div>\n\t\t\t\t<\/div>\n\t\t\t\t<div class=\"elementor-element elementor-element-14b01e5f elementor-icon-list--layout-traditional elementor-widget elementor-widget-icon-list\" data-id=\"14b01e5f\" data-element_type=\"widget\" data-widget_type=\"icon-list.default\">\n\t\t\t\t<div class=\"elementor-widget-container\">\n\t\t\t\t\t<ul class=\"elementor-icon-list-items\">\n\t\t\t\t\t\t\t<li class=\"elementor-icon-list-item\" >\n\t\t\t\t\t\t\t\t\t\t\t<span class=\"elementor-icon-list-icon\">\n\t\t\t\t\t\t\t\t\t\t\t\t\t\t\t\t<i class=\"fa fa-circle-o\" aria-hidden=\"true\"><\/i>\n\t\t\t\t\t\t\t\t\t\t\t\t\t<\/span>\n\t\t\t\t\t\t\t\t\t\t<span class=\"elementor-icon-list-text\">Krwiak<\/span>\n\t\t\t\t\t\t\t\t\t<\/li>\n\t\t\t\t\t\t\t\t<li class=\"elementor-icon-list-item\" >\n\t\t\t\t\t\t\t\t\t\t\t<span class=\"elementor-icon-list-icon\">\n\t\t\t\t\t\t\t\t\t\t\t\t\t\t\t\t<i class=\"fa fa-circle-o\" aria-hidden=\"true\"><\/i>\n\t\t\t\t\t\t\t\t\t\t\t\t\t<\/span>\n\t\t\t\t\t\t\t\t\t\t<span class=\"elementor-icon-list-text\">Zaka\u017cenie rany (konieczno\u015b\u0107 czasowego usuni\u0119cia implantu)<\/span>\n\t\t\t\t\t\t\t\t\t<\/li>\n\t\t\t\t\t\t\t\t<li class=\"elementor-icon-list-item\" >\n\t\t\t\t\t\t\t\t\t\t\t<span class=\"elementor-icon-list-icon\">\n\t\t\t\t\t\t\t\t\t\t\t\t\t\t\t\t<i class=\"fa fa-circle-o\" aria-hidden=\"true\"><\/i>\n\t\t\t\t\t\t\t\t\t\t\t\t\t<\/span>\n\t\t\t\t\t\t\t\t\t\t<span class=\"elementor-icon-list-text\">Nier\u00f3wne po\u0142o\u017cenie implant\u00f3w<\/span>\n\t\t\t\t\t\t\t\t\t<\/li>\n\t\t\t\t\t\t\t\t<li class=\"elementor-icon-list-item\" >\n\t\t\t\t\t\t\t\t\t\t\t<span class=\"elementor-icon-list-icon\">\n\t\t\t\t\t\t\t\t\t\t\t\t\t\t\t\t<i class=\"fa fa-circle-o\" aria-hidden=\"true\"><\/i>\n\t\t\t\t\t\t\t\t\t\t\t\t\t<\/span>\n\t\t\t\t\t\t\t\t\t\t<span class=\"elementor-icon-list-text\">Pogrubianie i zaciskanie si\u0119 torebki \u0142\u0105cznotkankowej wok\u00f3\u0142 implantu<\/span>\n\t\t\t\t\t\t\t\t\t<\/li>\n\t\t\t\t\t\t\t\t<li class=\"elementor-icon-list-item\" >\n\t\t\t\t\t\t\t\t\t\t\t<span class=\"elementor-icon-list-icon\">\n\t\t\t\t\t\t\t\t\t\t\t\t\t\t\t\t<i class=\"fa fa-circle-o\" aria-hidden=\"true\"><\/i>\n\t\t\t\t\t\t\t\t\t\t\t\t\t<\/span>\n\t\t\t\t\t\t\t\t\t\t<span class=\"elementor-icon-list-text\">Gromadzenie p\u0142ynu surowiczego wok\u00f3\u0142 implantu<\/span>\n\t\t\t\t\t\t\t\t\t<\/li>\n\t\t\t\t\t\t\t\t<li class=\"elementor-icon-list-item\" >\n\t\t\t\t\t\t\t\t\t\t\t<span class=\"elementor-icon-list-icon\">\n\t\t\t\t\t\t\t\t\t\t\t\t\t\t\t\t<i class=\"fa fa-circle-o\" aria-hidden=\"true\"><\/i>\n\t\t\t\t\t\t\t\t\t\t\t\t\t<\/span>\n\t\t\t\t\t\t\t\t\t\t<span class=\"elementor-icon-list-text\">Uszkodzenie implantu<\/span>\n\t\t\t\t\t\t\t\t\t<\/li>\n\t\t\t\t\t\t<\/ul>\n\t\t\t\t<\/div>\n\t\t\t\t<\/div>\n\t\t\t\t<div class=\"elementor-element elementor-element-312f0f0 elementor-widget elementor-widget-divider\" data-id=\"312f0f0\" data-element_type=\"widget\" data-widget_type=\"divider.default\">\n\t\t\t\t<div class=\"elementor-widget-container\">\n\t\t\t\t\t<div class=\"elementor-divider\">\n\t\t\t<span class=\"elementor-divider-separator\">\n\t\t\t\t\t\t<\/span>\n\t\t<\/div>\n\t\t\t\t<\/div>\n\t\t\t\t<\/div>\n\t\t\t\t<div class=\"elementor-element elementor-element-286a2b63 elementor-widget elementor-widget-heading\" data-id=\"286a2b63\" data-element_type=\"widget\" data-widget_type=\"heading.default\">\n\t\t\t\t<div class=\"elementor-widget-container\">\n\t\t\t<h3 class=\"elementor-heading-title elementor-size-default\">Galeria Przed\/Po<\/h3>\t\t<\/div>\n\t\t\t\t<\/div>\n\t\t\t\t<div class=\"elementor-element elementor-element-31badb01 elementor-widget elementor-widget-jet-image-comparison\" data-id=\"31badb01\" data-element_type=\"widget\" data-widget_type=\"jet-image-comparison.default\">\n\t\t\t\t<div class=\"elementor-widget-container\">\n\t\t\t<div class=\"elementor-jet-image-comparison jet-elements\"><div class=\"jet-image-comparison\">\n\t<div class=\"jet-image-comparison__prev-arrow-31badb01 jet-arrow prev-arrow\"><\/div><div class=\"jet-image-comparison__next-arrow-31badb01 jet-arrow next-arrow\"><\/div><div class=\"jet-image-comparison__instance elementor-slick-slider\" data-settings='{\"slidesToShow\":{\"desktop\":1,\"tablet\":0,\"mobile\":0},\"autoplaySpeed\":5000,\"autoplay\":true,\"infinite\":true,\"pauseOnHover\":false,\"speed\":500,\"arrows\":true,\"dots\":false,\"slidesToScroll\":1,\"prevArrow\":\".jet-image-comparison__prev-arrow-31badb01\",\"nextArrow\":\".jet-image-comparison__next-arrow-31badb01\",\"rtl\":false}' dir=\"ltr\">\n<div class=\"jet-image-comparison__item\">\n\t<div class=\"jet-image-comparison__container jet-juxtapose\" data-prev-icon=\"fa fa-angle-left\" data-next-icon=\"fa fa-angle-right\" data-makeresponsive=\"true\" data-startingposition=\"50%\">\n\t\t<img class=\"jet-image-comparison__before-image a3-notlazy\" src=\"https:\/\/www.doktorjanuszek.pl\/wp-content\/uploads\/2018\/10\/IMPL-16.04_1przed.jpg\"  alt=\"\" data-no-lazy=\"1\">\n\t\t<img class=\"jet-image-comparison__after-image a3-notlazy\" src=\"https:\/\/www.doktorjanuszek.pl\/wp-content\/uploads\/2018\/10\/IMPL-16.04_1po.jpg\"  alt=\"\" data-no-lazy=\"1\">\n\t<\/div>\n<\/div>\n\n<div class=\"jet-image-comparison__item\">\n\t<div class=\"jet-image-comparison__container jet-juxtapose\" data-prev-icon=\"fa fa-angle-left\" data-next-icon=\"fa fa-angle-right\" data-makeresponsive=\"true\" data-startingposition=\"50%\">\n\t\t<img class=\"jet-image-comparison__before-image a3-notlazy\" src=\"https:\/\/www.doktorjanuszek.pl\/wp-content\/uploads\/2018\/10\/IMPL-16.04_2przed.jpg\"  alt=\"\" data-no-lazy=\"1\">\n\t\t<img class=\"jet-image-comparison__after-image a3-notlazy\" src=\"https:\/\/www.doktorjanuszek.pl\/wp-content\/uploads\/2018\/10\/IMPL-16.04_2po.jpg\"  alt=\"\" data-no-lazy=\"1\">\n\t<\/div>\n<\/div>\n\n<div class=\"jet-image-comparison__item\">\n\t<div class=\"jet-image-comparison__container jet-juxtapose\" data-prev-icon=\"fa fa-angle-left\" data-next-icon=\"fa fa-angle-right\" data-makeresponsive=\"true\" data-startingposition=\"50%\">\n\t\t<img class=\"jet-image-comparison__before-image a3-notlazy\" src=\"https:\/\/www.doktorjanuszek.pl\/wp-content\/uploads\/2018\/10\/IMPL-16.04_3przed.jpg\"  alt=\"\" data-no-lazy=\"1\">\n\t\t<img class=\"jet-image-comparison__after-image a3-notlazy\" src=\"https:\/\/www.doktorjanuszek.pl\/wp-content\/uploads\/2018\/10\/IMPL-16.04_3po.jpg\"  alt=\"\" data-no-lazy=\"1\">\n\t<\/div>\n<\/div>\n\n<div class=\"jet-image-comparison__item\">\n\t<div class=\"jet-image-comparison__container jet-juxtapose\" data-prev-icon=\"fa fa-angle-left\" data-next-icon=\"fa fa-angle-right\" data-makeresponsive=\"true\" data-startingposition=\"50%\">\n\t\t<img class=\"jet-image-comparison__before-image a3-notlazy\" src=\"https:\/\/www.doktorjanuszek.pl\/wp-content\/uploads\/2018\/10\/IMPL-16.04_4przed.jpg\"  alt=\"\" data-no-lazy=\"1\">\n\t\t<img class=\"jet-image-comparison__after-image a3-notlazy\" src=\"https:\/\/www.doktorjanuszek.pl\/wp-content\/uploads\/2018\/10\/IMPL-16.04_4po.jpg\"  alt=\"\" data-no-lazy=\"1\">\n\t<\/div>\n<\/div>\n\n<div class=\"jet-image-comparison__item\">\n\t<div class=\"jet-image-comparison__container jet-juxtapose\" data-prev-icon=\"fa fa-angle-left\" data-next-icon=\"fa fa-angle-right\" data-makeresponsive=\"true\" data-startingposition=\"50%\">\n\t\t<img class=\"jet-image-comparison__before-image a3-notlazy\" src=\"https:\/\/www.doktorjanuszek.pl\/wp-content\/uploads\/2018\/10\/IMPL-16.04_5przed.jpg\"  alt=\"\" data-no-lazy=\"1\">\n\t\t<img class=\"jet-image-comparison__after-image a3-notlazy\" src=\"https:\/\/www.doktorjanuszek.pl\/wp-content\/uploads\/2018\/10\/IMPL-16.04_5po.jpg\"  alt=\"\" data-no-lazy=\"1\">\n\t<\/div>\n<\/div>\n\n<\/div>\n<\/div>\n<\/div>\t\t<\/div>\n\t\t\t\t<\/div>\n\t\t\t\t<div class=\"elementor-element elementor-element-9454194 elementor-widget elementor-widget-jet-image-comparison\" data-id=\"9454194\" data-element_type=\"widget\" data-widget_type=\"jet-image-comparison.default\">\n\t\t\t\t<div class=\"elementor-widget-container\">\n\t\t\t<div class=\"elementor-jet-image-comparison jet-elements\"><div class=\"jet-image-comparison\">\n\t<div class=\"jet-image-comparison__prev-arrow-9454194 jet-arrow prev-arrow\"><\/div><div class=\"jet-image-comparison__next-arrow-9454194 jet-arrow next-arrow\"><\/div><div class=\"jet-image-comparison__instance elementor-slick-slider\" data-settings='{\"slidesToShow\":{\"desktop\":1,\"tablet\":0,\"mobile\":0},\"autoplaySpeed\":5000,\"autoplay\":true,\"infinite\":true,\"pauseOnHover\":false,\"speed\":500,\"arrows\":true,\"dots\":false,\"slidesToScroll\":1,\"prevArrow\":\".jet-image-comparison__prev-arrow-9454194\",\"nextArrow\":\".jet-image-comparison__next-arrow-9454194\",\"rtl\":false}' dir=\"ltr\">\n<div class=\"jet-image-comparison__item\">\n\t<div class=\"jet-image-comparison__container jet-juxtapose\" data-prev-icon=\"fa fa-angle-left\" data-next-icon=\"fa fa-angle-right\" data-makeresponsive=\"true\" data-startingposition=\"50%\">\n\t\t<img class=\"jet-image-comparison__before-image a3-notlazy\" src=\"https:\/\/www.doktorjanuszek.pl\/wp-content\/uploads\/2018\/10\/IMPLANTY-1_1przed.jpg\"  alt=\"\" data-no-lazy=\"1\">\n\t\t<img class=\"jet-image-comparison__after-image a3-notlazy\" src=\"https:\/\/www.doktorjanuszek.pl\/wp-content\/uploads\/2018\/10\/IMPLANTY-1_1po.jpg\"  alt=\"\" data-no-lazy=\"1\">\n\t<\/div>\n<\/div>\n\n<div class=\"jet-image-comparison__item\">\n\t<div class=\"jet-image-comparison__container jet-juxtapose\" data-prev-icon=\"fa fa-angle-left\" data-next-icon=\"fa fa-angle-right\" data-makeresponsive=\"true\" data-startingposition=\"50%\">\n\t\t<img class=\"jet-image-comparison__before-image a3-notlazy\" src=\"https:\/\/www.doktorjanuszek.pl\/wp-content\/uploads\/2018\/10\/IMPLANTY-1_2przed.jpg\"  alt=\"\" data-no-lazy=\"1\">\n\t\t<img class=\"jet-image-comparison__after-image a3-notlazy\" src=\"https:\/\/www.doktorjanuszek.pl\/wp-content\/uploads\/2018\/10\/IMPLANTY-1_2po.jpg\"  alt=\"\" data-no-lazy=\"1\">\n\t<\/div>\n<\/div>\n\n<div class=\"jet-image-comparison__item\">\n\t<div class=\"jet-image-comparison__container jet-juxtapose\" data-prev-icon=\"fa fa-angle-left\" data-next-icon=\"fa fa-angle-right\" data-makeresponsive=\"true\" data-startingposition=\"50%\">\n\t\t<img class=\"jet-image-comparison__before-image a3-notlazy\" src=\"https:\/\/www.doktorjanuszek.pl\/wp-content\/uploads\/2018\/10\/IMPLANTY-2_1przed.jpg\"  alt=\"\" data-no-lazy=\"1\">\n\t\t<img class=\"jet-image-comparison__after-image a3-notlazy\" src=\"https:\/\/www.doktorjanuszek.pl\/wp-content\/uploads\/2018\/10\/IMPLANTY-2_1po.jpg\"  alt=\"\" data-no-lazy=\"1\">\n\t<\/div>\n<\/div>\n\n<div class=\"jet-image-comparison__item\">\n\t<div class=\"jet-image-comparison__container jet-juxtapose\" data-prev-icon=\"fa fa-angle-left\" data-next-icon=\"fa fa-angle-right\" data-makeresponsive=\"true\" data-startingposition=\"50%\">\n\t\t<img class=\"jet-image-comparison__before-image a3-notlazy\" src=\"https:\/\/www.doktorjanuszek.pl\/wp-content\/uploads\/2018\/10\/IMPLANTY-2_2przed.jpg\"  alt=\"\" data-no-lazy=\"1\">\n\t\t<img class=\"jet-image-comparison__after-image a3-notlazy\" src=\"https:\/\/www.doktorjanuszek.pl\/wp-content\/uploads\/2018\/10\/IMPLANTY-2_2po.jpg\"  alt=\"\" data-no-lazy=\"1\">\n\t<\/div>\n<\/div>\n\n<\/div>\n<\/div>\n<\/div>\t\t<\/div>\n\t\t\t\t<\/div>\n\t\t\t\t\t\t<\/div>\n\t\t\t<\/div>\n\t\t<\/div>\n\t\t\t\t\t\t<\/div>\n\t\t\t<\/div>\n\t\t<\/section>\n\t\t\t\t\t\t<\/div>\n\t\t\t<\/div>\n\t\t<\/div>","protected":false},"excerpt":{"rendered":"<p>Powi\u0119kszenie piersi implantami Czas trwania: do 2 godzin, wykonywany w znieczuleniu og\u00f3lnym. Implanty piersi wype\u0142nione s\u0105 \u017celem silikonowym. Mog\u0105 mie\u0107 kszta\u0142t okr\u0105g\u0142y lub anatomiczny a w ramach obu kszta\u0142t\u00f3w r\u00f3\u017cne wielko\u015bci i projekcje (stopie\u0144 ekspozycji do przodu).\u00a0Dobranie odpowiedniej wielko\u015bci i kszta\u0142tu\u00a0implantu odbywa si\u0119 indywidualnie podczas konsultacji lekarskiej, uwzgl\u0119dniaj\u0105c oczekiwania pacjentki i mo\u017cliwo\u015bci anatomiczne. Silikon zawarty &hellip;<\/p>","protected":false},"author":1,"featured_media":0,"parent":0,"menu_order":0,"comment_status":"closed","ping_status":"closed","template":"","meta":[],"_links":{"self":[{"href":"https:\/\/www.doktorjanuszek.pl\/en\/wp-json\/wp\/v2\/pages\/1117"}],"collection":[{"href":"https:\/\/www.doktorjanuszek.pl\/en\/wp-json\/wp\/v2\/pages"}],"about":[{"href":"https:\/\/www.doktorjanuszek.pl\/en\/wp-json\/wp\/v2\/types\/page"}],"author":[{"embeddable":true,"href":"https:\/\/www.doktorjanuszek.pl\/en\/wp-json\/wp\/v2\/users\/1"}],"replies":[{"embeddable":true,"href":"https:\/\/www.doktorjanuszek.pl\/en\/wp-json\/wp\/v2\/comments?post=1117"}],"version-history":[{"count":10,"href":"https:\/\/www.doktorjanuszek.pl\/en\/wp-json\/wp\/v2\/pages\/1117\/revisions"}],"predecessor-version":[{"id":2339,"href":"https:\/\/www.doktorjanuszek.pl\/en\/wp-json\/wp\/v2\/pages\/1117\/revisions\/2339"}],"wp:attachment":[{"href":"https:\/\/www.doktorjanuszek.pl\/en\/wp-json\/wp\/v2\/media?parent=1117"}],"curies":[{"name":"wp","href":"https:\/\/api.w.org\/{rel}","templated":true}]}}