{"id":1119,"date":"2018-09-18T20:26:23","date_gmt":"2018-09-18T18:26:23","guid":{"rendered":"http:\/\/www.doktorjanuszek.pl\/?page_id=1119"},"modified":"2018-10-16T14:54:31","modified_gmt":"2018-10-16T12:54:31","slug":"powiekszenie-piersi-przeszczepem-wlasnej-tkanki-tluszczowej","status":"publish","type":"page","link":"https:\/\/www.doktorjanuszek.pl\/en\/powiekszenie-piersi-przeszczepem-wlasnej-tkanki-tluszczowej\/","title":{"rendered":"Powi\u0119kszenie piersi przeszczepem w\u0142asnej tkanki t\u0142uszczowej"},"content":{"rendered":"<div data-elementor-type=\"wp-post\" data-elementor-id=\"1119\" class=\"elementor elementor-1119 elementor-bc-flex-widget\" data-elementor-settings=\"[]\">\n\t\t\t<div class=\"elementor-inner\">\n\t\t\t\t<div class=\"elementor-section-wrap\">\n\t\t\t\t\t\t\t<section class=\"elementor-element elementor-element-107bf2b4 elementor-section-boxed elementor-section-height-default elementor-section-height-default elementor-section elementor-top-section\" data-id=\"107bf2b4\" data-element_type=\"section\">\n\t\t\t\t\t\t<div class=\"elementor-container elementor-column-gap-default\">\n\t\t\t\t<div class=\"elementor-row\">\n\t\t\t\t<div class=\"elementor-element elementor-element-edeee15 elementor-column elementor-col-100 elementor-top-column\" data-id=\"edeee15\" data-element_type=\"column\">\n\t\t\t<div class=\"elementor-column-wrap  elementor-element-populated\">\n\t\t\t\t\t<div class=\"elementor-widget-wrap\">\n\t\t\t\t<div class=\"elementor-element elementor-element-475bfb9d elementor-widget elementor-widget-heading\" data-id=\"475bfb9d\" data-element_type=\"widget\" data-widget_type=\"heading.default\">\n\t\t\t\t<div class=\"elementor-widget-container\">\n\t\t\t<h2 class=\"elementor-heading-title elementor-size-default\">Powi\u0119kszenie piersi przeszczepem w\u0142asnej tkanki t\u0142uszczowej<\/h2>\t\t<\/div>\n\t\t\t\t<\/div>\n\t\t\t\t<div class=\"elementor-element elementor-element-6f51f590 elementor-widget elementor-widget-divider\" data-id=\"6f51f590\" data-element_type=\"widget\" data-widget_type=\"divider.default\">\n\t\t\t\t<div class=\"elementor-widget-container\">\n\t\t\t\t\t<div class=\"elementor-divider\">\n\t\t\t<span class=\"elementor-divider-separator\">\n\t\t\t\t\t\t<\/span>\n\t\t<\/div>\n\t\t\t\t<\/div>\n\t\t\t\t<\/div>\n\t\t\t\t\t\t<\/div>\n\t\t\t<\/div>\n\t\t<\/div>\n\t\t\t\t\t\t<\/div>\n\t\t\t<\/div>\n\t\t<\/section>\n\t\t\t\t<section class=\"elementor-element elementor-element-70e8c478 elementor-section-boxed elementor-section-height-default elementor-section-height-default elementor-section elementor-top-section\" data-id=\"70e8c478\" data-element_type=\"section\">\n\t\t\t\t\t\t<div class=\"elementor-container elementor-column-gap-default\">\n\t\t\t\t<div class=\"elementor-row\">\n\t\t\t\t<div class=\"elementor-element elementor-element-3d5a5335 elementor-column elementor-col-100 elementor-top-column\" data-id=\"3d5a5335\" data-element_type=\"column\">\n\t\t\t<div class=\"elementor-column-wrap  elementor-element-populated\">\n\t\t\t\t\t<div class=\"elementor-widget-wrap\">\n\t\t\t\t<div class=\"elementor-element elementor-element-2b49631c elementor-widget elementor-widget-text-editor\" data-id=\"2b49631c\" data-element_type=\"widget\" data-widget_type=\"text-editor.default\">\n\t\t\t\t<div class=\"elementor-widget-container\">\n\t\t\t\t\t<div class=\"elementor-text-editor elementor-clearfix\"><p>Czas trwania: do 3 godzin, wykonywany w znieczuleniu og\u00f3lnym.<\/p><p>Zabieg ten jest polecany kobietom chc\u0105cym powi\u0119kszy\u0107 rozmiar swojego biustu i posiadaj\u0105cym jednocze\u015bnie odpowiedni\u0105 ilo\u015b\u0107 tkanki t\u0142uszczowej w innych okolicach cia\u0142a np. na tu\u0142owiu lub na udach. Jednym z dodatkowych warunk\u00f3w przeprowadzenia powy\u017cszej operacji jest brak opadania brodawek sutkowych. Cz\u0119sto jest wykonywany u pacjentek, u kt\u00f3rych po porodzie i karmieniu piersi\u0105 dosz\u0142o do pogorszenia kszta\u0142tu piersi.<\/p><p>Zabieg ten polega na pobraniu tkanki t\u0142uszczowej metod\u0105 liposukcji laserowej technik\u0105 \u201eLIPO-LIFE\u201d z r\u00f3\u017cnych okolic cia\u0142a np. brzucha i bok\u00f3w, albo ud wewn\u0119trznych, ud zewn\u0119trznych i kolan oraz przeniesieniu otrzymanego w ten spos\u00f3b t\u0142uszczu do okolic piersi.<br \/>Do jednorazowego przeszczepu do piersi potrzebujemy ok. 2 x 250-300 ml. t\u0142uszczu.<\/p><p>Technika \u201eLIPO-LIFE\u201d gwarantuje prze\u017cywalno\u015b\u0107 t\u0142uszczu na wysokim poziomie. Ocenia si\u0119, \u017ce ok 2\/3 podanej obj\u0119to\u015bci t\u0142uszczu prze\u017cyje i w spos\u00f3b trwa\u0142y przyczyni si\u0119 do zwi\u0119kszenia obj\u0119to\u015bci piersi. By uzyska\u0107 jeszcze wi\u0119kszy efekt powi\u0119kszenia, mo\u017cna zabieg powt\u00f3rzy\u0107 po minimum 3 miesi\u0105cach.<br \/>Powy\u017csza technika uwa\u017cana jest za ma\u0142o inwazyjn\u0105. T\u0142uszcz podaje si\u0119 do piersi metod\u0105 nak\u0142u\u0107, przez kt\u00f3re wprowadza si\u0119 pod sk\u00f3r\u0119 cienkie kaniule. Nak\u0142ucia te nie pozostawiaj\u0105 trwa\u0142ych blizn.<\/p><p>Zabieg \u0142\u0105czy si\u0119 z pe\u0142n\u0105 liposukcj\u0105 okolic, z kt\u00f3rych pobierany jest t\u0142uszcz i w ten spos\u00f3b prowadzi do zmiany\/poprawy sylwetki tych miejsc.<br \/>Po zabiegu stosuje si\u0119 antybiotyk przez 7 dni oraz prowadzi post\u0119powanie przeciwzakrzepowe w formie zastrzyk\u00f3w z heparyny drobnocz\u0105steczkowej przez 14 dni.<\/p><\/div>\n\t\t\t\t<\/div>\n\t\t\t\t<\/div>\n\t\t\t\t\t\t<\/div>\n\t\t\t<\/div>\n\t\t<\/div>\n\t\t\t\t\t\t<\/div>\n\t\t\t<\/div>\n\t\t<\/section>\n\t\t\t\t<section class=\"elementor-element elementor-element-5099a400 elementor-section-boxed elementor-section-height-default elementor-section-height-default elementor-section elementor-top-section\" data-id=\"5099a400\" data-element_type=\"section\">\n\t\t\t\t\t\t<div class=\"elementor-container elementor-column-gap-default\">\n\t\t\t\t<div class=\"elementor-row\">\n\t\t\t\t<div class=\"elementor-element elementor-element-6006ab7c elementor-column elementor-col-100 elementor-top-column\" data-id=\"6006ab7c\" data-element_type=\"column\">\n\t\t\t<div class=\"elementor-column-wrap  elementor-element-populated\">\n\t\t\t\t\t<div class=\"elementor-widget-wrap\">\n\t\t\t\t<div class=\"elementor-element elementor-element-1ae837c2 elementor-widget elementor-widget-divider\" data-id=\"1ae837c2\" data-element_type=\"widget\" data-widget_type=\"divider.default\">\n\t\t\t\t<div class=\"elementor-widget-container\">\n\t\t\t\t\t<div class=\"elementor-divider\">\n\t\t\t<span class=\"elementor-divider-separator\">\n\t\t\t\t\t\t<\/span>\n\t\t<\/div>\n\t\t\t\t<\/div>\n\t\t\t\t<\/div>\n\t\t\t\t<div class=\"elementor-element elementor-element-112f1ddd elementor-widget elementor-widget-heading\" data-id=\"112f1ddd\" data-element_type=\"widget\" data-widget_type=\"heading.default\">\n\t\t\t\t<div class=\"elementor-widget-container\">\n\t\t\t<h3 class=\"elementor-heading-title elementor-size-default\">Rekonwalescencja:<\/h3>\t\t<\/div>\n\t\t\t\t<\/div>\n\t\t\t\t<div class=\"elementor-element elementor-element-48f4ffb5 elementor-widget elementor-widget-text-editor\" data-id=\"48f4ffb5\" data-element_type=\"widget\" data-widget_type=\"text-editor.default\">\n\t\t\t\t<div class=\"elementor-widget-container\">\n\t\t\t\t\t<div class=\"elementor-text-editor elementor-clearfix\"><p>Powr\u00f3t do normalnej aktywno\u015bci jest stosunkowo szybki, cho\u0107 mog\u0105 pojawi\u0107 si\u0119 na piersiach zasinienia utrzymuj\u0105ce si\u0119 do 3 tygodni. Opatrunki w miejscach pobierania t\u0142uszczu mog\u0105 przemaka\u0107 do 3 dni. Nale\u017cy je regularnie zmienia\u0107 i stosowa\u0107 ubranko uciskowe do 1 miesi\u0105ca po zabiegu.<br \/>Zalecany jest masa\u017c &#8211; ok. 10 sesji (endermologia) w okolicach pobrania t\u0142uszczu po 2 tygodniach od zabiegu. Obkurczanie sk\u00f3ry w tych miejscach trwa od ok. 3- 6 miesi\u0119cy.<br \/>Uwa\u017ca si\u0119, \u017ce efekty przeszczepu t\u0142uszczu do piersi s\u0105 trwa\u0142e. Nale\u017cy jednak pami\u0119ta\u0107, \u017ce utrata masy cia\u0142a w okresie po zabiegu spowoduje ponowne zmniejszenie obj\u0119to\u015bci piersi.<\/p><\/div>\n\t\t\t\t<\/div>\n\t\t\t\t<\/div>\n\t\t\t\t<div class=\"elementor-element elementor-element-7fd457af elementor-widget elementor-widget-divider\" data-id=\"7fd457af\" data-element_type=\"widget\" data-widget_type=\"divider.default\">\n\t\t\t\t<div class=\"elementor-widget-container\">\n\t\t\t\t\t<div class=\"elementor-divider\">\n\t\t\t<span class=\"elementor-divider-separator\">\n\t\t\t\t\t\t<\/span>\n\t\t<\/div>\n\t\t\t\t<\/div>\n\t\t\t\t<\/div>\n\t\t\t\t<div class=\"elementor-element elementor-element-3071d612 elementor-widget elementor-widget-heading\" data-id=\"3071d612\" data-element_type=\"widget\" data-widget_type=\"heading.default\">\n\t\t\t\t<div class=\"elementor-widget-container\">\n\t\t\t<h3 class=\"elementor-heading-title elementor-size-default\">Mo\u017cliwe powik\u0142ania<\/h3>\t\t<\/div>\n\t\t\t\t<\/div>\n\t\t\t\t<div class=\"elementor-element elementor-element-5090db85 elementor-icon-list--layout-traditional elementor-widget elementor-widget-icon-list\" data-id=\"5090db85\" data-element_type=\"widget\" data-widget_type=\"icon-list.default\">\n\t\t\t\t<div class=\"elementor-widget-container\">\n\t\t\t\t\t<ul class=\"elementor-icon-list-items\">\n\t\t\t\t\t\t\t<li class=\"elementor-icon-list-item\" >\n\t\t\t\t\t\t\t\t\t\t\t<span class=\"elementor-icon-list-icon\">\n\t\t\t\t\t\t\t\t\t\t\t\t\t\t\t\t<i class=\"fa fa-circle-o\" aria-hidden=\"true\"><\/i>\n\t\t\t\t\t\t\t\t\t\t\t\t\t<\/span>\n\t\t\t\t\t\t\t\t\t\t<span class=\"elementor-icon-list-text\">Krwiak<\/span>\n\t\t\t\t\t\t\t\t\t<\/li>\n\t\t\t\t\t\t\t\t<li class=\"elementor-icon-list-item\" >\n\t\t\t\t\t\t\t\t\t\t\t<span class=\"elementor-icon-list-icon\">\n\t\t\t\t\t\t\t\t\t\t\t\t\t\t\t\t<i class=\"fa fa-circle-o\" aria-hidden=\"true\"><\/i>\n\t\t\t\t\t\t\t\t\t\t\t\t\t<\/span>\n\t\t\t\t\t\t\t\t\t\t<span class=\"elementor-icon-list-text\">Zaka\u017cenie rany<\/span>\n\t\t\t\t\t\t\t\t\t<\/li>\n\t\t\t\t\t\t\t\t<li class=\"elementor-icon-list-item\" >\n\t\t\t\t\t\t\t\t\t\t\t<span class=\"elementor-icon-list-icon\">\n\t\t\t\t\t\t\t\t\t\t\t\t\t\t\t\t<i class=\"fa fa-circle-o\" aria-hidden=\"true\"><\/i>\n\t\t\t\t\t\t\t\t\t\t\t\t\t<\/span>\n\t\t\t\t\t\t\t\t\t\t<span class=\"elementor-icon-list-text\">Poparzenia sk\u00f3ry w miejscu pobierania t\u0142uszczu<\/span>\n\t\t\t\t\t\t\t\t\t<\/li>\n\t\t\t\t\t\t\t\t<li class=\"elementor-icon-list-item\" >\n\t\t\t\t\t\t\t\t\t\t\t<span class=\"elementor-icon-list-icon\">\n\t\t\t\t\t\t\t\t\t\t\t\t\t\t\t\t<i class=\"fa fa-circle-o\" aria-hidden=\"true\"><\/i>\n\t\t\t\t\t\t\t\t\t\t\t\t\t<\/span>\n\t\t\t\t\t\t\t\t\t\t<span class=\"elementor-icon-list-text\">Nier\u00f3wno\u015bci w miejscu pobierania t\u0142uszczu<\/span>\n\t\t\t\t\t\t\t\t\t<\/li>\n\t\t\t\t\t\t\t\t<li class=\"elementor-icon-list-item\" >\n\t\t\t\t\t\t\t\t\t\t\t<span class=\"elementor-icon-list-icon\">\n\t\t\t\t\t\t\t\t\t\t\t\t\t\t\t\t<i class=\"fa fa-circle-o\" aria-hidden=\"true\"><\/i>\n\t\t\t\t\t\t\t\t\t\t\t\t\t<\/span>\n\t\t\t\t\t\t\t\t\t\t<span class=\"elementor-icon-list-text\">Nier\u00f3wno\u015bci w miejscu podania t\u0142uszczu (asymetria)<\/span>\n\t\t\t\t\t\t\t\t\t<\/li>\n\t\t\t\t\t\t\t\t<li class=\"elementor-icon-list-item\" >\n\t\t\t\t\t\t\t\t\t\t\t<span class=\"elementor-icon-list-icon\">\n\t\t\t\t\t\t\t\t\t\t\t\t\t\t\t\t<i class=\"fa fa-circle-o\" aria-hidden=\"true\"><\/i>\n\t\t\t\t\t\t\t\t\t\t\t\t\t<\/span>\n\t\t\t\t\t\t\t\t\t\t<span class=\"elementor-icon-list-text\">Zakrzepica \u017cylna<\/span>\n\t\t\t\t\t\t\t\t\t<\/li>\n\t\t\t\t\t\t\t\t<li class=\"elementor-icon-list-item\" >\n\t\t\t\t\t\t\t\t\t\t\t<span class=\"elementor-icon-list-icon\">\n\t\t\t\t\t\t\t\t\t\t\t\t\t\t\t\t<i class=\"fa fa-circle-o\" aria-hidden=\"true\"><\/i>\n\t\t\t\t\t\t\t\t\t\t\t\t\t<\/span>\n\t\t\t\t\t\t\t\t\t\t<span class=\"elementor-icon-list-text\">Zatorowo\u015b\u0107 p\u0142ucna<\/span>\n\t\t\t\t\t\t\t\t\t<\/li>\n\t\t\t\t\t\t<\/ul>\n\t\t\t\t<\/div>\n\t\t\t\t<\/div>\n\t\t\t\t\t\t<\/div>\n\t\t\t<\/div>\n\t\t<\/div>\n\t\t\t\t\t\t<\/div>\n\t\t\t<\/div>\n\t\t<\/section>\n\t\t\t\t\t\t<\/div>\n\t\t\t<\/div>\n\t\t<\/div>","protected":false},"excerpt":{"rendered":"<p>Powi\u0119kszenie piersi przeszczepem w\u0142asnej tkanki t\u0142uszczowej Czas trwania: do 3 godzin, wykonywany w znieczuleniu og\u00f3lnym. Zabieg ten jest polecany kobietom chc\u0105cym powi\u0119kszy\u0107 rozmiar swojego biustu i posiadaj\u0105cym jednocze\u015bnie odpowiedni\u0105 ilo\u015b\u0107 tkanki t\u0142uszczowej w innych okolicach cia\u0142a np. na tu\u0142owiu lub na udach. Jednym z dodatkowych warunk\u00f3w przeprowadzenia powy\u017cszej operacji jest brak opadania brodawek sutkowych. Cz\u0119sto &hellip;<\/p>","protected":false},"author":1,"featured_media":0,"parent":0,"menu_order":0,"comment_status":"closed","ping_status":"closed","template":"","meta":[],"_links":{"self":[{"href":"https:\/\/www.doktorjanuszek.pl\/en\/wp-json\/wp\/v2\/pages\/1119"}],"collection":[{"href":"https:\/\/www.doktorjanuszek.pl\/en\/wp-json\/wp\/v2\/pages"}],"about":[{"href":"https:\/\/www.doktorjanuszek.pl\/en\/wp-json\/wp\/v2\/types\/page"}],"author":[{"embeddable":true,"href":"https:\/\/www.doktorjanuszek.pl\/en\/wp-json\/wp\/v2\/users\/1"}],"replies":[{"embeddable":true,"href":"https:\/\/www.doktorjanuszek.pl\/en\/wp-json\/wp\/v2\/comments?post=1119"}],"version-history":[{"count":5,"href":"https:\/\/www.doktorjanuszek.pl\/en\/wp-json\/wp\/v2\/pages\/1119\/revisions"}],"predecessor-version":[{"id":2247,"href":"https:\/\/www.doktorjanuszek.pl\/en\/wp-json\/wp\/v2\/pages\/1119\/revisions\/2247"}],"wp:attachment":[{"href":"https:\/\/www.doktorjanuszek.pl\/en\/wp-json\/wp\/v2\/media?parent=1119"}],"curies":[{"name":"wp","href":"https:\/\/api.w.org\/{rel}","templated":true}]}}