{"id":1121,"date":"2018-09-18T20:26:34","date_gmt":"2018-09-18T18:26:34","guid":{"rendered":"http:\/\/www.doktorjanuszek.pl\/?page_id=1121"},"modified":"2018-10-19T08:40:54","modified_gmt":"2018-10-19T06:40:54","slug":"podniesienie-piersi-podniesienie-piersi-z-ich-powiekszeniem","status":"publish","type":"page","link":"https:\/\/www.doktorjanuszek.pl\/en\/podniesienie-piersi-podniesienie-piersi-z-ich-powiekszeniem\/","title":{"rendered":"Podniesienie piersi, Podniesienie piersi z ich powi\u0119kszeniem"},"content":{"rendered":"<div data-elementor-type=\"wp-post\" data-elementor-id=\"1121\" class=\"elementor elementor-1121 elementor-bc-flex-widget\" data-elementor-settings=\"[]\">\n\t\t\t<div class=\"elementor-inner\">\n\t\t\t\t<div class=\"elementor-section-wrap\">\n\t\t\t\t\t\t\t<section class=\"elementor-element elementor-element-51ee8a10 elementor-section-boxed elementor-section-height-default elementor-section-height-default elementor-section elementor-top-section\" data-id=\"51ee8a10\" data-element_type=\"section\">\n\t\t\t\t\t\t<div class=\"elementor-container elementor-column-gap-default\">\n\t\t\t\t<div class=\"elementor-row\">\n\t\t\t\t<div class=\"elementor-element elementor-element-42b5914a elementor-column elementor-col-100 elementor-top-column\" data-id=\"42b5914a\" data-element_type=\"column\">\n\t\t\t<div class=\"elementor-column-wrap  elementor-element-populated\">\n\t\t\t\t\t<div class=\"elementor-widget-wrap\">\n\t\t\t\t<div class=\"elementor-element elementor-element-3b505e60 elementor-widget elementor-widget-heading\" data-id=\"3b505e60\" data-element_type=\"widget\" data-widget_type=\"heading.default\">\n\t\t\t\t<div class=\"elementor-widget-container\">\n\t\t\t<h2 class=\"elementor-heading-title elementor-size-default\">Podniesienie piersi, Podniesienie piersi z ich powi\u0119kszeniem<\/h2>\t\t<\/div>\n\t\t\t\t<\/div>\n\t\t\t\t<div class=\"elementor-element elementor-element-1c3676ee elementor-widget elementor-widget-divider\" data-id=\"1c3676ee\" data-element_type=\"widget\" data-widget_type=\"divider.default\">\n\t\t\t\t<div class=\"elementor-widget-container\">\n\t\t\t\t\t<div class=\"elementor-divider\">\n\t\t\t<span class=\"elementor-divider-separator\">\n\t\t\t\t\t\t<\/span>\n\t\t<\/div>\n\t\t\t\t<\/div>\n\t\t\t\t<\/div>\n\t\t\t\t\t\t<\/div>\n\t\t\t<\/div>\n\t\t<\/div>\n\t\t\t\t\t\t<\/div>\n\t\t\t<\/div>\n\t\t<\/section>\n\t\t\t\t<section class=\"elementor-element elementor-element-68999f3f elementor-section-boxed elementor-section-height-default elementor-section-height-default elementor-section elementor-top-section\" data-id=\"68999f3f\" data-element_type=\"section\">\n\t\t\t\t\t\t<div class=\"elementor-container elementor-column-gap-default\">\n\t\t\t\t<div class=\"elementor-row\">\n\t\t\t\t<div class=\"elementor-element elementor-element-67091a3e elementor-column elementor-col-100 elementor-top-column\" data-id=\"67091a3e\" data-element_type=\"column\">\n\t\t\t<div class=\"elementor-column-wrap  elementor-element-populated\">\n\t\t\t\t\t<div class=\"elementor-widget-wrap\">\n\t\t\t\t<div class=\"elementor-element elementor-element-47cfe4f6 elementor-widget elementor-widget-text-editor\" data-id=\"47cfe4f6\" data-element_type=\"widget\" data-widget_type=\"text-editor.default\">\n\t\t\t\t<div class=\"elementor-widget-container\">\n\t\t\t\t\t<div class=\"elementor-text-editor elementor-clearfix\"><p>Czas trwania: 3 do 4 godzin, wykonywany w znieczuleniu og\u00f3lnym.<\/p><p>Na wygl\u0105d kobiecych piersi wp\u0142ywa wiele czynnik\u00f3w takich jak: ci\u0105\u017ca, karmienie, uwarunkowania genetyczne i grawitacja. W wyniku rozci\u0105gni\u0119cia sk\u00f3ry i utraty jej elastyczno\u015bci, piersi a szczeg\u00f3lnie brodawki sutkowe ulegaj\u0105 przemieszczeniu ku do\u0142owi. Mastopeksja jest chirurgiczn\u0105 technik\u0105 pozwalaj\u0105c\u0105 na podniesienie piersi. W wyniku operacji, przywraca si\u0119 piersiom dawne po\u0142o\u017cenie oraz poprawia ich j\u0119drno\u015b\u0107. Operacja ta mo\u017ce by\u0107 po\u0142\u0105czona z operacj\u0105 powi\u0119kszenia biustu implantami.<br \/>Przed zabiegiem podniesienia piersi nale\u017cy wykona\u0107 badanie USG i\/lub mammografi\u0119.<\/p><p>Ci\u0119cie wykonuje si\u0119 wok\u00f3\u0142 otoczki brodawki sutkowej (najcz\u0119\u015bciej zmniejszaj\u0105c jej szeroko\u015b\u0107) oraz w kierunku bruzdy podpiersiowej. W trakcie operacji nadmiar sk\u00f3ry zostaje usuni\u0119ty, brodawka wraz z otoczk\u0105 przemieszczane s\u0105 ku g\u00f3rze, a gruczo\u0142 piersiowy ulega modelowaniu przez odpowiednie naci\u0119cia oraz szwy. Po zeszyciu ran zak\u0142adane s\u0105 opatrunki i specjalny biustonosz.<\/p><\/div>\n\t\t\t\t<\/div>\n\t\t\t\t<\/div>\n\t\t\t\t\t\t<\/div>\n\t\t\t<\/div>\n\t\t<\/div>\n\t\t\t\t\t\t<\/div>\n\t\t\t<\/div>\n\t\t<\/section>\n\t\t\t\t<section class=\"elementor-element elementor-element-40a693c3 elementor-section-boxed elementor-section-height-default elementor-section-height-default elementor-section elementor-top-section\" data-id=\"40a693c3\" data-element_type=\"section\">\n\t\t\t\t\t\t<div class=\"elementor-container elementor-column-gap-default\">\n\t\t\t\t<div class=\"elementor-row\">\n\t\t\t\t<div class=\"elementor-element elementor-element-b207b45 elementor-column elementor-col-100 elementor-top-column\" data-id=\"b207b45\" data-element_type=\"column\">\n\t\t\t<div class=\"elementor-column-wrap  elementor-element-populated\">\n\t\t\t\t\t<div class=\"elementor-widget-wrap\">\n\t\t\t\t<div class=\"elementor-element elementor-element-3d9e7c38 elementor-widget elementor-widget-divider\" data-id=\"3d9e7c38\" data-element_type=\"widget\" data-widget_type=\"divider.default\">\n\t\t\t\t<div class=\"elementor-widget-container\">\n\t\t\t\t\t<div class=\"elementor-divider\">\n\t\t\t<span class=\"elementor-divider-separator\">\n\t\t\t\t\t\t<\/span>\n\t\t<\/div>\n\t\t\t\t<\/div>\n\t\t\t\t<\/div>\n\t\t\t\t<div class=\"elementor-element elementor-element-133b8bf2 elementor-widget elementor-widget-heading\" data-id=\"133b8bf2\" data-element_type=\"widget\" data-widget_type=\"heading.default\">\n\t\t\t\t<div class=\"elementor-widget-container\">\n\t\t\t<h3 class=\"elementor-heading-title elementor-size-default\">Rekonwalescencja:<\/h3>\t\t<\/div>\n\t\t\t\t<\/div>\n\t\t\t\t<div class=\"elementor-element elementor-element-5883a95c elementor-widget elementor-widget-text-editor\" data-id=\"5883a95c\" data-element_type=\"widget\" data-widget_type=\"text-editor.default\">\n\t\t\t\t<div class=\"elementor-widget-container\">\n\t\t\t\t\t<div class=\"elementor-text-editor elementor-clearfix\"><p>Po wykonanym zabiegu piersi b\u0119d\u0105 zasinione i obrz\u0119kni\u0119te. Siniaki znikn\u0105 po oko\u0142o 3 tygodniach, za\u015b brz\u0119k b\u0119dzie ust\u0119powa\u0142 stopniowo przez 3 do 6 miesi\u0119cy. B\u00f3l pooperacyjny nie jest dotkliwy i mo\u017cna u\u015bmierzy\u0107 go u\u017cywaj\u0105c zwyk\u0142ych \u015brodk\u00f3w przeciwb\u00f3lowych.<br \/>Zalecane jest noszenie biustonosza przez ca\u0142\u0105 dob\u0119 w ci\u0105gu 6 tygodni po operacji. Pocz\u0105tkowo blizny s\u0105 sino-r\u00f3\u017cowe i twarde, stopniowo staje si\u0119 mi\u0119kkie i blade, ale potrzeba na to oko\u0142o 12 miesi\u0119cy. Blizny nigdy ca\u0142kowicie nie znikaj\u0105.<br \/>Po 7 \u2013 14 dniach od operacji mo\u017cna wr\u00f3ci\u0107 do pracy. Nale\u017cy jednak unika\u0107 d\u017awigania i uprawiania sportu przez minimum 4 tygodnie.<\/p><\/div>\n\t\t\t\t<\/div>\n\t\t\t\t<\/div>\n\t\t\t\t<div class=\"elementor-element elementor-element-6e06ae1b elementor-widget elementor-widget-divider\" data-id=\"6e06ae1b\" data-element_type=\"widget\" data-widget_type=\"divider.default\">\n\t\t\t\t<div class=\"elementor-widget-container\">\n\t\t\t\t\t<div class=\"elementor-divider\">\n\t\t\t<span class=\"elementor-divider-separator\">\n\t\t\t\t\t\t<\/span>\n\t\t<\/div>\n\t\t\t\t<\/div>\n\t\t\t\t<\/div>\n\t\t\t\t<div class=\"elementor-element elementor-element-764ca835 elementor-widget elementor-widget-heading\" data-id=\"764ca835\" data-element_type=\"widget\" data-widget_type=\"heading.default\">\n\t\t\t\t<div class=\"elementor-widget-container\">\n\t\t\t<h3 class=\"elementor-heading-title elementor-size-default\">Mo\u017cliwe powik\u0142ania<\/h3>\t\t<\/div>\n\t\t\t\t<\/div>\n\t\t\t\t<div class=\"elementor-element elementor-element-7d0ded69 elementor-icon-list--layout-traditional elementor-widget elementor-widget-icon-list\" data-id=\"7d0ded69\" data-element_type=\"widget\" data-widget_type=\"icon-list.default\">\n\t\t\t\t<div class=\"elementor-widget-container\">\n\t\t\t\t\t<ul class=\"elementor-icon-list-items\">\n\t\t\t\t\t\t\t<li class=\"elementor-icon-list-item\" >\n\t\t\t\t\t\t\t\t\t\t\t<span class=\"elementor-icon-list-icon\">\n\t\t\t\t\t\t\t\t\t\t\t\t\t\t\t\t<i class=\"fa fa-circle-o\" aria-hidden=\"true\"><\/i>\n\t\t\t\t\t\t\t\t\t\t\t\t\t<\/span>\n\t\t\t\t\t\t\t\t\t\t<span class=\"elementor-icon-list-text\">Krwiak<\/span>\n\t\t\t\t\t\t\t\t\t<\/li>\n\t\t\t\t\t\t\t\t<li class=\"elementor-icon-list-item\" >\n\t\t\t\t\t\t\t\t\t\t\t<span class=\"elementor-icon-list-icon\">\n\t\t\t\t\t\t\t\t\t\t\t\t\t\t\t\t<i class=\"fa fa-circle-o\" aria-hidden=\"true\"><\/i>\n\t\t\t\t\t\t\t\t\t\t\t\t\t<\/span>\n\t\t\t\t\t\t\t\t\t\t<span class=\"elementor-icon-list-text\">Zaka\u017cenie rany<\/span>\n\t\t\t\t\t\t\t\t\t<\/li>\n\t\t\t\t\t\t\t\t<li class=\"elementor-icon-list-item\" >\n\t\t\t\t\t\t\t\t\t\t\t<span class=\"elementor-icon-list-icon\">\n\t\t\t\t\t\t\t\t\t\t\t\t\t\t\t\t<i class=\"fa fa-circle-o\" aria-hidden=\"true\"><\/i>\n\t\t\t\t\t\t\t\t\t\t\t\t\t<\/span>\n\t\t\t\t\t\t\t\t\t\t<span class=\"elementor-icon-list-text\">Martwica sk\u00f3ry\/otoczki brodawki<\/span>\n\t\t\t\t\t\t\t\t\t<\/li>\n\t\t\t\t\t\t\t\t<li class=\"elementor-icon-list-item\" >\n\t\t\t\t\t\t\t\t\t\t\t<span class=\"elementor-icon-list-icon\">\n\t\t\t\t\t\t\t\t\t\t\t\t\t\t\t\t<i class=\"fa fa-circle-o\" aria-hidden=\"true\"><\/i>\n\t\t\t\t\t\t\t\t\t\t\t\t\t<\/span>\n\t\t\t\t\t\t\t\t\t\t<span class=\"elementor-icon-list-text\">Martwica tkanki gruczo\u0142owej lub t\u0142uszczowej<\/span>\n\t\t\t\t\t\t\t\t\t<\/li>\n\t\t\t\t\t\t<\/ul>\n\t\t\t\t<\/div>\n\t\t\t\t<\/div>\n\t\t\t\t\t\t<\/div>\n\t\t\t<\/div>\n\t\t<\/div>\n\t\t\t\t\t\t<\/div>\n\t\t\t<\/div>\n\t\t<\/section>\n\t\t\t\t<section class=\"elementor-element elementor-element-331d2094 elementor-section-boxed elementor-section-height-default elementor-section-height-default elementor-section elementor-top-section\" data-id=\"331d2094\" data-element_type=\"section\">\n\t\t\t\t\t\t<div class=\"elementor-container elementor-column-gap-default\">\n\t\t\t\t<div class=\"elementor-row\">\n\t\t\t\t<div class=\"elementor-element elementor-element-69a298c7 elementor-column elementor-col-100 elementor-top-column\" data-id=\"69a298c7\" data-element_type=\"column\">\n\t\t\t<div class=\"elementor-column-wrap  elementor-element-populated\">\n\t\t\t\t\t<div class=\"elementor-widget-wrap\">\n\t\t\t\t<div class=\"elementor-element elementor-element-69a38fd0 elementor-widget elementor-widget-divider\" data-id=\"69a38fd0\" data-element_type=\"widget\" data-widget_type=\"divider.default\">\n\t\t\t\t<div class=\"elementor-widget-container\">\n\t\t\t\t\t<div class=\"elementor-divider\">\n\t\t\t<span class=\"elementor-divider-separator\">\n\t\t\t\t\t\t<\/span>\n\t\t<\/div>\n\t\t\t\t<\/div>\n\t\t\t\t<\/div>\n\t\t\t\t<div class=\"elementor-element elementor-element-7a626393 elementor-widget elementor-widget-heading\" data-id=\"7a626393\" data-element_type=\"widget\" data-widget_type=\"heading.default\">\n\t\t\t\t<div class=\"elementor-widget-container\">\n\t\t\t<h3 class=\"elementor-heading-title elementor-size-default\">Galeria Przed\/Po<\/h3>\t\t<\/div>\n\t\t\t\t<\/div>\n\t\t\t\t<div class=\"elementor-element elementor-element-501321eb elementor-widget elementor-widget-jet-image-comparison\" data-id=\"501321eb\" data-element_type=\"widget\" data-widget_type=\"jet-image-comparison.default\">\n\t\t\t\t<div class=\"elementor-widget-container\">\n\t\t\t<div class=\"elementor-jet-image-comparison jet-elements\"><div class=\"jet-image-comparison\">\n\t<div class=\"jet-image-comparison__prev-arrow-501321eb jet-arrow prev-arrow\"><\/div><div class=\"jet-image-comparison__next-arrow-501321eb jet-arrow next-arrow\"><\/div><div class=\"jet-image-comparison__instance elementor-slick-slider\" data-settings='{\"slidesToShow\":{\"desktop\":1,\"tablet\":0,\"mobile\":0},\"autoplaySpeed\":5000,\"autoplay\":true,\"infinite\":true,\"pauseOnHover\":false,\"speed\":500,\"arrows\":true,\"dots\":false,\"slidesToScroll\":1,\"prevArrow\":\".jet-image-comparison__prev-arrow-501321eb\",\"nextArrow\":\".jet-image-comparison__next-arrow-501321eb\",\"rtl\":false}' dir=\"ltr\">\n<div class=\"jet-image-comparison__item\">\n\t<div class=\"jet-image-comparison__container jet-juxtapose\" data-prev-icon=\"fa fa-angle-left\" data-next-icon=\"fa fa-angle-right\" data-makeresponsive=\"true\" data-startingposition=\"50%\">\n\t\t<img class=\"jet-image-comparison__before-image a3-notlazy\" src=\"https:\/\/www.doktorjanuszek.pl\/wp-content\/uploads\/2018\/10\/implantypodniesienie1_1przed.jpg\"  alt=\"\" data-no-lazy=\"1\">\n\t\t<img class=\"jet-image-comparison__after-image a3-notlazy\" src=\"https:\/\/www.doktorjanuszek.pl\/wp-content\/uploads\/2018\/10\/implantypodniesienie1_1po.jpg\"  alt=\"\" data-no-lazy=\"1\">\n\t<\/div>\n<\/div>\n\n<div class=\"jet-image-comparison__item\">\n\t<div class=\"jet-image-comparison__container jet-juxtapose\" data-prev-icon=\"fa fa-angle-left\" data-next-icon=\"fa fa-angle-right\" data-makeresponsive=\"true\" data-startingposition=\"50%\">\n\t\t<img class=\"jet-image-comparison__before-image a3-notlazy\" src=\"https:\/\/www.doktorjanuszek.pl\/wp-content\/uploads\/2018\/10\/implantypodniesienie1_2przed.jpg\"  alt=\"\" data-no-lazy=\"1\">\n\t\t<img class=\"jet-image-comparison__after-image a3-notlazy\" src=\"https:\/\/www.doktorjanuszek.pl\/wp-content\/uploads\/2018\/10\/implantypodniesienie1_2po.jpg\"  alt=\"\" data-no-lazy=\"1\">\n\t<\/div>\n<\/div>\n\n<div class=\"jet-image-comparison__item\">\n\t<div class=\"jet-image-comparison__container jet-juxtapose\" data-prev-icon=\"fa fa-angle-left\" data-next-icon=\"fa fa-angle-right\" data-makeresponsive=\"true\" data-startingposition=\"50%\">\n\t\t<img class=\"jet-image-comparison__before-image a3-notlazy\" src=\"https:\/\/www.doktorjanuszek.pl\/wp-content\/uploads\/2018\/10\/implantypodniesienie1_3przed.jpg\"  alt=\"\" data-no-lazy=\"1\">\n\t\t<img class=\"jet-image-comparison__after-image a3-notlazy\" src=\"https:\/\/www.doktorjanuszek.pl\/wp-content\/uploads\/2018\/10\/implantypodniesienie1_3po.jpg\"  alt=\"\" data-no-lazy=\"1\">\n\t<\/div>\n<\/div>\n\n<div class=\"jet-image-comparison__item\">\n\t<div class=\"jet-image-comparison__container jet-juxtapose\" data-prev-icon=\"fa fa-angle-left\" data-next-icon=\"fa fa-angle-right\" data-makeresponsive=\"true\" data-startingposition=\"50%\">\n\t\t<img class=\"jet-image-comparison__before-image a3-notlazy\" src=\"https:\/\/www.doktorjanuszek.pl\/wp-content\/uploads\/2018\/10\/implantypodniesienie1_4przed.jpg\"  alt=\"\" data-no-lazy=\"1\">\n\t\t<img class=\"jet-image-comparison__after-image a3-notlazy\" src=\"https:\/\/www.doktorjanuszek.pl\/wp-content\/uploads\/2018\/10\/implantypodniesienie1_4po.jpg\"  alt=\"\" data-no-lazy=\"1\">\n\t<\/div>\n<\/div>\n\n<div class=\"jet-image-comparison__item\">\n\t<div class=\"jet-image-comparison__container jet-juxtapose\" data-prev-icon=\"fa fa-angle-left\" data-next-icon=\"fa fa-angle-right\" data-makeresponsive=\"true\" data-startingposition=\"50%\">\n\t\t<img class=\"jet-image-comparison__before-image a3-notlazy\" src=\"https:\/\/www.doktorjanuszek.pl\/wp-content\/uploads\/2018\/10\/implantypodniesienie1_5przed.jpg\"  alt=\"\" data-no-lazy=\"1\">\n\t\t<img class=\"jet-image-comparison__after-image a3-notlazy\" src=\"https:\/\/www.doktorjanuszek.pl\/wp-content\/uploads\/2018\/10\/implantypodniesienie1_5po.jpg\"  alt=\"\" data-no-lazy=\"1\">\n\t<\/div>\n<\/div>\n\n<\/div>\n<\/div>\n<\/div>\t\t<\/div>\n\t\t\t\t<\/div>\n\t\t\t\t\t\t<\/div>\n\t\t\t<\/div>\n\t\t<\/div>\n\t\t\t\t\t\t<\/div>\n\t\t\t<\/div>\n\t\t<\/section>\n\t\t\t\t\t\t<\/div>\n\t\t\t<\/div>\n\t\t<\/div>","protected":false},"excerpt":{"rendered":"<p>Podniesienie piersi, Podniesienie piersi z ich powi\u0119kszeniem Czas trwania: 3 do 4 godzin, wykonywany w znieczuleniu og\u00f3lnym. Na wygl\u0105d kobiecych piersi wp\u0142ywa wiele czynnik\u00f3w takich jak: ci\u0105\u017ca, karmienie, uwarunkowania genetyczne i grawitacja. W wyniku rozci\u0105gni\u0119cia sk\u00f3ry i utraty jej elastyczno\u015bci, piersi a szczeg\u00f3lnie brodawki sutkowe ulegaj\u0105 przemieszczeniu ku do\u0142owi. Mastopeksja jest chirurgiczn\u0105 technik\u0105 pozwalaj\u0105c\u0105 na &hellip;<\/p>","protected":false},"author":1,"featured_media":0,"parent":0,"menu_order":0,"comment_status":"closed","ping_status":"closed","template":"","meta":[],"_links":{"self":[{"href":"https:\/\/www.doktorjanuszek.pl\/en\/wp-json\/wp\/v2\/pages\/1121"}],"collection":[{"href":"https:\/\/www.doktorjanuszek.pl\/en\/wp-json\/wp\/v2\/pages"}],"about":[{"href":"https:\/\/www.doktorjanuszek.pl\/en\/wp-json\/wp\/v2\/types\/page"}],"author":[{"embeddable":true,"href":"https:\/\/www.doktorjanuszek.pl\/en\/wp-json\/wp\/v2\/users\/1"}],"replies":[{"embeddable":true,"href":"https:\/\/www.doktorjanuszek.pl\/en\/wp-json\/wp\/v2\/comments?post=1121"}],"version-history":[{"count":7,"href":"https:\/\/www.doktorjanuszek.pl\/en\/wp-json\/wp\/v2\/pages\/1121\/revisions"}],"predecessor-version":[{"id":2340,"href":"https:\/\/www.doktorjanuszek.pl\/en\/wp-json\/wp\/v2\/pages\/1121\/revisions\/2340"}],"wp:attachment":[{"href":"https:\/\/www.doktorjanuszek.pl\/en\/wp-json\/wp\/v2\/media?parent=1121"}],"curies":[{"name":"wp","href":"https:\/\/api.w.org\/{rel}","templated":true}]}}