{"id":1123,"date":"2018-09-18T20:26:42","date_gmt":"2018-09-18T18:26:42","guid":{"rendered":"http:\/\/www.doktorjanuszek.pl\/?page_id=1123"},"modified":"2018-10-19T08:42:12","modified_gmt":"2018-10-19T06:42:12","slug":"zmniejszenie-piersi-redukcja-piersi","status":"publish","type":"page","link":"https:\/\/www.doktorjanuszek.pl\/en\/zmniejszenie-piersi-redukcja-piersi\/","title":{"rendered":"Zmniejszenie piersi &#8211; Redukcja piersi"},"content":{"rendered":"<div data-elementor-type=\"wp-post\" data-elementor-id=\"1123\" class=\"elementor elementor-1123 elementor-bc-flex-widget\" data-elementor-settings=\"[]\">\n\t\t\t<div class=\"elementor-inner\">\n\t\t\t\t<div class=\"elementor-section-wrap\">\n\t\t\t\t\t\t\t<section class=\"elementor-element elementor-element-2ea231c5 elementor-section-boxed elementor-section-height-default elementor-section-height-default elementor-section elementor-top-section\" data-id=\"2ea231c5\" data-element_type=\"section\">\n\t\t\t\t\t\t<div class=\"elementor-container elementor-column-gap-default\">\n\t\t\t\t<div class=\"elementor-row\">\n\t\t\t\t<div class=\"elementor-element elementor-element-4cd8a84b elementor-column elementor-col-100 elementor-top-column\" data-id=\"4cd8a84b\" data-element_type=\"column\">\n\t\t\t<div class=\"elementor-column-wrap  elementor-element-populated\">\n\t\t\t\t\t<div class=\"elementor-widget-wrap\">\n\t\t\t\t<div class=\"elementor-element elementor-element-c5cef5a elementor-widget elementor-widget-heading\" data-id=\"c5cef5a\" data-element_type=\"widget\" data-widget_type=\"heading.default\">\n\t\t\t\t<div class=\"elementor-widget-container\">\n\t\t\t<h2 class=\"elementor-heading-title elementor-size-default\">Zmniejszenie piersi - Redukcja piersi<\/h2>\t\t<\/div>\n\t\t\t\t<\/div>\n\t\t\t\t<div class=\"elementor-element elementor-element-f7c300f elementor-widget elementor-widget-divider\" data-id=\"f7c300f\" data-element_type=\"widget\" data-widget_type=\"divider.default\">\n\t\t\t\t<div class=\"elementor-widget-container\">\n\t\t\t\t\t<div class=\"elementor-divider\">\n\t\t\t<span class=\"elementor-divider-separator\">\n\t\t\t\t\t\t<\/span>\n\t\t<\/div>\n\t\t\t\t<\/div>\n\t\t\t\t<\/div>\n\t\t\t\t\t\t<\/div>\n\t\t\t<\/div>\n\t\t<\/div>\n\t\t\t\t\t\t<\/div>\n\t\t\t<\/div>\n\t\t<\/section>\n\t\t\t\t<section class=\"elementor-element elementor-element-6710c9f0 elementor-section-boxed elementor-section-height-default elementor-section-height-default elementor-section elementor-top-section\" data-id=\"6710c9f0\" data-element_type=\"section\">\n\t\t\t\t\t\t<div class=\"elementor-container elementor-column-gap-default\">\n\t\t\t\t<div class=\"elementor-row\">\n\t\t\t\t<div class=\"elementor-element elementor-element-54937ecc elementor-column elementor-col-100 elementor-top-column\" data-id=\"54937ecc\" data-element_type=\"column\">\n\t\t\t<div class=\"elementor-column-wrap  elementor-element-populated\">\n\t\t\t\t\t<div class=\"elementor-widget-wrap\">\n\t\t\t\t<div class=\"elementor-element elementor-element-b48ac90 elementor-widget elementor-widget-text-editor\" data-id=\"b48ac90\" data-element_type=\"widget\" data-widget_type=\"text-editor.default\">\n\t\t\t\t<div class=\"elementor-widget-container\">\n\t\t\t\t\t<div class=\"elementor-text-editor elementor-clearfix\"><p>Czas trwania: 3 do 4 godzin, wykonywany w znieczuleniu og\u00f3lnym.<\/p><p>Du\u017ce piersi stanowi\u0105 nie tylko problem estetyczny ale i leczniczy. U wielu kobiet s\u0105 przyczyn\u0105 b\u00f3l\u00f3w kr\u0119gos\u0142upa, tworzenia si\u0119 odparze\u0144 sk\u00f3ry i zmian troficznych w okolicach podpiersiowych.<br \/>Operacja zmniejszenia biustu\u00a0wymaga podobnych przygotowa\u0144 co operacja podnoszenia piersi jak r\u00f3wnie\u017c rodzaju znieczulenia, a sam przebieg zabiegu i okres pooperacyjny oraz powik\u0142ania s\u0105 r\u00f3wnie\u017c do siebie zbli\u017cone. Podczas zmniejszenia wykonuje si\u0119 taki sam rodzaj ci\u0119\u0107 na sk\u00f3rze, przy czym dodatkowo wycina si\u0119 cz\u0119\u015b\u0107 tkanki gruczo\u0142owej i t\u0142uszczowej. Jedynie przy ekstremalnie du\u017cych piersiach (gigantomastia) podczas operacji zmniejszania\u00a0biustu wykonuje si\u0119 ci\u0119cia pod piersiami i wtedy blizna ma kszta\u0142t odwr\u00f3conej litery T.<\/p><\/div>\n\t\t\t\t<\/div>\n\t\t\t\t<\/div>\n\t\t\t\t\t\t<\/div>\n\t\t\t<\/div>\n\t\t<\/div>\n\t\t\t\t\t\t<\/div>\n\t\t\t<\/div>\n\t\t<\/section>\n\t\t\t\t<section class=\"elementor-element elementor-element-74cbb7c2 elementor-section-boxed elementor-section-height-default elementor-section-height-default elementor-section elementor-top-section\" data-id=\"74cbb7c2\" data-element_type=\"section\">\n\t\t\t\t\t\t<div class=\"elementor-container elementor-column-gap-default\">\n\t\t\t\t<div class=\"elementor-row\">\n\t\t\t\t<div class=\"elementor-element elementor-element-27bc5a6f elementor-column elementor-col-100 elementor-top-column\" data-id=\"27bc5a6f\" data-element_type=\"column\">\n\t\t\t<div class=\"elementor-column-wrap  elementor-element-populated\">\n\t\t\t\t\t<div class=\"elementor-widget-wrap\">\n\t\t\t\t<div class=\"elementor-element elementor-element-6743e49 elementor-widget elementor-widget-divider\" data-id=\"6743e49\" data-element_type=\"widget\" data-widget_type=\"divider.default\">\n\t\t\t\t<div class=\"elementor-widget-container\">\n\t\t\t\t\t<div class=\"elementor-divider\">\n\t\t\t<span class=\"elementor-divider-separator\">\n\t\t\t\t\t\t<\/span>\n\t\t<\/div>\n\t\t\t\t<\/div>\n\t\t\t\t<\/div>\n\t\t\t\t<div class=\"elementor-element elementor-element-67b60e75 elementor-widget elementor-widget-heading\" data-id=\"67b60e75\" data-element_type=\"widget\" data-widget_type=\"heading.default\">\n\t\t\t\t<div class=\"elementor-widget-container\">\n\t\t\t<h3 class=\"elementor-heading-title elementor-size-default\">Galeria Przed\/Po<\/h3>\t\t<\/div>\n\t\t\t\t<\/div>\n\t\t\t\t<div class=\"elementor-element elementor-element-1c16d3b4 elementor-widget elementor-widget-jet-image-comparison\" data-id=\"1c16d3b4\" data-element_type=\"widget\" data-widget_type=\"jet-image-comparison.default\">\n\t\t\t\t<div class=\"elementor-widget-container\">\n\t\t\t<div class=\"elementor-jet-image-comparison jet-elements\"><div class=\"jet-image-comparison\">\n\t<div class=\"jet-image-comparison__prev-arrow-1c16d3b4 jet-arrow prev-arrow\"><\/div><div class=\"jet-image-comparison__next-arrow-1c16d3b4 jet-arrow next-arrow\"><\/div><div class=\"jet-image-comparison__instance elementor-slick-slider\" data-settings='{\"slidesToShow\":{\"desktop\":1,\"tablet\":0,\"mobile\":0},\"autoplaySpeed\":5000,\"autoplay\":true,\"infinite\":true,\"pauseOnHover\":false,\"speed\":500,\"arrows\":true,\"dots\":false,\"slidesToScroll\":1,\"prevArrow\":\".jet-image-comparison__prev-arrow-1c16d3b4\",\"nextArrow\":\".jet-image-comparison__next-arrow-1c16d3b4\",\"rtl\":false}' dir=\"ltr\">\n<div class=\"jet-image-comparison__item\">\n\t<div class=\"jet-image-comparison__container jet-juxtapose\" data-prev-icon=\"fa fa-angle-left\" data-next-icon=\"fa fa-angle-right\" data-makeresponsive=\"true\" data-startingposition=\"50%\">\n\t\t<img class=\"jet-image-comparison__before-image a3-notlazy\" src=\"https:\/\/www.doktorjanuszek.pl\/wp-content\/uploads\/2018\/10\/redukcja-piersi1_2przed.jpg\"  alt=\"\" data-no-lazy=\"1\">\n\t\t<img class=\"jet-image-comparison__after-image a3-notlazy\" src=\"https:\/\/www.doktorjanuszek.pl\/wp-content\/uploads\/2018\/10\/redukcja-piersi1_2po.jpg\"  alt=\"\" data-no-lazy=\"1\">\n\t<\/div>\n<\/div>\n\n<div class=\"jet-image-comparison__item\">\n\t<div class=\"jet-image-comparison__container jet-juxtapose\" data-prev-icon=\"fa fa-angle-left\" data-next-icon=\"fa fa-angle-right\" data-makeresponsive=\"true\" data-startingposition=\"50%\">\n\t\t<img class=\"jet-image-comparison__before-image a3-notlazy\" src=\"https:\/\/www.doktorjanuszek.pl\/wp-content\/uploads\/2018\/10\/redukcja-piersi1_3przed.jpg\"  alt=\"\" data-no-lazy=\"1\">\n\t\t<img class=\"jet-image-comparison__after-image a3-notlazy\" src=\"https:\/\/www.doktorjanuszek.pl\/wp-content\/uploads\/2018\/10\/redukcja-piersi1_3po.jpg\"  alt=\"\" data-no-lazy=\"1\">\n\t<\/div>\n<\/div>\n\n<\/div>\n<\/div>\n<\/div>\t\t<\/div>\n\t\t\t\t<\/div>\n\t\t\t\t<div class=\"elementor-element elementor-element-83bea93 elementor-widget elementor-widget-jet-image-comparison\" data-id=\"83bea93\" data-element_type=\"widget\" data-widget_type=\"jet-image-comparison.default\">\n\t\t\t\t<div class=\"elementor-widget-container\">\n\t\t\t<div class=\"elementor-jet-image-comparison jet-elements\"><div class=\"jet-image-comparison\">\n\t<div class=\"jet-image-comparison__prev-arrow-83bea93 jet-arrow prev-arrow\"><\/div><div class=\"jet-image-comparison__next-arrow-83bea93 jet-arrow next-arrow\"><\/div><div class=\"jet-image-comparison__instance elementor-slick-slider\" data-settings='{\"slidesToShow\":{\"desktop\":1,\"tablet\":0,\"mobile\":0},\"autoplaySpeed\":5000,\"autoplay\":true,\"infinite\":true,\"pauseOnHover\":false,\"speed\":500,\"arrows\":true,\"dots\":false,\"slidesToScroll\":1,\"prevArrow\":\".jet-image-comparison__prev-arrow-83bea93\",\"nextArrow\":\".jet-image-comparison__next-arrow-83bea93\",\"rtl\":false}' dir=\"ltr\">\n<div class=\"jet-image-comparison__item\">\n\t<div class=\"jet-image-comparison__container jet-juxtapose\" data-prev-icon=\"fa fa-angle-left\" data-next-icon=\"fa fa-angle-right\" data-makeresponsive=\"true\" data-startingposition=\"50%\">\n\t\t<img class=\"jet-image-comparison__before-image a3-notlazy\" src=\"https:\/\/www.doktorjanuszek.pl\/wp-content\/uploads\/2018\/10\/symetryzacja-piersi1_1przed.jpg\"  alt=\"\" data-no-lazy=\"1\">\n\t\t<img class=\"jet-image-comparison__after-image a3-notlazy\" src=\"https:\/\/www.doktorjanuszek.pl\/wp-content\/uploads\/2018\/10\/symetryzacja-piersi1_1po.jpg\"  alt=\"\" data-no-lazy=\"1\">\n\t<\/div>\n<\/div>\n\n<div class=\"jet-image-comparison__item\">\n\t<div class=\"jet-image-comparison__container jet-juxtapose\" data-prev-icon=\"fa fa-angle-left\" data-next-icon=\"fa fa-angle-right\" data-makeresponsive=\"true\" data-startingposition=\"50%\">\n\t\t<img class=\"jet-image-comparison__before-image a3-notlazy\" src=\"https:\/\/www.doktorjanuszek.pl\/wp-content\/uploads\/2018\/10\/symetryzacja-piersi1_2przed.jpg\"  alt=\"\" data-no-lazy=\"1\">\n\t\t<img class=\"jet-image-comparison__after-image a3-notlazy\" src=\"https:\/\/www.doktorjanuszek.pl\/wp-content\/uploads\/2018\/10\/symetryzacja-piersi1_2po.jpg\"  alt=\"\" data-no-lazy=\"1\">\n\t<\/div>\n<\/div>\n\n<div class=\"jet-image-comparison__item\">\n\t<div class=\"jet-image-comparison__container jet-juxtapose\" data-prev-icon=\"fa fa-angle-left\" data-next-icon=\"fa fa-angle-right\" data-makeresponsive=\"true\" data-startingposition=\"50%\">\n\t\t<img class=\"jet-image-comparison__before-image a3-notlazy\" src=\"https:\/\/www.doktorjanuszek.pl\/wp-content\/uploads\/2018\/10\/symetryzacja-piersi1_4przed.jpg\"  alt=\"\" data-no-lazy=\"1\">\n\t\t<img class=\"jet-image-comparison__after-image a3-notlazy\" src=\"https:\/\/www.doktorjanuszek.pl\/wp-content\/uploads\/2018\/10\/symetryzacja-piersi1_4po.jpg\"  alt=\"\" data-no-lazy=\"1\">\n\t<\/div>\n<\/div>\n\n<div class=\"jet-image-comparison__item\">\n\t<div class=\"jet-image-comparison__container jet-juxtapose\" data-prev-icon=\"fa fa-angle-left\" data-next-icon=\"fa fa-angle-right\" data-makeresponsive=\"true\" data-startingposition=\"50%\">\n\t\t<img class=\"jet-image-comparison__before-image a3-notlazy\" src=\"https:\/\/www.doktorjanuszek.pl\/wp-content\/uploads\/2018\/10\/symetryzacja-piersi1_5przed.jpg\"  alt=\"\" data-no-lazy=\"1\">\n\t\t<img class=\"jet-image-comparison__after-image a3-notlazy\" src=\"https:\/\/www.doktorjanuszek.pl\/wp-content\/uploads\/2018\/10\/symetryzacja-piersi1_5po.jpg\"  alt=\"\" data-no-lazy=\"1\">\n\t<\/div>\n<\/div>\n\n<\/div>\n<\/div>\n<\/div>\t\t<\/div>\n\t\t\t\t<\/div>\n\t\t\t\t\t\t<\/div>\n\t\t\t<\/div>\n\t\t<\/div>\n\t\t\t\t\t\t<\/div>\n\t\t\t<\/div>\n\t\t<\/section>\n\t\t\t\t\t\t<\/div>\n\t\t\t<\/div>\n\t\t<\/div>","protected":false},"excerpt":{"rendered":"<p>Zmniejszenie piersi &#8211; Redukcja piersi Czas trwania: 3 do 4 godzin, wykonywany w znieczuleniu og\u00f3lnym. Du\u017ce piersi stanowi\u0105 nie tylko problem estetyczny ale i leczniczy. U wielu kobiet s\u0105 przyczyn\u0105 b\u00f3l\u00f3w kr\u0119gos\u0142upa, tworzenia si\u0119 odparze\u0144 sk\u00f3ry i zmian troficznych w okolicach podpiersiowych.Operacja zmniejszenia biustu\u00a0wymaga podobnych przygotowa\u0144 co operacja podnoszenia piersi jak r\u00f3wnie\u017c rodzaju znieczulenia, a &hellip;<\/p>","protected":false},"author":1,"featured_media":0,"parent":0,"menu_order":0,"comment_status":"closed","ping_status":"closed","template":"","meta":[],"_links":{"self":[{"href":"https:\/\/www.doktorjanuszek.pl\/en\/wp-json\/wp\/v2\/pages\/1123"}],"collection":[{"href":"https:\/\/www.doktorjanuszek.pl\/en\/wp-json\/wp\/v2\/pages"}],"about":[{"href":"https:\/\/www.doktorjanuszek.pl\/en\/wp-json\/wp\/v2\/types\/page"}],"author":[{"embeddable":true,"href":"https:\/\/www.doktorjanuszek.pl\/en\/wp-json\/wp\/v2\/users\/1"}],"replies":[{"embeddable":true,"href":"https:\/\/www.doktorjanuszek.pl\/en\/wp-json\/wp\/v2\/comments?post=1123"}],"version-history":[{"count":8,"href":"https:\/\/www.doktorjanuszek.pl\/en\/wp-json\/wp\/v2\/pages\/1123\/revisions"}],"predecessor-version":[{"id":2341,"href":"https:\/\/www.doktorjanuszek.pl\/en\/wp-json\/wp\/v2\/pages\/1123\/revisions\/2341"}],"wp:attachment":[{"href":"https:\/\/www.doktorjanuszek.pl\/en\/wp-json\/wp\/v2\/media?parent=1123"}],"curies":[{"name":"wp","href":"https:\/\/api.w.org\/{rel}","templated":true}]}}