{"id":1129,"date":"2018-09-18T20:27:19","date_gmt":"2018-09-18T18:27:19","guid":{"rendered":"http:\/\/www.doktorjanuszek.pl\/?page_id=1129"},"modified":"2018-10-12T22:07:19","modified_gmt":"2018-10-12T20:07:19","slug":"przeszczep-tluszczu-do-twarzy-2","status":"publish","type":"page","link":"https:\/\/www.doktorjanuszek.pl\/en\/przeszczep-tluszczu-do-twarzy-2\/","title":{"rendered":"Przeszczep t\u0142uszczu do twarzy"},"content":{"rendered":"<div data-elementor-type=\"wp-post\" data-elementor-id=\"1129\" class=\"elementor elementor-1129 elementor-bc-flex-widget\" data-elementor-settings=\"[]\">\n\t\t\t<div class=\"elementor-inner\">\n\t\t\t\t<div class=\"elementor-section-wrap\">\n\t\t\t\t\t\t\t<section class=\"elementor-element elementor-element-668197d3 elementor-section-boxed elementor-section-height-default elementor-section-height-default elementor-section elementor-top-section\" data-id=\"668197d3\" data-element_type=\"section\">\n\t\t\t\t\t\t<div class=\"elementor-container elementor-column-gap-default\">\n\t\t\t\t<div class=\"elementor-row\">\n\t\t\t\t<div class=\"elementor-element elementor-element-75b0fbea elementor-column elementor-col-100 elementor-top-column\" data-id=\"75b0fbea\" data-element_type=\"column\">\n\t\t\t<div class=\"elementor-column-wrap  elementor-element-populated\">\n\t\t\t\t\t<div class=\"elementor-widget-wrap\">\n\t\t\t\t<div class=\"elementor-element elementor-element-13c9aac7 elementor-widget elementor-widget-heading\" data-id=\"13c9aac7\" data-element_type=\"widget\" data-widget_type=\"heading.default\">\n\t\t\t\t<div class=\"elementor-widget-container\">\n\t\t\t<h2 class=\"elementor-heading-title elementor-size-default\">Przeszczep t\u0142uszczu do twarzy<\/h2>\t\t<\/div>\n\t\t\t\t<\/div>\n\t\t\t\t<div class=\"elementor-element elementor-element-5719ad0b elementor-widget elementor-widget-divider\" data-id=\"5719ad0b\" data-element_type=\"widget\" data-widget_type=\"divider.default\">\n\t\t\t\t<div class=\"elementor-widget-container\">\n\t\t\t\t\t<div class=\"elementor-divider\">\n\t\t\t<span class=\"elementor-divider-separator\">\n\t\t\t\t\t\t<\/span>\n\t\t<\/div>\n\t\t\t\t<\/div>\n\t\t\t\t<\/div>\n\t\t\t\t\t\t<\/div>\n\t\t\t<\/div>\n\t\t<\/div>\n\t\t\t\t\t\t<\/div>\n\t\t\t<\/div>\n\t\t<\/section>\n\t\t\t\t<section class=\"elementor-element elementor-element-55f39a0e elementor-section-boxed elementor-section-height-default elementor-section-height-default elementor-section elementor-top-section\" data-id=\"55f39a0e\" data-element_type=\"section\">\n\t\t\t\t\t\t<div class=\"elementor-container elementor-column-gap-default\">\n\t\t\t\t<div class=\"elementor-row\">\n\t\t\t\t<div class=\"elementor-element elementor-element-38ce70a2 elementor-column elementor-col-100 elementor-top-column\" data-id=\"38ce70a2\" data-element_type=\"column\">\n\t\t\t<div class=\"elementor-column-wrap  elementor-element-populated\">\n\t\t\t\t\t<div class=\"elementor-widget-wrap\">\n\t\t\t\t<div class=\"elementor-element elementor-element-4e69a0fa elementor-widget elementor-widget-text-editor\" data-id=\"4e69a0fa\" data-element_type=\"widget\" data-widget_type=\"text-editor.default\">\n\t\t\t\t<div class=\"elementor-widget-container\">\n\t\t\t\t\t<div class=\"elementor-text-editor elementor-clearfix\"><p>Czas trwania: ok 1 godziny, jest wykonywany w znieczuleniu og\u00f3lnym bez konieczno\u015bci intubacji (sedacja do\u017cylna).<\/p><p>Zabieg polega na pobraniu tkanki t\u0142uszczowej metod\u0105 liposukcji laserowej technik\u0105 \u201eLipoLife\u201d z r\u00f3\u017cnych okolic cia\u0142a, np. wewn\u0119trznej powierzchni kolan lub ud b\u0105d\u017a te\u017c brzucha oraz przeniesieniu otrzymanego w ten spos\u00f3b t\u0142uszczu do okolic twarzy, w kt\u00f3rych dosz\u0142o do zanik\u00f3w tej tkanki w wyniku proces\u00f3w starzenia. Typowymi miejscami tych zanik\u00f3w s\u0105 fa\u0142dy nosowo-wargowe, fa\u0142dy marionetkowe, okolice skroni, policzki w ich g\u00f3rnych cz\u0119\u015bciach oraz okolice kraw\u0119dzi oczodo\u0142\u00f3w \u2013 na granicy powiek dolnych. Powy\u017csz\u0105 metod\u0105 mo\u017cna r\u00f3wnie\u017c powi\u0119kszy\u0107 wargi. W ten spos\u00f3b istnieje mo\u017cliwo\u015b\u0107 zniwelowania nast\u0119pstw up\u0142ywaj\u0105cego czasu i korzystnego wp\u0142yni\u0119cia na efekt estetyczny twarzy.<br \/>Do liposukcji laserowej technik\u0105 \u201eLipoLife\u201d niezb\u0119dna jest stosunkowo niewielka ilo\u015b\u0107 tkanki t\u0142uszczowej i zwykle nie przekracza ona 30 ml.<\/p><p>Zabieg uwa\u017ca si\u0119 za ma\u0142o inwazyjny, poniewa\u017c t\u0142uszcz podaje si\u0119 do twarzy metod\u0105 nak\u0142u\u0107, przez kt\u00f3re wprowadza si\u0119 pod sk\u00f3r\u0119 cienkie kaniule a nak\u0142ucia te nie pozostawiaj\u0105 trwa\u0142ych blizn.<\/p><p>Zabieg mo\u017cna po\u0142\u0105czy\u0107 z pe\u0142n\u0105 liposukcj\u0105 okolic, z kt\u00f3rych pobierany jest t\u0142uszcz i w ten spos\u00f3b doprowadzi\u0107 do zmiany\/poprawy sylwetki tych miejsc.<\/p><p>Po zabiegu stosuje si\u0119 antybiotyk przez czas 7 dni oraz prowadzi post\u0119powanie przeciwzakrzepowe w formie zastrzyk\u00f3w z heparyny drobnocz\u0105steczkowej przez 14 dni.<\/p><\/div>\n\t\t\t\t<\/div>\n\t\t\t\t<\/div>\n\t\t\t\t\t\t<\/div>\n\t\t\t<\/div>\n\t\t<\/div>\n\t\t\t\t\t\t<\/div>\n\t\t\t<\/div>\n\t\t<\/section>\n\t\t\t\t<section class=\"elementor-element elementor-element-1f0b6255 elementor-section-boxed elementor-section-height-default elementor-section-height-default elementor-section elementor-top-section\" data-id=\"1f0b6255\" data-element_type=\"section\">\n\t\t\t\t\t\t<div class=\"elementor-container elementor-column-gap-default\">\n\t\t\t\t<div class=\"elementor-row\">\n\t\t\t\t<div class=\"elementor-element elementor-element-703ba8c elementor-column elementor-col-100 elementor-top-column\" data-id=\"703ba8c\" data-element_type=\"column\">\n\t\t\t<div class=\"elementor-column-wrap  elementor-element-populated\">\n\t\t\t\t\t<div class=\"elementor-widget-wrap\">\n\t\t\t\t<div class=\"elementor-element elementor-element-1637466a elementor-widget elementor-widget-divider\" data-id=\"1637466a\" data-element_type=\"widget\" data-widget_type=\"divider.default\">\n\t\t\t\t<div class=\"elementor-widget-container\">\n\t\t\t\t\t<div class=\"elementor-divider\">\n\t\t\t<span class=\"elementor-divider-separator\">\n\t\t\t\t\t\t<\/span>\n\t\t<\/div>\n\t\t\t\t<\/div>\n\t\t\t\t<\/div>\n\t\t\t\t<div class=\"elementor-element elementor-element-432448b5 elementor-widget elementor-widget-heading\" data-id=\"432448b5\" data-element_type=\"widget\" data-widget_type=\"heading.default\">\n\t\t\t\t<div class=\"elementor-widget-container\">\n\t\t\t<h3 class=\"elementor-heading-title elementor-size-default\">Rekonwalescencja:<\/h3>\t\t<\/div>\n\t\t\t\t<\/div>\n\t\t\t\t<div class=\"elementor-element elementor-element-d4d54f5 elementor-widget elementor-widget-text-editor\" data-id=\"d4d54f5\" data-element_type=\"widget\" data-widget_type=\"text-editor.default\">\n\t\t\t\t<div class=\"elementor-widget-container\">\n\t\t\t\t\t<div class=\"elementor-text-editor elementor-clearfix\"><p>Powr\u00f3t do normalnej aktywno\u015bci jest stosunkowo szybki, cho\u0107 mog\u0105 pojawi\u0107 si\u0119 na twarzy zasinienia utrzymuj\u0105ce si\u0119 do 3 tygodni. Opatrunki w miejscach pobierania t\u0142uszczu mog\u0105 przemaka\u0107 do 3 dni. Nale\u017cy je regularnie zmienia\u0107 i stosowa\u0107 ubranko uciskowe do 1 miesi\u0105ca po zabiegu.<br \/>Uwa\u017ca si\u0119, \u017ce efekty przeszczepu t\u0142uszczu do twarzy utrzymuj\u0105 si\u0119 nawet powy\u017cej 10 lat. Obok efektu augmentacyjnego (uzupe\u0142niaj\u0105cego) tkanek mi\u0119kkich, mo\u017cna liczy\u0107 na efekt pogrubienia samej sk\u00f3ry.<\/p><\/div>\n\t\t\t\t<\/div>\n\t\t\t\t<\/div>\n\t\t\t\t<div class=\"elementor-element elementor-element-49365b0 elementor-widget elementor-widget-divider\" data-id=\"49365b0\" data-element_type=\"widget\" data-widget_type=\"divider.default\">\n\t\t\t\t<div class=\"elementor-widget-container\">\n\t\t\t\t\t<div class=\"elementor-divider\">\n\t\t\t<span class=\"elementor-divider-separator\">\n\t\t\t\t\t\t<\/span>\n\t\t<\/div>\n\t\t\t\t<\/div>\n\t\t\t\t<\/div>\n\t\t\t\t<div class=\"elementor-element elementor-element-76daa49b elementor-widget elementor-widget-heading\" data-id=\"76daa49b\" data-element_type=\"widget\" data-widget_type=\"heading.default\">\n\t\t\t\t<div class=\"elementor-widget-container\">\n\t\t\t<h3 class=\"elementor-heading-title elementor-size-default\">Mo\u017cliwe powik\u0142ania<\/h3>\t\t<\/div>\n\t\t\t\t<\/div>\n\t\t\t\t<div class=\"elementor-element elementor-element-3840f060 elementor-icon-list--layout-traditional elementor-widget elementor-widget-icon-list\" data-id=\"3840f060\" data-element_type=\"widget\" data-widget_type=\"icon-list.default\">\n\t\t\t\t<div class=\"elementor-widget-container\">\n\t\t\t\t\t<ul class=\"elementor-icon-list-items\">\n\t\t\t\t\t\t\t<li class=\"elementor-icon-list-item\" >\n\t\t\t\t\t\t\t\t\t\t\t<span class=\"elementor-icon-list-icon\">\n\t\t\t\t\t\t\t\t\t\t\t\t\t\t\t\t<i class=\"fa fa-circle-o\" aria-hidden=\"true\"><\/i>\n\t\t\t\t\t\t\t\t\t\t\t\t\t<\/span>\n\t\t\t\t\t\t\t\t\t\t<span class=\"elementor-icon-list-text\">Krwiak<\/span>\n\t\t\t\t\t\t\t\t\t<\/li>\n\t\t\t\t\t\t\t\t<li class=\"elementor-icon-list-item\" >\n\t\t\t\t\t\t\t\t\t\t\t<span class=\"elementor-icon-list-icon\">\n\t\t\t\t\t\t\t\t\t\t\t\t\t\t\t\t<i class=\"fa fa-circle-o\" aria-hidden=\"true\"><\/i>\n\t\t\t\t\t\t\t\t\t\t\t\t\t<\/span>\n\t\t\t\t\t\t\t\t\t\t<span class=\"elementor-icon-list-text\">Zaka\u017cenie rany<\/span>\n\t\t\t\t\t\t\t\t\t<\/li>\n\t\t\t\t\t\t\t\t<li class=\"elementor-icon-list-item\" >\n\t\t\t\t\t\t\t\t\t\t\t<span class=\"elementor-icon-list-icon\">\n\t\t\t\t\t\t\t\t\t\t\t\t\t\t\t\t<i class=\"fa fa-circle-o\" aria-hidden=\"true\"><\/i>\n\t\t\t\t\t\t\t\t\t\t\t\t\t<\/span>\n\t\t\t\t\t\t\t\t\t\t<span class=\"elementor-icon-list-text\">Nier\u00f3wno\u015bci w miejscu pobierania t\u0142uszczu<\/span>\n\t\t\t\t\t\t\t\t\t<\/li>\n\t\t\t\t\t\t\t\t<li class=\"elementor-icon-list-item\" >\n\t\t\t\t\t\t\t\t\t\t\t<span class=\"elementor-icon-list-icon\">\n\t\t\t\t\t\t\t\t\t\t\t\t\t\t\t\t<i class=\"fa fa-circle-o\" aria-hidden=\"true\"><\/i>\n\t\t\t\t\t\t\t\t\t\t\t\t\t<\/span>\n\t\t\t\t\t\t\t\t\t\t<span class=\"elementor-icon-list-text\">Nier\u00f3wno\u015bci w miejscu podania t\u0142uszczu (asymetria)<\/span>\n\t\t\t\t\t\t\t\t\t<\/li>\n\t\t\t\t\t\t<\/ul>\n\t\t\t\t<\/div>\n\t\t\t\t<\/div>\n\t\t\t\t\t\t<\/div>\n\t\t\t<\/div>\n\t\t<\/div>\n\t\t\t\t\t\t<\/div>\n\t\t\t<\/div>\n\t\t<\/section>\n\t\t\t\t\t\t<\/div>\n\t\t\t<\/div>\n\t\t<\/div>","protected":false},"excerpt":{"rendered":"<p>Przeszczep t\u0142uszczu do twarzy Czas trwania: ok 1 godziny, jest wykonywany w znieczuleniu og\u00f3lnym bez konieczno\u015bci intubacji (sedacja do\u017cylna). Zabieg polega na pobraniu tkanki t\u0142uszczowej metod\u0105 liposukcji laserowej technik\u0105 \u201eLipoLife\u201d z r\u00f3\u017cnych okolic cia\u0142a, np. wewn\u0119trznej powierzchni kolan lub ud b\u0105d\u017a te\u017c brzucha oraz przeniesieniu otrzymanego w ten spos\u00f3b t\u0142uszczu do okolic twarzy, w kt\u00f3rych &hellip;<\/p>","protected":false},"author":1,"featured_media":0,"parent":0,"menu_order":0,"comment_status":"closed","ping_status":"closed","template":"","meta":[],"_links":{"self":[{"href":"https:\/\/www.doktorjanuszek.pl\/en\/wp-json\/wp\/v2\/pages\/1129"}],"collection":[{"href":"https:\/\/www.doktorjanuszek.pl\/en\/wp-json\/wp\/v2\/pages"}],"about":[{"href":"https:\/\/www.doktorjanuszek.pl\/en\/wp-json\/wp\/v2\/types\/page"}],"author":[{"embeddable":true,"href":"https:\/\/www.doktorjanuszek.pl\/en\/wp-json\/wp\/v2\/users\/1"}],"replies":[{"embeddable":true,"href":"https:\/\/www.doktorjanuszek.pl\/en\/wp-json\/wp\/v2\/comments?post=1129"}],"version-history":[{"count":4,"href":"https:\/\/www.doktorjanuszek.pl\/en\/wp-json\/wp\/v2\/pages\/1129\/revisions"}],"predecessor-version":[{"id":2004,"href":"https:\/\/www.doktorjanuszek.pl\/en\/wp-json\/wp\/v2\/pages\/1129\/revisions\/2004"}],"wp:attachment":[{"href":"https:\/\/www.doktorjanuszek.pl\/en\/wp-json\/wp\/v2\/media?parent=1129"}],"curies":[{"name":"wp","href":"https:\/\/api.w.org\/{rel}","templated":true}]}}