{"id":1131,"date":"2018-09-18T20:27:34","date_gmt":"2018-09-18T18:27:34","guid":{"rendered":"http:\/\/www.doktorjanuszek.pl\/?page_id=1131"},"modified":"2018-10-19T08:48:08","modified_gmt":"2018-10-19T06:48:08","slug":"przeszczep-tluszczu-do-posladkow","status":"publish","type":"page","link":"https:\/\/www.doktorjanuszek.pl\/en\/przeszczep-tluszczu-do-posladkow\/","title":{"rendered":"Przeszczep t\u0142uszczu do po\u015bladk\u00f3w"},"content":{"rendered":"<div data-elementor-type=\"wp-post\" data-elementor-id=\"1131\" class=\"elementor elementor-1131 elementor-bc-flex-widget\" data-elementor-settings=\"[]\">\n\t\t\t<div class=\"elementor-inner\">\n\t\t\t\t<div class=\"elementor-section-wrap\">\n\t\t\t\t\t\t\t<section class=\"elementor-element elementor-element-c13fefb elementor-section-boxed elementor-section-height-default elementor-section-height-default elementor-section elementor-top-section\" data-id=\"c13fefb\" data-element_type=\"section\">\n\t\t\t\t\t\t<div class=\"elementor-container elementor-column-gap-default\">\n\t\t\t\t<div class=\"elementor-row\">\n\t\t\t\t<div class=\"elementor-element elementor-element-90cf19a elementor-column elementor-col-100 elementor-top-column\" data-id=\"90cf19a\" data-element_type=\"column\">\n\t\t\t<div class=\"elementor-column-wrap  elementor-element-populated\">\n\t\t\t\t\t<div class=\"elementor-widget-wrap\">\n\t\t\t\t<div class=\"elementor-element elementor-element-364e4969 elementor-widget elementor-widget-heading\" data-id=\"364e4969\" data-element_type=\"widget\" data-widget_type=\"heading.default\">\n\t\t\t\t<div class=\"elementor-widget-container\">\n\t\t\t<h2 class=\"elementor-heading-title elementor-size-default\">Przeszczep t\u0142uszczu do po\u015bladk\u00f3w<\/h2>\t\t<\/div>\n\t\t\t\t<\/div>\n\t\t\t\t<div class=\"elementor-element elementor-element-49b024f1 elementor-widget elementor-widget-divider\" data-id=\"49b024f1\" data-element_type=\"widget\" data-widget_type=\"divider.default\">\n\t\t\t\t<div class=\"elementor-widget-container\">\n\t\t\t\t\t<div class=\"elementor-divider\">\n\t\t\t<span class=\"elementor-divider-separator\">\n\t\t\t\t\t\t<\/span>\n\t\t<\/div>\n\t\t\t\t<\/div>\n\t\t\t\t<\/div>\n\t\t\t\t\t\t<\/div>\n\t\t\t<\/div>\n\t\t<\/div>\n\t\t\t\t\t\t<\/div>\n\t\t\t<\/div>\n\t\t<\/section>\n\t\t\t\t<section class=\"elementor-element elementor-element-6a1bf2f0 elementor-section-boxed elementor-section-height-default elementor-section-height-default elementor-section elementor-top-section\" data-id=\"6a1bf2f0\" data-element_type=\"section\">\n\t\t\t\t\t\t<div class=\"elementor-container elementor-column-gap-default\">\n\t\t\t\t<div class=\"elementor-row\">\n\t\t\t\t<div class=\"elementor-element elementor-element-2f237449 elementor-column elementor-col-100 elementor-top-column\" data-id=\"2f237449\" data-element_type=\"column\">\n\t\t\t<div class=\"elementor-column-wrap  elementor-element-populated\">\n\t\t\t\t\t<div class=\"elementor-widget-wrap\">\n\t\t\t\t<div class=\"elementor-element elementor-element-1e07ee07 elementor-widget elementor-widget-text-editor\" data-id=\"1e07ee07\" data-element_type=\"widget\" data-widget_type=\"text-editor.default\">\n\t\t\t\t<div class=\"elementor-widget-container\">\n\t\t\t\t\t<div class=\"elementor-text-editor elementor-clearfix\"><p>Czas trwania: do 3 godzin, wykonywany w znieczuleniu og\u00f3lnym.<\/p><p>Zabieg jest polecany kobietom, kt\u00f3re pragn\u0105 poprawi\u0107 kszta\u0142t po\u015bladk\u00f3w, kt\u00f3re w wyniku dzia\u0142ania si\u0142 grawitacji i utraty spr\u0119\u017cysto\u015bci tkanek mi\u0119kkich zmieni\u0142y sw\u00f3j kszta\u0142t na p\u0142aski.<\/p><p>Zabieg polega na pobraniu tkanki t\u0142uszczowej metod\u0105 liposukcji laserowej technik\u0105 \u201eLIPO-LIFE\u201d z r\u00f3\u017cnych okolic cia\u0142a np. brzucha i bok\u00f3w albo ud wewn\u0119trznych, ud zewn\u0119trznych i kolan oraz przeniesieniu otrzymanego w ten spos\u00f3b t\u0142uszczu do g\u00f3rnych okolic po\u015bladk\u00f3w powoduj\u0105c ich uniesienie i popraw\u0119 kszta\u0142tu na bardziej owalny.<\/p><p>Technika \u201eLIPO-LIFE\u201d gwarantuje prze\u017cywalno\u015b\u0107 t\u0142uszczu na wysokim poziomie. Ocenia si\u0119, \u017ce ok 3\/4 podanej obj\u0119to\u015bci t\u0142uszczu prze\u017cyje i w spos\u00f3b trwa\u0142y przyczyni si\u0119 do zwi\u0119kszenia obj\u0119to\u015bci po\u015bladk\u00f3w.<\/p><p>Zabieg uwa\u017ca si\u0119 za ma\u0142o inwazyjny. T\u0142uszcz podaje si\u0119 metod\u0105 nak\u0142u\u0107\/drobnego naci\u0119cia, przez kt\u00f3re wprowadza si\u0119 pod sk\u00f3r\u0119 cienkie kaniule. Nak\u0142ucia te nie pozostawiaj\u0105 trwa\u0142ych blizn.<\/p><p>Przeszczep t\u0142uszczu do po\u015bladk\u00f3w \u0142\u0105czy si\u0119 z pe\u0142n\u0105 liposukcj\u0105 okolic, z kt\u00f3rych pobierany jest t\u0142uszcz i w ten spos\u00f3b prowadzi do zmiany\/poprawy sylwetki tych miejsc.<\/p><p>Po zabiegu stosuje si\u0119 przez 7 dni antybiotyk oraz prowadzi post\u0119powanie przeciwzakrzepowe w formie zastrzyk\u00f3w z heparyny drobnocz\u0105steczkowej przez 14 dni.<\/p><\/div>\n\t\t\t\t<\/div>\n\t\t\t\t<\/div>\n\t\t\t\t\t\t<\/div>\n\t\t\t<\/div>\n\t\t<\/div>\n\t\t\t\t\t\t<\/div>\n\t\t\t<\/div>\n\t\t<\/section>\n\t\t\t\t<section class=\"elementor-element elementor-element-6a87f7f elementor-section-boxed elementor-section-height-default elementor-section-height-default elementor-section elementor-top-section\" data-id=\"6a87f7f\" data-element_type=\"section\">\n\t\t\t\t\t\t<div class=\"elementor-container elementor-column-gap-default\">\n\t\t\t\t<div class=\"elementor-row\">\n\t\t\t\t<div class=\"elementor-element elementor-element-747c5 elementor-column elementor-col-100 elementor-top-column\" data-id=\"747c5\" data-element_type=\"column\">\n\t\t\t<div class=\"elementor-column-wrap  elementor-element-populated\">\n\t\t\t\t\t<div class=\"elementor-widget-wrap\">\n\t\t\t\t<div class=\"elementor-element elementor-element-41df7053 elementor-widget elementor-widget-divider\" data-id=\"41df7053\" data-element_type=\"widget\" data-widget_type=\"divider.default\">\n\t\t\t\t<div class=\"elementor-widget-container\">\n\t\t\t\t\t<div class=\"elementor-divider\">\n\t\t\t<span class=\"elementor-divider-separator\">\n\t\t\t\t\t\t<\/span>\n\t\t<\/div>\n\t\t\t\t<\/div>\n\t\t\t\t<\/div>\n\t\t\t\t<div class=\"elementor-element elementor-element-3842bba8 elementor-widget elementor-widget-heading\" data-id=\"3842bba8\" data-element_type=\"widget\" data-widget_type=\"heading.default\">\n\t\t\t\t<div class=\"elementor-widget-container\">\n\t\t\t<h3 class=\"elementor-heading-title elementor-size-default\">Rekonwalescencja:<\/h3>\t\t<\/div>\n\t\t\t\t<\/div>\n\t\t\t\t<div class=\"elementor-element elementor-element-59b2a884 elementor-widget elementor-widget-text-editor\" data-id=\"59b2a884\" data-element_type=\"widget\" data-widget_type=\"text-editor.default\">\n\t\t\t\t<div class=\"elementor-widget-container\">\n\t\t\t\t\t<div class=\"elementor-text-editor elementor-clearfix\"><p>Powr\u00f3t do normalnej aktywno\u015bci jest stosunkowo szybki, cho\u0107 mog\u0105 pojawi\u0107 si\u0119 na po\u015bladkach zasinienia utrzymuj\u0105ce si\u0119 do 3 tygodni. Opatrunki w miejscach pobierania t\u0142uszczu mog\u0105 przemaka\u0107 do 3 dni. Nale\u017cy je regularnie zmienia\u0107 i stosowa\u0107 ubranko uciskowe do 1 miesi\u0105ca od momentu wykonania zabiegu.<br \/>Zalecany jest masa\u017c &#8211; ok. 10 sesji (endermologia) w okolicach pobrania t\u0142uszczu po 2 tygodniach od zabiegu. Obkurczanie sk\u00f3ry w tych miejscach trwa ok. od 3 do 6 miesi\u0119cy.<br \/>Uwa\u017ca si\u0119, \u017ce efekty przeszczepu t\u0142uszczu do po\u015bladk\u00f3w s\u0105 trwa\u0142e. Nale\u017cy jednak pami\u0119ta\u0107, \u017ce utrata masy cia\u0142a w okresie po zabiegu spowoduje ponowne zmniejszenie ich obj\u0119to\u015bci.<\/p><\/div>\n\t\t\t\t<\/div>\n\t\t\t\t<\/div>\n\t\t\t\t<div class=\"elementor-element elementor-element-3b19c565 elementor-widget elementor-widget-divider\" data-id=\"3b19c565\" data-element_type=\"widget\" data-widget_type=\"divider.default\">\n\t\t\t\t<div class=\"elementor-widget-container\">\n\t\t\t\t\t<div class=\"elementor-divider\">\n\t\t\t<span class=\"elementor-divider-separator\">\n\t\t\t\t\t\t<\/span>\n\t\t<\/div>\n\t\t\t\t<\/div>\n\t\t\t\t<\/div>\n\t\t\t\t<div class=\"elementor-element elementor-element-63997872 elementor-widget elementor-widget-heading\" data-id=\"63997872\" data-element_type=\"widget\" data-widget_type=\"heading.default\">\n\t\t\t\t<div class=\"elementor-widget-container\">\n\t\t\t<h3 class=\"elementor-heading-title elementor-size-default\">Mo\u017cliwe powik\u0142ania<\/h3>\t\t<\/div>\n\t\t\t\t<\/div>\n\t\t\t\t<div class=\"elementor-element elementor-element-4952a0e9 elementor-icon-list--layout-traditional elementor-widget elementor-widget-icon-list\" data-id=\"4952a0e9\" data-element_type=\"widget\" data-widget_type=\"icon-list.default\">\n\t\t\t\t<div class=\"elementor-widget-container\">\n\t\t\t\t\t<ul class=\"elementor-icon-list-items\">\n\t\t\t\t\t\t\t<li class=\"elementor-icon-list-item\" >\n\t\t\t\t\t\t\t\t\t\t\t<span class=\"elementor-icon-list-icon\">\n\t\t\t\t\t\t\t\t\t\t\t\t\t\t\t\t<i class=\"fa fa-circle-o\" aria-hidden=\"true\"><\/i>\n\t\t\t\t\t\t\t\t\t\t\t\t\t<\/span>\n\t\t\t\t\t\t\t\t\t\t<span class=\"elementor-icon-list-text\">Krwiak<\/span>\n\t\t\t\t\t\t\t\t\t<\/li>\n\t\t\t\t\t\t\t\t<li class=\"elementor-icon-list-item\" >\n\t\t\t\t\t\t\t\t\t\t\t<span class=\"elementor-icon-list-icon\">\n\t\t\t\t\t\t\t\t\t\t\t\t\t\t\t\t<i class=\"fa fa-circle-o\" aria-hidden=\"true\"><\/i>\n\t\t\t\t\t\t\t\t\t\t\t\t\t<\/span>\n\t\t\t\t\t\t\t\t\t\t<span class=\"elementor-icon-list-text\">Zaka\u017cenie rany<\/span>\n\t\t\t\t\t\t\t\t\t<\/li>\n\t\t\t\t\t\t\t\t<li class=\"elementor-icon-list-item\" >\n\t\t\t\t\t\t\t\t\t\t\t<span class=\"elementor-icon-list-icon\">\n\t\t\t\t\t\t\t\t\t\t\t\t\t\t\t\t<i class=\"fa fa-circle-o\" aria-hidden=\"true\"><\/i>\n\t\t\t\t\t\t\t\t\t\t\t\t\t<\/span>\n\t\t\t\t\t\t\t\t\t\t<span class=\"elementor-icon-list-text\">Poparzenia sk\u00f3ry w miejscu pobierania t\u0142uszczu<\/span>\n\t\t\t\t\t\t\t\t\t<\/li>\n\t\t\t\t\t\t\t\t<li class=\"elementor-icon-list-item\" >\n\t\t\t\t\t\t\t\t\t\t\t<span class=\"elementor-icon-list-icon\">\n\t\t\t\t\t\t\t\t\t\t\t\t\t\t\t\t<i class=\"fa fa-circle-o\" aria-hidden=\"true\"><\/i>\n\t\t\t\t\t\t\t\t\t\t\t\t\t<\/span>\n\t\t\t\t\t\t\t\t\t\t<span class=\"elementor-icon-list-text\">Nier\u00f3wno\u015bci w miejscu pobierania t\u0142uszczu<\/span>\n\t\t\t\t\t\t\t\t\t<\/li>\n\t\t\t\t\t\t\t\t<li class=\"elementor-icon-list-item\" >\n\t\t\t\t\t\t\t\t\t\t\t<span class=\"elementor-icon-list-icon\">\n\t\t\t\t\t\t\t\t\t\t\t\t\t\t\t\t<i class=\"fa fa-circle-o\" aria-hidden=\"true\"><\/i>\n\t\t\t\t\t\t\t\t\t\t\t\t\t<\/span>\n\t\t\t\t\t\t\t\t\t\t<span class=\"elementor-icon-list-text\">Nier\u00f3wno\u015bci w miejscu podania t\u0142uszczu (asymetria)<\/span>\n\t\t\t\t\t\t\t\t\t<\/li>\n\t\t\t\t\t\t\t\t<li class=\"elementor-icon-list-item\" >\n\t\t\t\t\t\t\t\t\t\t\t<span class=\"elementor-icon-list-icon\">\n\t\t\t\t\t\t\t\t\t\t\t\t\t\t\t\t<i class=\"fa fa-circle-o\" aria-hidden=\"true\"><\/i>\n\t\t\t\t\t\t\t\t\t\t\t\t\t<\/span>\n\t\t\t\t\t\t\t\t\t\t<span class=\"elementor-icon-list-text\">Zakrzepica \u017cylna<\/span>\n\t\t\t\t\t\t\t\t\t<\/li>\n\t\t\t\t\t\t\t\t<li class=\"elementor-icon-list-item\" >\n\t\t\t\t\t\t\t\t\t\t\t<span class=\"elementor-icon-list-icon\">\n\t\t\t\t\t\t\t\t\t\t\t\t\t\t\t\t<i class=\"fa fa-circle-o\" aria-hidden=\"true\"><\/i>\n\t\t\t\t\t\t\t\t\t\t\t\t\t<\/span>\n\t\t\t\t\t\t\t\t\t\t<span class=\"elementor-icon-list-text\">Zatorowo\u015b\u0107 p\u0142ucna<\/span>\n\t\t\t\t\t\t\t\t\t<\/li>\n\t\t\t\t\t\t<\/ul>\n\t\t\t\t<\/div>\n\t\t\t\t<\/div>\n\t\t\t\t<div class=\"elementor-element elementor-element-61ecd0f elementor-widget elementor-widget-divider\" data-id=\"61ecd0f\" data-element_type=\"widget\" data-widget_type=\"divider.default\">\n\t\t\t\t<div class=\"elementor-widget-container\">\n\t\t\t\t\t<div class=\"elementor-divider\">\n\t\t\t<span class=\"elementor-divider-separator\">\n\t\t\t\t\t\t<\/span>\n\t\t<\/div>\n\t\t\t\t<\/div>\n\t\t\t\t<\/div>\n\t\t\t\t<div class=\"elementor-element elementor-element-3d838325 elementor-widget elementor-widget-heading\" data-id=\"3d838325\" data-element_type=\"widget\" data-widget_type=\"heading.default\">\n\t\t\t\t<div class=\"elementor-widget-container\">\n\t\t\t<h3 class=\"elementor-heading-title elementor-size-default\">Galeria Przed\/Po<\/h3>\t\t<\/div>\n\t\t\t\t<\/div>\n\t\t\t\t<div class=\"elementor-element elementor-element-6f6ebb46 elementor-widget elementor-widget-jet-image-comparison\" data-id=\"6f6ebb46\" data-element_type=\"widget\" data-widget_type=\"jet-image-comparison.default\">\n\t\t\t\t<div class=\"elementor-widget-container\">\n\t\t\t<div class=\"elementor-jet-image-comparison jet-elements\"><div class=\"jet-image-comparison\">\n\t<div class=\"jet-image-comparison__prev-arrow-6f6ebb46 jet-arrow prev-arrow\"><\/div><div class=\"jet-image-comparison__next-arrow-6f6ebb46 jet-arrow next-arrow\"><\/div><div class=\"jet-image-comparison__instance elementor-slick-slider\" data-settings='{\"slidesToShow\":{\"desktop\":1,\"tablet\":0,\"mobile\":0},\"autoplaySpeed\":5000,\"autoplay\":true,\"infinite\":true,\"pauseOnHover\":false,\"speed\":500,\"arrows\":true,\"dots\":false,\"slidesToScroll\":1,\"prevArrow\":\".jet-image-comparison__prev-arrow-6f6ebb46\",\"nextArrow\":\".jet-image-comparison__next-arrow-6f6ebb46\",\"rtl\":false}' dir=\"ltr\">\n<div class=\"jet-image-comparison__item\">\n\t<div class=\"jet-image-comparison__container jet-juxtapose\" data-prev-icon=\"fa fa-angle-left\" data-next-icon=\"fa fa-angle-right\" data-makeresponsive=\"true\" data-startingposition=\"50%\">\n\t\t<img class=\"jet-image-comparison__before-image a3-notlazy\" src=\"https:\/\/www.doktorjanuszek.pl\/wp-content\/uploads\/2018\/10\/po\u015bladki_1przed.jpg\"  alt=\"\" data-no-lazy=\"1\">\n\t\t<img class=\"jet-image-comparison__after-image a3-notlazy\" src=\"https:\/\/www.doktorjanuszek.pl\/wp-content\/uploads\/2018\/10\/po\u015bladki_1po.jpg\"  alt=\"\" data-no-lazy=\"1\">\n\t<\/div>\n<\/div>\n\n<div class=\"jet-image-comparison__item\">\n\t<div class=\"jet-image-comparison__container jet-juxtapose\" data-prev-icon=\"fa fa-angle-left\" data-next-icon=\"fa fa-angle-right\" data-makeresponsive=\"true\" data-startingposition=\"50%\">\n\t\t<img class=\"jet-image-comparison__before-image a3-notlazy\" src=\"https:\/\/www.doktorjanuszek.pl\/wp-content\/uploads\/2018\/10\/po\u015bladki_2przed.jpg\"  alt=\"\" data-no-lazy=\"1\">\n\t\t<img class=\"jet-image-comparison__after-image a3-notlazy\" src=\"https:\/\/www.doktorjanuszek.pl\/wp-content\/uploads\/2018\/10\/po\u015bladki_2po.jpg\"  alt=\"\" data-no-lazy=\"1\">\n\t<\/div>\n<\/div>\n\n<div class=\"jet-image-comparison__item\">\n\t<div class=\"jet-image-comparison__container jet-juxtapose\" data-prev-icon=\"fa fa-angle-left\" data-next-icon=\"fa fa-angle-right\" data-makeresponsive=\"true\" data-startingposition=\"50%\">\n\t\t<img class=\"jet-image-comparison__before-image a3-notlazy\" src=\"https:\/\/www.doktorjanuszek.pl\/wp-content\/uploads\/2018\/10\/po\u015bladki_3przed.jpg\"  alt=\"\" data-no-lazy=\"1\">\n\t\t<img class=\"jet-image-comparison__after-image a3-notlazy\" src=\"https:\/\/www.doktorjanuszek.pl\/wp-content\/uploads\/2018\/10\/po\u015bladki_3po.jpg\"  alt=\"\" data-no-lazy=\"1\">\n\t<\/div>\n<\/div>\n\n<div class=\"jet-image-comparison__item\">\n\t<div class=\"jet-image-comparison__container jet-juxtapose\" data-prev-icon=\"fa fa-angle-left\" data-next-icon=\"fa fa-angle-right\" data-makeresponsive=\"true\" data-startingposition=\"50%\">\n\t\t<img class=\"jet-image-comparison__before-image a3-notlazy\" src=\"https:\/\/www.doktorjanuszek.pl\/wp-content\/uploads\/2018\/10\/po\u015bladki_4przed.jpg\"  alt=\"\" data-no-lazy=\"1\">\n\t\t<img class=\"jet-image-comparison__after-image a3-notlazy\" src=\"https:\/\/www.doktorjanuszek.pl\/wp-content\/uploads\/2018\/10\/po\u015bladki_4po.jpg\"  alt=\"\" data-no-lazy=\"1\">\n\t<\/div>\n<\/div>\n\n<\/div>\n<\/div>\n<\/div>\t\t<\/div>\n\t\t\t\t<\/div>\n\t\t\t\t\t\t<\/div>\n\t\t\t<\/div>\n\t\t<\/div>\n\t\t\t\t\t\t<\/div>\n\t\t\t<\/div>\n\t\t<\/section>\n\t\t\t\t\t\t<\/div>\n\t\t\t<\/div>\n\t\t<\/div>","protected":false},"excerpt":{"rendered":"<p>Przeszczep t\u0142uszczu do po\u015bladk\u00f3w Czas trwania: do 3 godzin, wykonywany w znieczuleniu og\u00f3lnym. Zabieg jest polecany kobietom, kt\u00f3re pragn\u0105 poprawi\u0107 kszta\u0142t po\u015bladk\u00f3w, kt\u00f3re w wyniku dzia\u0142ania si\u0142 grawitacji i utraty spr\u0119\u017cysto\u015bci tkanek mi\u0119kkich zmieni\u0142y sw\u00f3j kszta\u0142t na p\u0142aski. Zabieg polega na pobraniu tkanki t\u0142uszczowej metod\u0105 liposukcji laserowej technik\u0105 \u201eLIPO-LIFE\u201d z r\u00f3\u017cnych okolic cia\u0142a np. brzucha &hellip;<\/p>","protected":false},"author":1,"featured_media":0,"parent":0,"menu_order":0,"comment_status":"closed","ping_status":"closed","template":"","meta":[],"_links":{"self":[{"href":"https:\/\/www.doktorjanuszek.pl\/en\/wp-json\/wp\/v2\/pages\/1131"}],"collection":[{"href":"https:\/\/www.doktorjanuszek.pl\/en\/wp-json\/wp\/v2\/pages"}],"about":[{"href":"https:\/\/www.doktorjanuszek.pl\/en\/wp-json\/wp\/v2\/types\/page"}],"author":[{"embeddable":true,"href":"https:\/\/www.doktorjanuszek.pl\/en\/wp-json\/wp\/v2\/users\/1"}],"replies":[{"embeddable":true,"href":"https:\/\/www.doktorjanuszek.pl\/en\/wp-json\/wp\/v2\/comments?post=1131"}],"version-history":[{"count":6,"href":"https:\/\/www.doktorjanuszek.pl\/en\/wp-json\/wp\/v2\/pages\/1131\/revisions"}],"predecessor-version":[{"id":2345,"href":"https:\/\/www.doktorjanuszek.pl\/en\/wp-json\/wp\/v2\/pages\/1131\/revisions\/2345"}],"wp:attachment":[{"href":"https:\/\/www.doktorjanuszek.pl\/en\/wp-json\/wp\/v2\/media?parent=1131"}],"curies":[{"name":"wp","href":"https:\/\/api.w.org\/{rel}","templated":true}]}}