{"id":1135,"date":"2018-09-18T20:27:55","date_gmt":"2018-09-18T18:27:55","guid":{"rendered":"http:\/\/www.doktorjanuszek.pl\/?page_id=1135"},"modified":"2018-10-12T22:09:11","modified_gmt":"2018-10-12T20:09:11","slug":"usuwanie-zmian-skornych","status":"publish","type":"page","link":"https:\/\/www.doktorjanuszek.pl\/en\/usuwanie-zmian-skornych\/","title":{"rendered":"Usuwanie zmian sk\u00f3rnych"},"content":{"rendered":"<div data-elementor-type=\"wp-post\" data-elementor-id=\"1135\" class=\"elementor elementor-1135 elementor-bc-flex-widget\" data-elementor-settings=\"[]\">\n\t\t\t<div class=\"elementor-inner\">\n\t\t\t\t<div class=\"elementor-section-wrap\">\n\t\t\t\t\t\t\t<section class=\"elementor-element elementor-element-72663ddb elementor-section-boxed elementor-section-height-default elementor-section-height-default elementor-section elementor-top-section\" data-id=\"72663ddb\" data-element_type=\"section\">\n\t\t\t\t\t\t<div class=\"elementor-container elementor-column-gap-default\">\n\t\t\t\t<div class=\"elementor-row\">\n\t\t\t\t<div class=\"elementor-element elementor-element-58c7747f elementor-column elementor-col-100 elementor-top-column\" data-id=\"58c7747f\" data-element_type=\"column\">\n\t\t\t<div class=\"elementor-column-wrap  elementor-element-populated\">\n\t\t\t\t\t<div class=\"elementor-widget-wrap\">\n\t\t\t\t<div class=\"elementor-element elementor-element-185cc353 elementor-widget elementor-widget-heading\" data-id=\"185cc353\" data-element_type=\"widget\" data-widget_type=\"heading.default\">\n\t\t\t\t<div class=\"elementor-widget-container\">\n\t\t\t<h2 class=\"elementor-heading-title elementor-size-default\">Usuwanie zmian sk\u00f3rnych<\/br> \n\nWyci\u0119cie chirurgiczne<\/h2>\t\t<\/div>\n\t\t\t\t<\/div>\n\t\t\t\t<div class=\"elementor-element elementor-element-b08a762 elementor-widget elementor-widget-divider\" data-id=\"b08a762\" data-element_type=\"widget\" data-widget_type=\"divider.default\">\n\t\t\t\t<div class=\"elementor-widget-container\">\n\t\t\t\t\t<div class=\"elementor-divider\">\n\t\t\t<span class=\"elementor-divider-separator\">\n\t\t\t\t\t\t<\/span>\n\t\t<\/div>\n\t\t\t\t<\/div>\n\t\t\t\t<\/div>\n\t\t\t\t\t\t<\/div>\n\t\t\t<\/div>\n\t\t<\/div>\n\t\t\t\t\t\t<\/div>\n\t\t\t<\/div>\n\t\t<\/section>\n\t\t\t\t<section class=\"elementor-element elementor-element-69786f0b elementor-section-boxed elementor-section-height-default elementor-section-height-default elementor-section elementor-top-section\" data-id=\"69786f0b\" data-element_type=\"section\">\n\t\t\t\t\t\t<div class=\"elementor-container elementor-column-gap-default\">\n\t\t\t\t<div class=\"elementor-row\">\n\t\t\t\t<div class=\"elementor-element elementor-element-1fd15fda elementor-column elementor-col-100 elementor-top-column\" data-id=\"1fd15fda\" data-element_type=\"column\">\n\t\t\t<div class=\"elementor-column-wrap  elementor-element-populated\">\n\t\t\t\t\t<div class=\"elementor-widget-wrap\">\n\t\t\t\t<div class=\"elementor-element elementor-element-519d85a2 elementor-widget elementor-widget-text-editor\" data-id=\"519d85a2\" data-element_type=\"widget\" data-widget_type=\"text-editor.default\">\n\t\t\t\t<div class=\"elementor-widget-container\">\n\t\t\t\t\t<div class=\"elementor-text-editor elementor-clearfix\"><p>Wskazania do zabiegu:<br \/>&#8211; kaszaki<br \/>&#8211; w\u0142\u00f3kniaki<br \/>&#8211; t\u0142uszczaki<br \/>&#8211; k\u0119pki \u017c\u00f3\u0142te (\u017c\u00f3\u0142taki)<br \/>&#8211; brodawki \u0142ojotokowe<br \/>&#8211; znamiona barwnikowe (tzw. &#8222;pieprzyki&#8221;)<br \/>&#8211; zmiany przednowotworowe i nowotworowe sk\u00f3ry<\/p><p>Ka\u017cda naro\u015bl sk\u00f3rna przed usuni\u0119ciem badana jest makroskopowo (wzrokowo) oraz palpacyjnie. Niekt\u00f3re zmiany sk\u00f3rne po tradycyjnym wyci\u0119ciu chirurgicznym trzeba zbada\u0107 histopatologicznie. Pozwala to na ocen\u0119 radykalno\u015bci wyci\u0119cia.<\/p><p>Wi\u0119kszo\u015b\u0107 zabieg\u00f3w wykonywana jest w znieczuleniu miejscowym. Po wyci\u0119ciu chirurgicznym z regu\u0142y zak\u0142ada si\u0119 szwy technik\u0105 chirurgii plastycznej i opatrunek, kt\u00f3ry jest zdejmowany mi\u0119dzy 5 a 14 dniem po zabiegu.<\/p><\/div>\n\t\t\t\t<\/div>\n\t\t\t\t<\/div>\n\t\t\t\t\t\t<\/div>\n\t\t\t<\/div>\n\t\t<\/div>\n\t\t\t\t\t\t<\/div>\n\t\t\t<\/div>\n\t\t<\/section>\n\t\t\t\t<section class=\"elementor-element elementor-element-6d5c290b elementor-section-boxed elementor-section-height-default elementor-section-height-default elementor-section elementor-top-section\" data-id=\"6d5c290b\" data-element_type=\"section\">\n\t\t\t\t\t\t<div class=\"elementor-container elementor-column-gap-default\">\n\t\t\t\t<div class=\"elementor-row\">\n\t\t\t\t<div class=\"elementor-element elementor-element-532f0c2d elementor-column elementor-col-100 elementor-top-column\" data-id=\"532f0c2d\" data-element_type=\"column\">\n\t\t\t<div class=\"elementor-column-wrap  elementor-element-populated\">\n\t\t\t\t\t<div class=\"elementor-widget-wrap\">\n\t\t\t\t<div class=\"elementor-element elementor-element-305b99e5 elementor-widget elementor-widget-divider\" data-id=\"305b99e5\" data-element_type=\"widget\" data-widget_type=\"divider.default\">\n\t\t\t\t<div class=\"elementor-widget-container\">\n\t\t\t\t\t<div class=\"elementor-divider\">\n\t\t\t<span class=\"elementor-divider-separator\">\n\t\t\t\t\t\t<\/span>\n\t\t<\/div>\n\t\t\t\t<\/div>\n\t\t\t\t<\/div>\n\t\t\t\t<div class=\"elementor-element elementor-element-498964c2 elementor-widget elementor-widget-heading\" data-id=\"498964c2\" data-element_type=\"widget\" data-widget_type=\"heading.default\">\n\t\t\t\t<div class=\"elementor-widget-container\">\n\t\t\t<h3 class=\"elementor-heading-title elementor-size-default\">Rekonwalescencja:<\/h3>\t\t<\/div>\n\t\t\t\t<\/div>\n\t\t\t\t<div class=\"elementor-element elementor-element-2e1be6fe elementor-widget elementor-widget-text-editor\" data-id=\"2e1be6fe\" data-element_type=\"widget\" data-widget_type=\"text-editor.default\">\n\t\t\t\t<div class=\"elementor-widget-container\">\n\t\t\t\t\t<div class=\"elementor-text-editor elementor-clearfix\"><p>Przez kilka dni po zabiegu nale\u017cy unika\u0107 naci\u0105gania sk\u00f3ry w operowanym miejscu, gwa\u0142townych ruch\u00f3w i moczenia opatrunku. Szwy usuwane s\u0105 mi\u0119dzy 4 a 14 dob\u0105 po zabiegu (w zale\u017cno\u015bci od lokalizacji zmiany).<br \/>Blizna jest r\u00f3\u017cowa przez pewien czas &#8211; najcz\u0119\u015bciej kilka miesi\u0119cy, po czym staje si\u0119 mi\u0119kka i ulega rozja\u015bnieniu i jak ka\u017cda blizna przez okres 6 miesi\u0119cy nie nale\u017cy jej opala\u0107. Nie jest mo\u017cliwe usuni\u0119cie chirurgiczne zmian sk\u00f3rnych bez pozostawienia blizn.<\/p><\/div>\n\t\t\t\t<\/div>\n\t\t\t\t<\/div>\n\t\t\t\t<div class=\"elementor-element elementor-element-70bd6ee8 elementor-widget elementor-widget-divider\" data-id=\"70bd6ee8\" data-element_type=\"widget\" data-widget_type=\"divider.default\">\n\t\t\t\t<div class=\"elementor-widget-container\">\n\t\t\t\t\t<div class=\"elementor-divider\">\n\t\t\t<span class=\"elementor-divider-separator\">\n\t\t\t\t\t\t<\/span>\n\t\t<\/div>\n\t\t\t\t<\/div>\n\t\t\t\t<\/div>\n\t\t\t\t<div class=\"elementor-element elementor-element-672d3037 elementor-widget elementor-widget-heading\" data-id=\"672d3037\" data-element_type=\"widget\" data-widget_type=\"heading.default\">\n\t\t\t\t<div class=\"elementor-widget-container\">\n\t\t\t<h3 class=\"elementor-heading-title elementor-size-default\">Mo\u017cliwe powik\u0142ania<\/h3>\t\t<\/div>\n\t\t\t\t<\/div>\n\t\t\t\t<div class=\"elementor-element elementor-element-43ad138f elementor-icon-list--layout-traditional elementor-widget elementor-widget-icon-list\" data-id=\"43ad138f\" data-element_type=\"widget\" data-widget_type=\"icon-list.default\">\n\t\t\t\t<div class=\"elementor-widget-container\">\n\t\t\t\t\t<ul class=\"elementor-icon-list-items\">\n\t\t\t\t\t\t\t<li class=\"elementor-icon-list-item\" >\n\t\t\t\t\t\t\t\t\t\t\t<span class=\"elementor-icon-list-icon\">\n\t\t\t\t\t\t\t\t\t\t\t\t\t\t\t\t<i class=\"fa fa-circle-o\" aria-hidden=\"true\"><\/i>\n\t\t\t\t\t\t\t\t\t\t\t\t\t<\/span>\n\t\t\t\t\t\t\t\t\t\t<span class=\"elementor-icon-list-text\">Krwiak<\/span>\n\t\t\t\t\t\t\t\t\t<\/li>\n\t\t\t\t\t\t\t\t<li class=\"elementor-icon-list-item\" >\n\t\t\t\t\t\t\t\t\t\t\t<span class=\"elementor-icon-list-icon\">\n\t\t\t\t\t\t\t\t\t\t\t\t\t\t\t\t<i class=\"fa fa-circle-o\" aria-hidden=\"true\"><\/i>\n\t\t\t\t\t\t\t\t\t\t\t\t\t<\/span>\n\t\t\t\t\t\t\t\t\t\t<span class=\"elementor-icon-list-text\">Zaka\u017cenie rany<\/span>\n\t\t\t\t\t\t\t\t\t<\/li>\n\t\t\t\t\t\t\t\t<li class=\"elementor-icon-list-item\" >\n\t\t\t\t\t\t\t\t\t\t\t<span class=\"elementor-icon-list-icon\">\n\t\t\t\t\t\t\t\t\t\t\t\t\t\t\t\t<i class=\"fa fa-circle-o\" aria-hidden=\"true\"><\/i>\n\t\t\t\t\t\t\t\t\t\t\t\t\t<\/span>\n\t\t\t\t\t\t\t\t\t\t<span class=\"elementor-icon-list-text\">Wznowa - odrost zmiany nie wyci\u0119tej radykalnie<\/span>\n\t\t\t\t\t\t\t\t\t<\/li>\n\t\t\t\t\t\t\t\t<li class=\"elementor-icon-list-item\" >\n\t\t\t\t\t\t\t\t\t\t\t<span class=\"elementor-icon-list-icon\">\n\t\t\t\t\t\t\t\t\t\t\t\t\t\t\t\t<i class=\"fa fa-circle-o\" aria-hidden=\"true\"><\/i>\n\t\t\t\t\t\t\t\t\t\t\t\t\t<\/span>\n\t\t\t\t\t\t\t\t\t\t<span class=\"elementor-icon-list-text\">Bliznowiec<\/span>\n\t\t\t\t\t\t\t\t\t<\/li>\n\t\t\t\t\t\t\t\t<li class=\"elementor-icon-list-item\" >\n\t\t\t\t\t\t\t\t\t\t\t<span class=\"elementor-icon-list-icon\">\n\t\t\t\t\t\t\t\t\t\t\t\t\t\t\t\t<i class=\"fa fa-circle-o\" aria-hidden=\"true\"><\/i>\n\t\t\t\t\t\t\t\t\t\t\t\t\t<\/span>\n\t\t\t\t\t\t\t\t\t\t<span class=\"elementor-icon-list-text\">Blizna przerostowa<\/span>\n\t\t\t\t\t\t\t\t\t<\/li>\n\t\t\t\t\t\t<\/ul>\n\t\t\t\t<\/div>\n\t\t\t\t<\/div>\n\t\t\t\t\t\t<\/div>\n\t\t\t<\/div>\n\t\t<\/div>\n\t\t\t\t\t\t<\/div>\n\t\t\t<\/div>\n\t\t<\/section>\n\t\t\t\t\t\t<\/div>\n\t\t\t<\/div>\n\t\t<\/div>","protected":false},"excerpt":{"rendered":"<p>Usuwanie zmian sk\u00f3rnych Wyci\u0119cie chirurgiczne Wskazania do zabiegu:&#8211; kaszaki&#8211; w\u0142\u00f3kniaki&#8211; t\u0142uszczaki&#8211; k\u0119pki \u017c\u00f3\u0142te (\u017c\u00f3\u0142taki)&#8211; brodawki \u0142ojotokowe&#8211; znamiona barwnikowe (tzw. &#8222;pieprzyki&#8221;)&#8211; zmiany przednowotworowe i nowotworowe sk\u00f3ry Ka\u017cda naro\u015bl sk\u00f3rna przed usuni\u0119ciem badana jest makroskopowo (wzrokowo) oraz palpacyjnie. Niekt\u00f3re zmiany sk\u00f3rne po tradycyjnym wyci\u0119ciu chirurgicznym trzeba zbada\u0107 histopatologicznie. Pozwala to na ocen\u0119 radykalno\u015bci wyci\u0119cia. Wi\u0119kszo\u015b\u0107 zabieg\u00f3w wykonywana &hellip;<\/p>","protected":false},"author":1,"featured_media":0,"parent":0,"menu_order":0,"comment_status":"closed","ping_status":"closed","template":"","meta":[],"_links":{"self":[{"href":"https:\/\/www.doktorjanuszek.pl\/en\/wp-json\/wp\/v2\/pages\/1135"}],"collection":[{"href":"https:\/\/www.doktorjanuszek.pl\/en\/wp-json\/wp\/v2\/pages"}],"about":[{"href":"https:\/\/www.doktorjanuszek.pl\/en\/wp-json\/wp\/v2\/types\/page"}],"author":[{"embeddable":true,"href":"https:\/\/www.doktorjanuszek.pl\/en\/wp-json\/wp\/v2\/users\/1"}],"replies":[{"embeddable":true,"href":"https:\/\/www.doktorjanuszek.pl\/en\/wp-json\/wp\/v2\/comments?post=1135"}],"version-history":[{"count":4,"href":"https:\/\/www.doktorjanuszek.pl\/en\/wp-json\/wp\/v2\/pages\/1135\/revisions"}],"predecessor-version":[{"id":2005,"href":"https:\/\/www.doktorjanuszek.pl\/en\/wp-json\/wp\/v2\/pages\/1135\/revisions\/2005"}],"wp:attachment":[{"href":"https:\/\/www.doktorjanuszek.pl\/en\/wp-json\/wp\/v2\/media?parent=1135"}],"curies":[{"name":"wp","href":"https:\/\/api.w.org\/{rel}","templated":true}]}}