{"id":1346,"date":"2018-09-23T18:22:44","date_gmt":"2018-09-23T16:22:44","guid":{"rendered":"http:\/\/www.doktorjanuszek.pl\/?page_id=1346"},"modified":"2018-10-09T19:36:42","modified_gmt":"2018-10-09T17:36:42","slug":"terapia-fotodynamicza-pdt","status":"publish","type":"page","link":"https:\/\/www.doktorjanuszek.pl\/en\/terapia-fotodynamicza-pdt\/","title":{"rendered":"Terapia Fotodynamicza (PDT)"},"content":{"rendered":"<div data-elementor-type=\"wp-post\" data-elementor-id=\"1346\" class=\"elementor elementor-1346 elementor-bc-flex-widget\" data-elementor-settings=\"[]\">\n\t\t\t<div class=\"elementor-inner\">\n\t\t\t\t<div class=\"elementor-section-wrap\">\n\t\t\t\t\t\t\t<section class=\"elementor-element elementor-element-4727d614 elementor-section-boxed elementor-section-height-default elementor-section-height-default elementor-section elementor-top-section\" data-id=\"4727d614\" data-element_type=\"section\">\n\t\t\t\t\t\t<div class=\"elementor-container elementor-column-gap-default\">\n\t\t\t\t<div class=\"elementor-row\">\n\t\t\t\t<div class=\"elementor-element elementor-element-421ed4d1 elementor-column elementor-col-100 elementor-top-column\" data-id=\"421ed4d1\" data-element_type=\"column\">\n\t\t\t<div class=\"elementor-column-wrap  elementor-element-populated\">\n\t\t\t\t\t<div class=\"elementor-widget-wrap\">\n\t\t\t\t<div class=\"elementor-element elementor-element-4101ba38 elementor-widget elementor-widget-heading\" data-id=\"4101ba38\" data-element_type=\"widget\" data-widget_type=\"heading.default\">\n\t\t\t\t<div class=\"elementor-widget-container\">\n\t\t\t<h2 class=\"elementor-heading-title elementor-size-default\">Terapia Fotodynamicza (PDT)<\/h2>\t\t<\/div>\n\t\t\t\t<\/div>\n\t\t\t\t<div class=\"elementor-element elementor-element-379499eb elementor-widget elementor-widget-divider\" data-id=\"379499eb\" data-element_type=\"widget\" data-widget_type=\"divider.default\">\n\t\t\t\t<div class=\"elementor-widget-container\">\n\t\t\t\t\t<div class=\"elementor-divider\">\n\t\t\t<span class=\"elementor-divider-separator\">\n\t\t\t\t\t\t<\/span>\n\t\t<\/div>\n\t\t\t\t<\/div>\n\t\t\t\t<\/div>\n\t\t\t\t\t\t<\/div>\n\t\t\t<\/div>\n\t\t<\/div>\n\t\t\t\t\t\t<\/div>\n\t\t\t<\/div>\n\t\t<\/section>\n\t\t\t\t<section class=\"elementor-element elementor-element-2c5507 elementor-section-boxed elementor-section-height-default elementor-section-height-default elementor-section elementor-top-section\" data-id=\"2c5507\" data-element_type=\"section\">\n\t\t\t\t\t\t<div class=\"elementor-container elementor-column-gap-default\">\n\t\t\t\t<div class=\"elementor-row\">\n\t\t\t\t<div class=\"elementor-element elementor-element-6dccff02 elementor-column elementor-col-100 elementor-top-column\" data-id=\"6dccff02\" data-element_type=\"column\">\n\t\t\t<div class=\"elementor-column-wrap  elementor-element-populated\">\n\t\t\t\t\t<div class=\"elementor-widget-wrap\">\n\t\t\t\t<div class=\"elementor-element elementor-element-286d9f8e elementor-widget elementor-widget-text-editor\" data-id=\"286d9f8e\" data-element_type=\"widget\" data-widget_type=\"text-editor.default\">\n\t\t\t\t<div class=\"elementor-widget-container\">\n\t\t\t\t\t<div class=\"elementor-text-editor elementor-clearfix\"><p>Pozwala na nieoperacyjne leczenie niekt\u00f3rych zmian nowotworowych sk\u00f3ry.<\/p><p>Jest to metoda miejscowego, nieoperacyjnego leczenia raka sk\u00f3ry oraz stan\u00f3w przedrakowych za pomoc\u0105 specjalnych \u015brodk\u00f3w fotouczulaj\u0105cych i \u015bwiat\u0142a o okre\u015blonej d\u0142ugo\u015bci fali. Metoda pozwala \u201eniszczy\u0107\u201d nowotw\u00f3r w spos\u00f3b wysoce selektywny, bez uszkadzania zdrowych, otaczaj\u0105cych kom\u00f3rek i tkanek. Pozwala to na uzyskanie bardzo dobrych efekt\u00f3w estetycznych.<\/p><p>Terapia mo\u017ce stanowi\u0107 alternatyw\u0119 do klasycznych zabieg\u00f3w chirurgicznych. Dotyczy to zw\u0142aszcza rak\u00f3w sk\u00f3ry w tzw. trudnych lokalizacjach np. na powiekach, w okolicach oka, k\u0105ta nosa, skrzyde\u0142ka nosa czy na policzkach. Dzi\u0119ki zastosowaniu PDT pacjent mo\u017ce unikn\u0105\u0107 trudnych, cz\u0119sto wieloetapowych operacji, nierzadko o okaleczaj\u0105cym charakterze.<\/p><p>Wskazania:<br \/>\u2022 rak podstawno kom\u00f3rkowy (BCC: Basal Cell Carcinoma)<br \/>\u2022 rogowacenie s\u0142oneczne (AK: Actinic Keratosis)<\/p><p>Skuteczno\u015b\u0107 terapii fotodynamicznej wynosi ok. 80-90% w zale\u017cno\u015bci od postaci nowotworu.<\/p><p>Mechanizm dzia\u0142ania \u015brodk\u00f3w fotouczulaj\u0105cych:<br \/>Zmian\u0119 nowotworow\u0105 pokrywamy \u015brodkiem fotouczulaj\u0105cym, kt\u00f3ry penetruje obszar nowotworu i jest wch\u0142aniany przez kom\u00f3rki nowotworowe. Aktywny \u015brodek akumuluje si\u0119 w kom\u00f3rkach nowotworowych w st\u0119\u017ceniach znacznie wi\u0119kszych ni\u017c w otaczaj\u0105cych je zdrowych tkankach. Po na\u015bwietleniu kom\u00f3rek nowotworowych czerwonym \u015bwiat\u0142em halogenowym (d\u0142ugo\u015b\u0107 fali oko\u0142o 630 nm), nast\u0119puje reakcja fotochemiczna, w rezultacie kt\u00f3rej wybi\u00f3rczo gin\u0105 tylko kom\u00f3rki nowotworowe, a zdrowe kom\u00f3rki pozostaj\u0105 nienaruszone.<\/p><p>Przebieg leczenia:<br \/>Zabieg terapii fotodynamicznej nie wymaga od pacjenta \u017cadnego przygotowania i jest prawie bezbolesny. Poszczeg\u00f3lne etapy zabiegu PDT wygl\u0105daj\u0105 nast\u0119puj\u0105co:<\/p><p>\u2022 Przygotowanie zmiany &#8211; mechaniczne usuni\u0119cie najbardziej powierzchownej warstwy sk\u00f3ry;<\/p><p>\u2022 Aplikacja leku &#8211; na miejsce pokryte lekiem nak\u0142adany jest opatrunek okluzyjny na oko\u0142o 3 godziny. W tym czasie w kom\u00f3rkach dochodzi do akumulacji zwi\u0105zku wra\u017cliwego na \u015bwiat\u0142o w kom\u00f3rkach nowotworowych, w st\u0119\u017ceniach znacznie wy\u017cszych ni\u017c w zdrowych tkankach;<\/p><p>\u2022 Na\u015bwietlanie przez oko\u0142o 8-10 min. Powoduje to reakcj\u0119 cytotoksyczn\u0105 prowadz\u0105c\u0105 do \u015bmierci kom\u00f3rek nowotworowych.<\/p><p>Po zabiegu powstaje powierzchowna rana tylko w obszarze nowotworu. Rana goi si\u0119 w zale\u017cno\u015bci od powierzchni od 7 do 14 dni.<\/p><p>Najcz\u0119\u015bciej zabieg nale\u017cy przeprowadzi\u0107 dwukrotnie w odst\u0119pie 1 tygodnia<\/p><\/div>\n\t\t\t\t<\/div>\n\t\t\t\t<\/div>\n\t\t\t\t\t\t<\/div>\n\t\t\t<\/div>\n\t\t<\/div>\n\t\t\t\t\t\t<\/div>\n\t\t\t<\/div>\n\t\t<\/section>\n\t\t\t\t\t\t<\/div>\n\t\t\t<\/div>\n\t\t<\/div>","protected":false},"excerpt":{"rendered":"<p>Terapia Fotodynamicza (PDT) Pozwala na nieoperacyjne leczenie niekt\u00f3rych zmian nowotworowych sk\u00f3ry. Jest to metoda miejscowego, nieoperacyjnego leczenia raka sk\u00f3ry oraz stan\u00f3w przedrakowych za pomoc\u0105 specjalnych \u015brodk\u00f3w fotouczulaj\u0105cych i \u015bwiat\u0142a o okre\u015blonej d\u0142ugo\u015bci fali. Metoda pozwala \u201eniszczy\u0107\u201d nowotw\u00f3r w spos\u00f3b wysoce selektywny, bez uszkadzania zdrowych, otaczaj\u0105cych kom\u00f3rek i tkanek. Pozwala to na uzyskanie bardzo dobrych efekt\u00f3w &hellip;<\/p>","protected":false},"author":1,"featured_media":0,"parent":0,"menu_order":0,"comment_status":"closed","ping_status":"closed","template":"","meta":[],"_links":{"self":[{"href":"https:\/\/www.doktorjanuszek.pl\/en\/wp-json\/wp\/v2\/pages\/1346"}],"collection":[{"href":"https:\/\/www.doktorjanuszek.pl\/en\/wp-json\/wp\/v2\/pages"}],"about":[{"href":"https:\/\/www.doktorjanuszek.pl\/en\/wp-json\/wp\/v2\/types\/page"}],"author":[{"embeddable":true,"href":"https:\/\/www.doktorjanuszek.pl\/en\/wp-json\/wp\/v2\/users\/1"}],"replies":[{"embeddable":true,"href":"https:\/\/www.doktorjanuszek.pl\/en\/wp-json\/wp\/v2\/comments?post=1346"}],"version-history":[{"count":3,"href":"https:\/\/www.doktorjanuszek.pl\/en\/wp-json\/wp\/v2\/pages\/1346\/revisions"}],"predecessor-version":[{"id":1758,"href":"https:\/\/www.doktorjanuszek.pl\/en\/wp-json\/wp\/v2\/pages\/1346\/revisions\/1758"}],"wp:attachment":[{"href":"https:\/\/www.doktorjanuszek.pl\/en\/wp-json\/wp\/v2\/media?parent=1346"}],"curies":[{"name":"wp","href":"https:\/\/api.w.org\/{rel}","templated":true}]}}